{"id":350236,"date":"2024-07-10T07:17:13","date_gmt":"2024-07-10T06:18:01","guid":{"rendered":"https:\/\/www.moskito.cz\/produkt\/zatvaraci-noz-muela-navalia-10m-b\/"},"modified":"2025-05-07T11:20:08","modified_gmt":"2025-05-07T10:20:08","slug":"zatvaraci-noz-muela-navalia-10m-b","status":"publish","type":"product","link":"https:\/\/www.moskito.cz\/sk\/produkt\/zatvaraci-noz-muela-navalia-10m-b\/","title":{"rendered":"Zatv\u00e1rac\u00ed N\u00f4\u017e Muela NAVALIA-10M.B"},"content":{"rendered":"<p>Zatv\u00e1rac\u00ed N\u00f4\u017e <strong>Muela<\/strong> NAVALIA-10M.B<\/p>\n<p>Vreckov\u00fd n\u00f4\u017e Navalia-10M.B Muela zatv\u00e1rac\u00ed n\u00f4\u017e je v\u00fdnimo\u010dn\u00fd \u0161panielsky vreckov\u00fd n\u00f4\u017e s rukov\u00e4\u0165ou Micarta.<\/p>\n<p>Tento vreckov\u00fd n\u00f4\u017e je vysoko univerz\u00e1lny, pon\u00faka prenosnos\u0165 a r\u00fdchle otvorenie \u010depele, v\u010faka \u010domu je ide\u00e1lny pre \u0161irok\u00fa \u0161k\u00e1lu aplik\u00e1ci\u00ed, vr\u00e1tane situ\u00e1ci\u00ed pre\u017eitia.<\/p>\n<p>Jeho skladacia funkcia umo\u017e\u0148uje pohodln\u00fa a bezpe\u010dn\u00fa prepravu a zais\u0165uje ochranu \u010depele.<\/p>\n<p>Rukov\u00e4\u0165 zatv\u00e1racieho no\u017ea Muela Navalia-10M.B je vyroben\u00e1 z Micarty, materi\u00e1lu zlo\u017een\u00e9ho z tkan\u00edn impregnovan\u00fdch \u017eivicou, vystaven\u00fdch vysok\u00fdm tlakom a teplot\u00e1m, v\u00fdsledkom \u010doho je tvrd\u00fd, hust\u00fd a odoln\u00fd materi\u00e1l pre extr\u00e9mne pou\u017eitie.<\/p>\n<p>\u010cepe\u013e je vyroben\u00e1 z X50CrMoV15 \u201eMOVA\u201c (1.4116), klasick\u00e9ho materi\u00e1lu u no\u017eov Muela a vreckov\u00fdch no\u017eov, zn\u00e1meho pre svoju vynikaj\u00facu kombin\u00e1ciu molybd\u00e9nu a van\u00e1du, poskytuj\u00facu pozoruhodn\u00fa tvrdos\u0165 a odolnos\u0165 proti kor\u00f3zii.<\/p>\n<p>Muela m\u00e1 trad\u00edciu v\u00fdroby exkluz\u00edvnych no\u017eov, vreckov\u00fdch no\u017eov a \u017eiletiek v \u0160panielsku od roku 1950 a je celosvetovou referenciou v oblasti pr\u00edborov.<\/p>\n<p>V\u010faka \u0161peci\u00e1lne vybran\u00fdm materi\u00e1lom, ako je martenzitick\u00e1 oce\u013e v \u010depeliach a pri niektor\u00fdch modeloch dokonca jelenie paroh, s\u00fa jeho kusy starostlivo vyrez\u00e1van\u00e9 a upravovan\u00e9 a kombinuj\u00fa modern\u00e9 technol\u00f3gie s remeseln\u00fdmi postupmi.<\/p>\n<p>Ka\u017ed\u00fd v\u00fdrobok je odovzdan\u00fd sk\u00fasen\u00fdm no\u017eiarom, ktor\u00ed vykon\u00e1vaj\u00fa remeseln\u00fa kone\u010dn\u00fa \u00fapravu, vr\u00e1tane ostrenia, le\u0161tenia a pr\u00edsnej kontroly kvality.<\/p>\n<p>&nbsp;<\/p>\n<p>Technick\u00fd popis<\/p>\n<p>K\u00f3d: NAVALIA-10M.B<\/p>\n<p>Celkov\u00e1 d\u013a\u017eka: 21 cm<\/p>\n<p>Model: Navalia Pocket Knife-10M.B<\/p>\n<p>Materi\u00e1l rukov\u00e4te: Micarta<\/p>\n<p>Materi\u00e1l \u010depele: 1.4116<\/p>\n<p>D\u013a\u017eka \u010depele: 10 cm<\/p>\n<p>Tvrdos\u0165 ocele: 56 \u2013 58 HRC<\/p>\n<p>Hmotnos\u0165: 125g<\/p>\n<p>&nbsp;<\/p>\n","protected":false},"excerpt":{"rendered":"<p><strong>Vreckov\u00fd n\u00f4\u017e Navalia-10M.B Muela zatv\u00e1rac\u00ed n\u00f4\u017e je v\u00fdnimo\u010dn\u00fd \u0161panielsky vreckov\u00fd n\u00f4\u017e s rukov\u00e4\u0165ou Micarta.<\/strong><\/p>\n","protected":false},"featured_media":350212,"comment_status":"open","ping_status":"closed","template":"","meta":[],"pwb-brand":[3910],"product_brand":[],"product_cat":[3186,3233],"product_tag":[3668],"class_list":{"0":"post-350236","1":"product","2":"type-product","3":"status-publish","4":"has-post-thumbnail","6":"pwb-brand-muela-sk","7":"product_cat-noze-sk","8":"product_cat-zatvaracie-noze","9":"product_tag-b2b-sk","11":"first","12":"outofstock","13":"taxable","14":"shipping-taxable","15":"purchasable","16":"product-type-simple"},"brands":[{"id":3910,"name":"Muela","slug":"muela-sk"}],"_links":{"self":[{"href":"https:\/\/www.moskito.cz\/sk\/wp-json\/wp\/v2\/product\/350236","targetHints":{"allow":["GET"]}}],"collection":[{"href":"https:\/\/www.moskito.cz\/sk\/wp-json\/wp\/v2\/product"}],"about":[{"href":"https:\/\/www.moskito.cz\/sk\/wp-json\/wp\/v2\/types\/product"}],"replies":[{"embeddable":true,"href":"https:\/\/www.moskito.cz\/sk\/wp-json\/wp\/v2\/comments?post=350236"}],"wp:featuredmedia":[{"embeddable":true,"href":"https:\/\/www.moskito.cz\/sk\/wp-json\/wp\/v2\/media\/350212"}],"wp:attachment":[{"href":"https:\/\/www.moskito.cz\/sk\/wp-json\/wp\/v2\/media?parent=350236"}],"wp:term":[{"taxonomy":"pwb-brand","embeddable":true,"href":"https:\/\/www.moskito.cz\/sk\/wp-json\/wp\/v2\/pwb-brand?post=350236"},{"taxonomy":"product_brand","embeddable":true,"href":"https:\/\/www.moskito.cz\/sk\/wp-json\/wp\/v2\/product_brand?post=350236"},{"taxonomy":"product_cat","embeddable":true,"href":"https:\/\/www.moskito.cz\/sk\/wp-json\/wp\/v2\/product_cat?post=350236"},{"taxonomy":"product_tag","embeddable":true,"href":"https:\/\/www.moskito.cz\/sk\/wp-json\/wp\/v2\/product_tag?post=350236"}],"curies":[{"name":"wp","href":"https:\/\/api.w.org\/{rel}","templated":true}]}}