{"id":350276,"date":"2024-07-10T07:50:11","date_gmt":"2024-07-10T06:50:53","guid":{"rendered":"https:\/\/www.moskito.cz\/produkt\/zatvaraci-noz-muela-p-8nl\/"},"modified":"2025-05-07T11:20:09","modified_gmt":"2025-05-07T10:20:09","slug":"zatvaraci-noz-muela-p-8nl","status":"publish","type":"product","link":"https:\/\/www.moskito.cz\/sk\/produkt\/zatvaraci-noz-muela-p-8nl\/","title":{"rendered":"Zatv\u00e1rac\u00ed N\u00f4\u017e Muela P-8NL"},"content":{"rendered":"<p>Zatv\u00e1rac\u00ed N\u00f4\u017e <strong>Muela<\/strong> P-8NL.<\/p>\n<p>P-8NL Artisan Folding Knife &#8211; \u013eahk\u00fd, klasick\u00fd zatv\u00e1rac\u00ed n\u00f4\u017e od Muela. \u010cepe\u013e je vyroben\u00e1 z MoVa molybd\u00e9n-van\u00e1diovej ocele. Rukov\u00e4\u0165 z palisandra (ide\u00e1lne rie\u0161enie pre \u00fa\u017eitkov\u00fd n\u00f4\u017e) u\u013eah\u010duje udr\u017eiavanie no\u017ea v \u010distote. Perfektn\u00fd n\u00f4\u017e pre milovn\u00edkov klasick\u00e9ho designu, perfektn\u00fd ako ka\u017edodenn\u00fd EDC.<\/p>\n<p>\u010cepe\u013e &#8211; ve\u013emi ostr\u00e1 s upraven\u00fdm profilom Drop Point, hr\u00fabka 2,4 mm, kalen\u00e1 v rozmedz\u00ed 57-58 HRC. Vyroben\u00e9 z odolnej molybd\u00e9n-van\u00e1diovej nerezovej ocele X50CrMoV15. Povrchov\u00e1 \u00faprava Satin Finish (polomatn\u00e1), ktor\u00e1 eliminuje odlesky. Hladk\u00e1 \u010depe\u013e typu Plain m\u00e1 konk\u00e1vny v\u00fdbrus (Hollow Grind), ktor\u00fd v kombin\u00e1cii s nepatrnou hr\u00fabkou \u010depele zais\u0165uje nadpriemern\u00e9 rezn\u00e9 vlastnosti.<\/p>\n<p>Rukov\u00e4\u0165 &#8211; hned\u00e1, profilovan\u00fd obklad z tvrd\u00e9ho exotick\u00e9ho palisanderu (palisander amazonas)<\/p>\n<p>Technick\u00e9 d\u00e1ta:<br \/>\n\u010c\u00edslo produktu: P-8NL<br \/>\nTyp ocele: X50CrMoV15<br \/>\nD\u013a\u017eka \u010depele: 8.5 cm \/ 3,35<br \/>\nHr\u00fabka \u010depele: 0.24 cm \/ 0,15<br \/>\nCelkov\u00e1 d\u013a\u017eka: 18.6 cm \/ 7,32<br \/>\nHmotnos\u0165: 73 g \/ 2,53 oz<br \/>\n\u010cepe\u013e: Oby\u010dajn\u00e1<br \/>\nTyp \u010depele: Drop Point<br \/>\nTyp rezu: Konk\u00e1vne<br \/>\nMateri\u00e1l rukov\u00e4te: Rosewood (amazonas rosewood)<br \/>\nV\u00fdrobca: Muela, \u0160panielsko<\/p>\n<p>&nbsp;<\/p>\n","protected":false},"excerpt":{"rendered":"<p><strong>Vreckov\u00fd zatv\u00e1rac\u00ed n\u00f4\u017e Muela P-8NL Elegantn\u00fd vreckov\u00fd zatv\u00e1rac\u00ed n\u00f4\u017e Muela P 8 NL so r\u00fa\u010dkami z palisandrov\u00e9ho dreva.<\/strong><\/p>\n","protected":false},"featured_media":350245,"comment_status":"open","ping_status":"closed","template":"","meta":[],"pwb-brand":[3910],"product_brand":[],"product_cat":[3186,3233],"product_tag":[3668],"class_list":{"0":"post-350276","1":"product","2":"type-product","3":"status-publish","4":"has-post-thumbnail","6":"pwb-brand-muela-sk","7":"product_cat-noze-sk","8":"product_cat-zatvaracie-noze","9":"product_tag-b2b-sk","11":"first","12":"instock","13":"taxable","14":"shipping-taxable","15":"purchasable","16":"product-type-simple"},"brands":[{"id":3910,"name":"Muela","slug":"muela-sk"}],"_links":{"self":[{"href":"https:\/\/www.moskito.cz\/sk\/wp-json\/wp\/v2\/product\/350276","targetHints":{"allow":["GET"]}}],"collection":[{"href":"https:\/\/www.moskito.cz\/sk\/wp-json\/wp\/v2\/product"}],"about":[{"href":"https:\/\/www.moskito.cz\/sk\/wp-json\/wp\/v2\/types\/product"}],"replies":[{"embeddable":true,"href":"https:\/\/www.moskito.cz\/sk\/wp-json\/wp\/v2\/comments?post=350276"}],"wp:featuredmedia":[{"embeddable":true,"href":"https:\/\/www.moskito.cz\/sk\/wp-json\/wp\/v2\/media\/350245"}],"wp:attachment":[{"href":"https:\/\/www.moskito.cz\/sk\/wp-json\/wp\/v2\/media?parent=350276"}],"wp:term":[{"taxonomy":"pwb-brand","embeddable":true,"href":"https:\/\/www.moskito.cz\/sk\/wp-json\/wp\/v2\/pwb-brand?post=350276"},{"taxonomy":"product_brand","embeddable":true,"href":"https:\/\/www.moskito.cz\/sk\/wp-json\/wp\/v2\/product_brand?post=350276"},{"taxonomy":"product_cat","embeddable":true,"href":"https:\/\/www.moskito.cz\/sk\/wp-json\/wp\/v2\/product_cat?post=350276"},{"taxonomy":"product_tag","embeddable":true,"href":"https:\/\/www.moskito.cz\/sk\/wp-json\/wp\/v2\/product_tag?post=350276"}],"curies":[{"name":"wp","href":"https:\/\/api.w.org\/{rel}","templated":true}]}}