{"id":350316,"date":"2024-07-10T08:07:15","date_gmt":"2024-07-10T07:08:14","guid":{"rendered":"https:\/\/www.moskito.cz\/produkt\/zatvaraci-noz-muela-p-8-ol\/"},"modified":"2025-05-07T11:20:11","modified_gmt":"2025-05-07T10:20:11","slug":"zatvaraci-noz-muela-p-8-ol","status":"publish","type":"product","link":"https:\/\/www.moskito.cz\/sk\/produkt\/zatvaraci-noz-muela-p-8-ol\/","title":{"rendered":"Zatv\u00e1rac\u00ed N\u00f4\u017e Muela P-8.OL"},"content":{"rendered":"<p>Zatv\u00e1rac\u00ed N\u00f4\u017e <strong>Muela<\/strong> P-8.OL<\/p>\n<p>Zatv\u00e1rac\u00ed vreckov\u00fd n\u00f4\u017e od \u0161panielskej firmy Muela, s jednoduch\u00fdm elegantn\u00fdm dizajnom. \u010cepe\u013e je vyroben\u00e1 z kvalitnej molibden van\u00e1diovej ocele o tvrdosti 57 &#8211; 61 HRC. Pr\u00edlo\u017eky s\u00fa kovov\u00e9 a na nich s\u00fa \u010drienky vyroben\u00e9 z olivov\u00e9ho dreva. \u010cepe\u013e je v otvorenom aj zatvorenom stave fixovan\u00e1 tlakom chrbtov\u00e9ho pera, n\u00f4\u017e nem\u00e1 \u017eiadnu in\u00fa poistku. Ve\u013emi pekne spracovan\u00fd n\u00f4\u017e na ka\u017edodenn\u00e9 nosenie.<\/p>\n<p>Tvar \u010depele: drop point<\/p>\n<p>Farba \u010depele: strieborn\u00e1 klasick\u00e1<\/p>\n<p>Rukov\u00e4\u0165: drevo<\/p>\n<p>Klip: nie<\/p>\n<p>D\u013a\u017eka \u010depele: 8 cm<\/p>\n<p>D\u013a\u017eka rukov\u00e4te: 10.5 cm<\/p>\n<p>Celkov\u00e1 d\u013a\u017eka: 18.5 cm<\/p>\n<p>V\u00e1ha no\u017ea (g): 70<\/p>\n<p>&nbsp;<\/p>\n","protected":false},"excerpt":{"rendered":"<p><strong>Zatv\u00e1rac\u00ed vreckov\u00fd n\u00f4\u017e od \u0161panielskej firmy Muela, s jednoduch\u00fdm elegantn\u00fdm dizajnom.<\/strong><\/p>\n","protected":false},"featured_media":350309,"comment_status":"open","ping_status":"closed","template":"","meta":[],"pwb-brand":[3910],"product_brand":[],"product_cat":[3186,3233],"product_tag":[3668],"class_list":{"0":"post-350316","1":"product","2":"type-product","3":"status-publish","4":"has-post-thumbnail","6":"pwb-brand-muela-sk","7":"product_cat-noze-sk","8":"product_cat-zatvaracie-noze","9":"product_tag-b2b-sk","11":"first","12":"instock","13":"taxable","14":"shipping-taxable","15":"purchasable","16":"product-type-simple"},"brands":[{"id":3910,"name":"Muela","slug":"muela-sk"}],"_links":{"self":[{"href":"https:\/\/www.moskito.cz\/sk\/wp-json\/wp\/v2\/product\/350316","targetHints":{"allow":["GET"]}}],"collection":[{"href":"https:\/\/www.moskito.cz\/sk\/wp-json\/wp\/v2\/product"}],"about":[{"href":"https:\/\/www.moskito.cz\/sk\/wp-json\/wp\/v2\/types\/product"}],"replies":[{"embeddable":true,"href":"https:\/\/www.moskito.cz\/sk\/wp-json\/wp\/v2\/comments?post=350316"}],"wp:featuredmedia":[{"embeddable":true,"href":"https:\/\/www.moskito.cz\/sk\/wp-json\/wp\/v2\/media\/350309"}],"wp:attachment":[{"href":"https:\/\/www.moskito.cz\/sk\/wp-json\/wp\/v2\/media?parent=350316"}],"wp:term":[{"taxonomy":"pwb-brand","embeddable":true,"href":"https:\/\/www.moskito.cz\/sk\/wp-json\/wp\/v2\/pwb-brand?post=350316"},{"taxonomy":"product_brand","embeddable":true,"href":"https:\/\/www.moskito.cz\/sk\/wp-json\/wp\/v2\/product_brand?post=350316"},{"taxonomy":"product_cat","embeddable":true,"href":"https:\/\/www.moskito.cz\/sk\/wp-json\/wp\/v2\/product_cat?post=350316"},{"taxonomy":"product_tag","embeddable":true,"href":"https:\/\/www.moskito.cz\/sk\/wp-json\/wp\/v2\/product_tag?post=350316"}],"curies":[{"name":"wp","href":"https:\/\/api.w.org\/{rel}","templated":true}]}}