{"id":350330,"date":"2024-07-10T08:18:58","date_gmt":"2024-07-10T07:19:37","guid":{"rendered":"https:\/\/www.moskito.cz\/produkt\/zatvaraci-noz-muela-naval-10m-ol\/"},"modified":"2025-05-07T11:20:14","modified_gmt":"2025-05-07T10:20:14","slug":"zatvaraci-noz-muela-naval-10m-ol","status":"publish","type":"product","link":"https:\/\/www.moskito.cz\/sk\/produkt\/zatvaraci-noz-muela-naval-10m-ol\/","title":{"rendered":"Zatv\u00e1rac\u00ed N\u00f4\u017e Muela NAVAL-10M.OL"},"content":{"rendered":"<p>Zatv\u00e1rac\u00ed N\u00f4\u017e <strong>Muela<\/strong> NAVAL-10M.OL<\/p>\n<p>Objavte vreckov\u00fd n\u00f4\u017e NAVAL-10M.OL od Muela, autentick\u00fd klenot poprednej \u0161panielskej zna\u010dky v oblasti remeseln\u00fdch no\u017eov a zatv\u00e1rac\u00edch no\u017eov! V\u010faka v\u00fdnimo\u010dn\u00e9mu dizajnu a pr\u00e9miov\u00fdm funkci\u00e1m vynik\u00e1 tento n\u00f4\u017e ako n\u00e1stroj, ktor\u00fd mus\u00edte ma\u0165.<\/p>\n<p>Rukov\u00e4\u0165 Black Micarta a v\u00e1hy z olivov\u00e9ho dreva: Rukov\u00e4\u0165 115 mm je \u0161ikovne vyroben\u00e1 z Black Micarta a poskytuje bezpe\u010dn\u00fd a pohodln\u00fd \u00fachop v ka\u017edej situ\u00e1cii. \u0160upiny olivov\u00e9ho dreva mu dod\u00e1vaj\u00fa nielen o\u010daruj\u00face vzh\u013ead, ale aj v\u00fdnimo\u010dn\u00fa odolnos\u0165.<br \/>\nPrec\u00edzna \u010depe\u013e: 100mm \u010depe\u013e je majstrovsk\u00fdm dielom presnosti, navrhnut\u00e1 vo forme \u010depele \u010depele, ktor\u00e1 zais\u0165uje vynikaj\u00faci v\u00fdkon. Vyroben\u00e9 z ocele X50CrMoV15 (MOVA), je odoln\u00e9 vo\u010di kor\u00f3zii a dlhodobo si zachov\u00e1va ostros\u0165.<br \/>\nZadn\u00fd uzamykac\u00ed mechanizmus: Vybaven\u00fd zadn\u00fdm uzamykac\u00edm mechanizmom, m\u00f4\u017eete d\u00f4verova\u0165 bezpe\u010dnosti a jednoduch\u00e9mu pou\u017eitiu tohto no\u017ea za v\u0161etk\u00fdch okolnost\u00ed.<br \/>\nZah\u0155\u0148a p\u00edlu: Tento n\u00f4\u017e ide e\u0161te \u010falej t\u00fdm, \u017ee pon\u00faka p\u00edlu na hornej \u010dasti \u010depele a prid\u00e1va tak v\u0161estrannos\u0165 va\u0161im outdoorov\u00fdm aktivit\u00e1m.<br \/>\nMade in Spain: Tento n\u00f4\u017e vyroben\u00fd v \u0160panielsku nesie v jadre \u0161panielsku trad\u00edciu kvality a remeseln\u00e9ho spracovania.<\/p>\n<p>Pre\u010do si vybra\u0165 Muela Muela je zna\u010dka, ktor\u00e1 u\u017e desiatky rokov vynik\u00e1 vo v\u00fdrobe vysoko kvalitn\u00fdch remeseln\u00fdch no\u017eov a vreckov\u00fdch no\u017eov. Ich z\u00e1v\u00e4zok k dokonalosti sa odr\u00e1\u017ea v ka\u017edom detaile ich produktov. Okrem funk\u010dnosti a odolnosti, ktor\u00fa pon\u00fakaj\u00fa, Muela tie\u017e zah\u0155\u0148a prvky odl\u00ed\u0161enia, ako je dama\u0161kov\u00e1 oce\u013e a exotick\u00e9 drev\u00e1, v\u010faka ktor\u00fdm s\u00fa ich no\u017ee jedine\u010dn\u00fdmi a exkluz\u00edvnymi k\u00faskami.<\/p>\n<p>Od jelenia paro\u017e\u00ed po vysoko hodnotn\u00e9 drev\u00e1, Muela je hrd\u00e1 na to, \u017ee pon\u00faka s\u00fa\u010dasn\u00e9 aj klasick\u00e9 designy a udr\u017euje \u0161panielsku remeseln\u00fa trad\u00edciu na\u017eive. Vreckov\u00fd n\u00f4\u017e NAVAL-10M.OL je jasn\u00fdm pr\u00edkladom oddanosti Muely kvalite a remeseln\u00e9mu spracovaniu a vo\u013ebou, ktor\u00e1 nesklame.<\/p>\n<p>Materi\u00e1l \u010depele: X50CrMoV15<br \/>\nMateri\u00e1l rukov\u00e4te: Drevo<br \/>\nD\u013a\u017eka \u010depele: 10 cm<br \/>\nCelkov\u00e1 d\u013a\u017eka: 21.5 cm<br \/>\nD\u013a\u017eka rukov\u00e4te: 11.5 cm<br \/>\nHmotnos\u0165: 120 g<br \/>\nTyp \u010depele: Drop Point<\/p>\n<p>&nbsp;<\/p>\n","protected":false},"excerpt":{"rendered":"<p><strong>Objavte vreckov\u00fd n\u00f4\u017e NAVAL-10M.OL od Muela, autentick\u00fd klenot poprednej \u0161panielskej zna\u010dky v oblasti remeseln\u00fdch no\u017eov a zatv\u00e1rac\u00edch no\u017eov! V\u010faka v\u00fdnimo\u010dn\u00e9mu dizajnu a pr\u00e9miov\u00fdm funkci\u00e1m vynik\u00e1 tento n\u00f4\u017e ako n\u00e1stroj, ktor\u00fd mus\u00edte ma\u0165.<\/strong><\/p>\n","protected":false},"featured_media":350325,"comment_status":"open","ping_status":"closed","template":"","meta":[],"pwb-brand":[3910],"product_brand":[],"product_cat":[3186,3233],"product_tag":[3668],"class_list":{"0":"post-350330","1":"product","2":"type-product","3":"status-publish","4":"has-post-thumbnail","6":"pwb-brand-muela-sk","7":"product_cat-noze-sk","8":"product_cat-zatvaracie-noze","9":"product_tag-b2b-sk","11":"first","12":"outofstock","13":"taxable","14":"shipping-taxable","15":"purchasable","16":"product-type-simple"},"brands":[{"id":3910,"name":"Muela","slug":"muela-sk"}],"_links":{"self":[{"href":"https:\/\/www.moskito.cz\/sk\/wp-json\/wp\/v2\/product\/350330","targetHints":{"allow":["GET"]}}],"collection":[{"href":"https:\/\/www.moskito.cz\/sk\/wp-json\/wp\/v2\/product"}],"about":[{"href":"https:\/\/www.moskito.cz\/sk\/wp-json\/wp\/v2\/types\/product"}],"replies":[{"embeddable":true,"href":"https:\/\/www.moskito.cz\/sk\/wp-json\/wp\/v2\/comments?post=350330"}],"wp:featuredmedia":[{"embeddable":true,"href":"https:\/\/www.moskito.cz\/sk\/wp-json\/wp\/v2\/media\/350325"}],"wp:attachment":[{"href":"https:\/\/www.moskito.cz\/sk\/wp-json\/wp\/v2\/media?parent=350330"}],"wp:term":[{"taxonomy":"pwb-brand","embeddable":true,"href":"https:\/\/www.moskito.cz\/sk\/wp-json\/wp\/v2\/pwb-brand?post=350330"},{"taxonomy":"product_brand","embeddable":true,"href":"https:\/\/www.moskito.cz\/sk\/wp-json\/wp\/v2\/product_brand?post=350330"},{"taxonomy":"product_cat","embeddable":true,"href":"https:\/\/www.moskito.cz\/sk\/wp-json\/wp\/v2\/product_cat?post=350330"},{"taxonomy":"product_tag","embeddable":true,"href":"https:\/\/www.moskito.cz\/sk\/wp-json\/wp\/v2\/product_tag?post=350330"}],"curies":[{"name":"wp","href":"https:\/\/api.w.org\/{rel}","templated":true}]}}