{"id":350386,"date":"2024-07-10T09:15:00","date_gmt":"2024-07-10T08:17:27","guid":{"rendered":"https:\/\/www.moskito.cz\/produkt\/zatvaraci-noz-muela-s-puzdrom-pq-9-ol\/"},"modified":"2025-05-07T11:20:15","modified_gmt":"2025-05-07T10:20:15","slug":"zatvaraci-noz-muela-s-puzdrom-pq-9-ol","status":"publish","type":"product","link":"https:\/\/www.moskito.cz\/sk\/produkt\/zatvaraci-noz-muela-s-puzdrom-pq-9-ol\/","title":{"rendered":"Zatv\u00e1rac\u00ed N\u00f4\u017e Muela s P\u00fazdrom PQ-9.OL"},"content":{"rendered":"<p>Zatv\u00e1rac\u00ed N\u00f4\u017e <strong>Muela<\/strong> s P\u00fazdrom PQ-9.OL<\/p>\n<p>Vreckov\u00fd n\u00f4\u017e \u0161panielskej v\u00fdroby od zna\u010dky MUELA s \u010depe\u013eou Mova z nerezovej ocele a blokovac\u00edm syst\u00e9mom, niklovo striebornou obj\u00edmkou \u200b\u200baz olivov\u00e9ho dreva.<\/p>\n<p>Vyroben\u00e9 v \u0160panielsku.<br \/>\nTyp \u010depele: Loveck\u00e1.<br \/>\nD\u013a\u017eka \u010depele: 10 cm.<br \/>\nCelkov\u00e1 d\u013a\u017eka: 21,5 cm.<br \/>\nHr\u00fabka \u010depele: 2 mm.<br \/>\nOtv\u00e1ranie: manu\u00e1lne.<br \/>\nMateri\u00e1l \u010depele: MoVa oce\u013e.<br \/>\nTyp z\u00e1mku: Sochor.<br \/>\nTvrdos\u0165: 58 HRc.<br \/>\nMateri\u00e1l rukov\u00e4te: Pr\u00edrodn\u00e9 olivov\u00e9 drevo.<br \/>\nHmotnos\u0165: 105 gr.<br \/>\nMateri\u00e1l po\u0165ahu: Cordura.<br \/>\n\u0160t\u00fdl \u010depele: Clip Point.<br \/>\nModel ostrenia: Rovn\u00fd.<br \/>\nPovrchov\u00e1 \u00faprava \u010depele: sat\u00e9n.<br \/>\nTyp hrany: ploch\u00e1.<br \/>\nD\u013a\u017eka rukov\u00e4te: 11,5 cm.<br \/>\nFarba rukov\u00e4te: Bicolor.<\/p>\n<p>&nbsp;<\/p>\n<p>&nbsp;<\/p>\n<p>&nbsp;<\/p>\n","protected":false},"excerpt":{"rendered":"<p><strong>Kr\u00e1sny \u0161t\u00edhly zatv\u00e1rac\u00ed n\u00f4\u017e Muela PQ 9 OL, s alpakov\u00fdm kovan\u00edm, \u010drienkami z olivov\u00e9ho dreva, poistkou a nylonov\u00fdm puzdrom.<\/strong><\/p>\n","protected":false},"featured_media":350342,"comment_status":"open","ping_status":"closed","template":"","meta":[],"pwb-brand":[3910],"product_brand":[],"product_cat":[3186,3233],"product_tag":[3668],"class_list":{"0":"post-350386","1":"product","2":"type-product","3":"status-publish","4":"has-post-thumbnail","6":"pwb-brand-muela-sk","7":"product_cat-noze-sk","8":"product_cat-zatvaracie-noze","9":"product_tag-b2b-sk","11":"first","12":"instock","13":"taxable","14":"shipping-taxable","15":"purchasable","16":"product-type-simple"},"brands":[{"id":3910,"name":"Muela","slug":"muela-sk"}],"_links":{"self":[{"href":"https:\/\/www.moskito.cz\/sk\/wp-json\/wp\/v2\/product\/350386","targetHints":{"allow":["GET"]}}],"collection":[{"href":"https:\/\/www.moskito.cz\/sk\/wp-json\/wp\/v2\/product"}],"about":[{"href":"https:\/\/www.moskito.cz\/sk\/wp-json\/wp\/v2\/types\/product"}],"replies":[{"embeddable":true,"href":"https:\/\/www.moskito.cz\/sk\/wp-json\/wp\/v2\/comments?post=350386"}],"wp:featuredmedia":[{"embeddable":true,"href":"https:\/\/www.moskito.cz\/sk\/wp-json\/wp\/v2\/media\/350342"}],"wp:attachment":[{"href":"https:\/\/www.moskito.cz\/sk\/wp-json\/wp\/v2\/media?parent=350386"}],"wp:term":[{"taxonomy":"pwb-brand","embeddable":true,"href":"https:\/\/www.moskito.cz\/sk\/wp-json\/wp\/v2\/pwb-brand?post=350386"},{"taxonomy":"product_brand","embeddable":true,"href":"https:\/\/www.moskito.cz\/sk\/wp-json\/wp\/v2\/product_brand?post=350386"},{"taxonomy":"product_cat","embeddable":true,"href":"https:\/\/www.moskito.cz\/sk\/wp-json\/wp\/v2\/product_cat?post=350386"},{"taxonomy":"product_tag","embeddable":true,"href":"https:\/\/www.moskito.cz\/sk\/wp-json\/wp\/v2\/product_tag?post=350386"}],"curies":[{"name":"wp","href":"https:\/\/api.w.org\/{rel}","templated":true}]}}