{"id":350403,"date":"2024-07-10T09:27:45","date_gmt":"2024-07-10T08:32:59","guid":{"rendered":"https:\/\/www.moskito.cz\/produkt\/zatvaraci-noz-muela-np-8-ol\/"},"modified":"2025-05-07T11:20:16","modified_gmt":"2025-05-07T10:20:16","slug":"zatvaraci-noz-muela-np-8-ol","status":"publish","type":"product","link":"https:\/\/www.moskito.cz\/sk\/produkt\/zatvaraci-noz-muela-np-8-ol\/","title":{"rendered":"Zatv\u00e1rac\u00ed N\u00f4\u017e Muela NP-8.OL"},"content":{"rendered":"<p>Zatv\u00e1rac\u00ed N\u00f4\u017e <strong>Muela<\/strong> NP-8.OL<\/p>\n<p>Propagujte sa vo svete lovu s Navajom Cazam a Campo de Muela, majstrovsk\u00fdm v\u00fdtvorom \u0161panielskeho domu Muela. Tento n\u00f4\u017e, vyroben\u00fd s presnos\u0165ou a v\u00e1\u0161\u0148ou, sa stal symbolom \u0161panielskeho remesla.<\/p>\n<p>Vynikaj\u00face vlastnosti:<\/p>\n<p>List: Nerezov\u00e1 oce\u013e MoVa X50CrMoV15 (8,5 cm, hr\u00fabka 2 mm) s Durezou 57-58 Hrc<br \/>\nUzatv\u00e1rac\u00ed syst\u00e9m: Piestov\u00fd list pre maxim\u00e1lnu bezpe\u010dnos\u0165 a jednoduch\u00e9 pou\u017eitie<br \/>\nRukov\u00e4\u0165: Vidlice a jaskyne z nerezovej ocele z olivov\u00e9ho dreva zdoben\u00e9 m\u00f3lom<br \/>\n\u0160pecifik\u00e1cia: Celkov\u00e1 d\u013a\u017eka: 19,5 cm<\/p>\n<p>Ka\u017ed\u00fd aspekt tohto no\u017ea bol starostlivo spracovan\u00fd, od \u010depele z vysoko kvalitnej nerezovej ocele a\u017e po olivov\u00fa rukov\u00e4\u0165, ktor\u00e1 poskytuje nielen bezpe\u010dn\u00e9 uchopenie, ale taktie\u017e dod\u00e1va tomuto z\u00e1kladn\u00e9mu n\u00e1stroju punc elegancie.<\/p>\n<p>Objavte dokonal\u00fa rovnov\u00e1hu medzi trad\u00edciou a v\u00fdkonom. Navaja Caza a Campo de Muela je viac ne\u017e len n\u00e1stroj; je symbolom neochvejnej oddanosti kvalite. Z\u00edskajte ten svoj a noste so sebou samotn\u00fa podstatu \u0161panielskeho remesla.<\/p>\n<p>&nbsp;<\/p>\n<p>&nbsp;<\/p>\n","protected":false},"excerpt":{"rendered":"<p><strong>Objavte dokonal\u00fa rovnov\u00e1hu medzi trad\u00edciou a v\u00fdkonom. Navaja Caza a Campo de Muela je viac ne\u017e len n\u00e1stroj; je symbolom neochvejnej oddanosti kvalite. Z\u00edskajte ten svoj a noste so sebou samotn\u00fa podstatu \u0161panielskeho remesla.<\/strong><\/p>\n","protected":false},"featured_media":350398,"comment_status":"open","ping_status":"closed","template":"","meta":[],"pwb-brand":[3910],"product_brand":[],"product_cat":[3186,3233],"product_tag":[3668],"class_list":{"0":"post-350403","1":"product","2":"type-product","3":"status-publish","4":"has-post-thumbnail","6":"pwb-brand-muela-sk","7":"product_cat-noze-sk","8":"product_cat-zatvaracie-noze","9":"product_tag-b2b-sk","11":"first","12":"outofstock","13":"taxable","14":"shipping-taxable","15":"purchasable","16":"product-type-simple"},"brands":[{"id":3910,"name":"Muela","slug":"muela-sk"}],"_links":{"self":[{"href":"https:\/\/www.moskito.cz\/sk\/wp-json\/wp\/v2\/product\/350403","targetHints":{"allow":["GET"]}}],"collection":[{"href":"https:\/\/www.moskito.cz\/sk\/wp-json\/wp\/v2\/product"}],"about":[{"href":"https:\/\/www.moskito.cz\/sk\/wp-json\/wp\/v2\/types\/product"}],"replies":[{"embeddable":true,"href":"https:\/\/www.moskito.cz\/sk\/wp-json\/wp\/v2\/comments?post=350403"}],"wp:featuredmedia":[{"embeddable":true,"href":"https:\/\/www.moskito.cz\/sk\/wp-json\/wp\/v2\/media\/350398"}],"wp:attachment":[{"href":"https:\/\/www.moskito.cz\/sk\/wp-json\/wp\/v2\/media?parent=350403"}],"wp:term":[{"taxonomy":"pwb-brand","embeddable":true,"href":"https:\/\/www.moskito.cz\/sk\/wp-json\/wp\/v2\/pwb-brand?post=350403"},{"taxonomy":"product_brand","embeddable":true,"href":"https:\/\/www.moskito.cz\/sk\/wp-json\/wp\/v2\/product_brand?post=350403"},{"taxonomy":"product_cat","embeddable":true,"href":"https:\/\/www.moskito.cz\/sk\/wp-json\/wp\/v2\/product_cat?post=350403"},{"taxonomy":"product_tag","embeddable":true,"href":"https:\/\/www.moskito.cz\/sk\/wp-json\/wp\/v2\/product_tag?post=350403"}],"curies":[{"name":"wp","href":"https:\/\/api.w.org\/{rel}","templated":true}]}}