{"id":350435,"date":"2024-07-10T09:44:05","date_gmt":"2024-07-10T08:45:33","guid":{"rendered":"https:\/\/www.moskito.cz\/produkt\/zatvaraci-noz-muela-s-puzdrom-npq-8gr\/"},"modified":"2025-05-07T11:20:18","modified_gmt":"2025-05-07T10:20:18","slug":"zatvaraci-noz-muela-s-puzdrom-npq-8gr","status":"publish","type":"product","link":"https:\/\/www.moskito.cz\/sk\/produkt\/zatvaraci-noz-muela-s-puzdrom-npq-8gr\/","title":{"rendered":"Zatv\u00e1rac\u00ed N\u00f4\u017e Muela s Puzdrom NPQ-8GR"},"content":{"rendered":"<p>Zatv\u00e1rac\u00ed N\u00f4\u017e <strong>Muela<\/strong> s Puzdrom NPQ-8GR<\/p>\n<p>Vreckov\u00fd n\u00f4\u017e <strong>Muela<\/strong> Folding Knife Type NPQ-8GR je vynikaj\u00faci vreckov\u00fd n\u00f4\u017e, ide\u00e1lny pre zberate\u013eov a milovn\u00edkov no\u017eov. Vreckov\u00fd n\u00f4\u017e je extr\u00e9mne univerz\u00e1lne pr\u00edslu\u0161enstvo, m\u00e1 v\u00e4\u010d\u0161iu prenosnos\u0165 a r\u00fdchle otv\u00e1ranie \u010depel\u00ed, ide\u00e1lny pre r\u00f4zne s\u00favislosti s mnoh\u00fdmi mo\u017enos\u0165ami pou\u017eitia, vr\u00e1tane pre\u017eitia. S\u00fa skladacie, tak\u017ee preprava je jednoduch\u00e1 a bezpe\u010dn\u00e1, preto\u017ee \u010depe\u013e je chr\u00e1nen\u00e1.<\/p>\n<p>Rukov\u00e4\u0165 vreckov\u00e9ho no\u017ea Muela Folding Knife NPQ-8GR je vyroben\u00e1 z granadillo dreva, pr\u00edrodn\u00e9ho materi\u00e1lu a \u017eivice, vystavenej vysok\u00e9mu tlaku a teplote. V\u010faka tomu je drevo hustej\u0161ie, tvrd\u0161ie a odolnej\u0161ie vo\u010di vode.<\/p>\n<p>Jeho \u010depe\u013e je vyroben\u00e1 z X50CrMoV15 \u201eMOVA\u201c (1.4116), \u010do je klasick\u00fd materi\u00e1l u no\u017eov Muela a vreckov\u00fdch no\u017eov, ktor\u00fd je vynikaj\u00facou kombin\u00e1ciou molybd\u00e9nu a van\u00e1du, ktor\u00fd tvor\u00ed oce\u013e s vynikaj\u00facou tvrdos\u0165ou a odolnos\u0165ou proti kor\u00f3zii.<\/p>\n<p>Technick\u00e1 charakteristika:<\/p>\n<p>K\u00f3d: NPQ-8GR<br \/>\nZna\u010dka: Muela<br \/>\nModel: Vreckov\u00fd n\u00f4\u017e NPQ-8GR<br \/>\nMateri\u00e1l rukov\u00e4te: Granadillo Wood<br \/>\nMateri\u00e1l \u010depele: 1.4116<br \/>\nD\u013a\u017eka \u010depele: 8.5 cm<br \/>\nCelkov\u00e1 d\u013a\u017eka: 19.5 mm<br \/>\nTvrdos\u0165 ocele: 56 &#8211; 58 HRC<br \/>\nHmotnos\u0165: 100 g<\/p>\n<p>&nbsp;<\/p>\n","protected":false},"excerpt":{"rendered":"<p><strong>Vreckov\u00fd n\u00f4\u017e Muela Folding Knife Type NPQ-8GR je vynikaj\u00faci vreckov\u00fd n\u00f4\u017e, ide\u00e1lny pre zberate\u013eov a milovn\u00edkov no\u017eov.<\/strong><\/p>\n","protected":false},"featured_media":350422,"comment_status":"open","ping_status":"closed","template":"","meta":[],"pwb-brand":[3910],"product_brand":[],"product_cat":[3186,3233],"product_tag":[3668],"class_list":{"0":"post-350435","1":"product","2":"type-product","3":"status-publish","4":"has-post-thumbnail","6":"pwb-brand-muela-sk","7":"product_cat-noze-sk","8":"product_cat-zatvaracie-noze","9":"product_tag-b2b-sk","11":"first","12":"outofstock","13":"taxable","14":"shipping-taxable","15":"purchasable","16":"product-type-simple"},"brands":[{"id":3910,"name":"Muela","slug":"muela-sk"}],"_links":{"self":[{"href":"https:\/\/www.moskito.cz\/sk\/wp-json\/wp\/v2\/product\/350435","targetHints":{"allow":["GET"]}}],"collection":[{"href":"https:\/\/www.moskito.cz\/sk\/wp-json\/wp\/v2\/product"}],"about":[{"href":"https:\/\/www.moskito.cz\/sk\/wp-json\/wp\/v2\/types\/product"}],"replies":[{"embeddable":true,"href":"https:\/\/www.moskito.cz\/sk\/wp-json\/wp\/v2\/comments?post=350435"}],"wp:featuredmedia":[{"embeddable":true,"href":"https:\/\/www.moskito.cz\/sk\/wp-json\/wp\/v2\/media\/350422"}],"wp:attachment":[{"href":"https:\/\/www.moskito.cz\/sk\/wp-json\/wp\/v2\/media?parent=350435"}],"wp:term":[{"taxonomy":"pwb-brand","embeddable":true,"href":"https:\/\/www.moskito.cz\/sk\/wp-json\/wp\/v2\/pwb-brand?post=350435"},{"taxonomy":"product_brand","embeddable":true,"href":"https:\/\/www.moskito.cz\/sk\/wp-json\/wp\/v2\/product_brand?post=350435"},{"taxonomy":"product_cat","embeddable":true,"href":"https:\/\/www.moskito.cz\/sk\/wp-json\/wp\/v2\/product_cat?post=350435"},{"taxonomy":"product_tag","embeddable":true,"href":"https:\/\/www.moskito.cz\/sk\/wp-json\/wp\/v2\/product_tag?post=350435"}],"curies":[{"name":"wp","href":"https:\/\/api.w.org\/{rel}","templated":true}]}}