{"id":350475,"date":"2023-07-12T13:06:36","date_gmt":"2024-07-10T08:58:01","guid":{"rendered":"https:\/\/www.moskito.cz\/produkt\/pevny-noz-muela-crusader-13m-n\/"},"modified":"2025-05-07T11:20:20","modified_gmt":"2025-05-07T10:20:20","slug":"pevny-noz-muela-crusader-13m-n","status":"publish","type":"product","link":"https:\/\/www.moskito.cz\/sk\/produkt\/pevny-noz-muela-crusader-13m-n\/","title":{"rendered":"Pevn\u00fd N\u00f4\u017e Muela CRUSADER-13M.N"},"content":{"rendered":"<p>Pevn\u00fd N\u00f4\u017e <strong>Muela<\/strong> CRUSADER-13M.N<\/p>\n<p>CRUSADER-13M.N, ve\u013ek\u00fd, odoln\u00fd n\u00f4\u017e zameran\u00fd na outdoorov\u00e9 a survival nad\u0161encov. Dokonale vyv\u00e1\u017een\u00fd design full t\u00e1ng s \u010depe\u013eou z nerezovej ocele poskytuje skvel\u00fd rezn\u00fd v\u00fdkon. N\u00e1stroj, ktor\u00fd sa osved\u010d\u00ed v \u0161irokej \u0161k\u00e1le aplik\u00e1ci\u00ed!<br \/>\nOce\u013e<\/p>\n<p>1.4116, X50CrMoV15 &#8211; molybd\u00e9n-van\u00e1diov\u00e1 oce\u013e pou\u017e\u00edvan\u00e1 na \u0161pi\u010dkov\u00e9 no\u017ee, pr\u00edbory a chirurgick\u00e9 n\u00e1stroje. Vyzna\u010duje sa pomerne vysokou tvrdos\u0165ou ako pri nerezov\u00fdch oceliach. Odoln\u00fd vo\u010di kor\u00f3zii v kuchynsk\u00fdch podmienkach. Je to odpor\u00fa\u010dan\u00e1 alternat\u00edva k 1.4034\/X46Cr13\/4H13. Chemick\u00e9 zlo\u017eenie je obohaten\u00e9 o obsah chr\u00f3mu, pr\u00eddavok molybd\u00e9nu a van\u00e1du.<br \/>\n\u010cepe\u013e<\/p>\n<p>Extr\u00e9mne ostr\u00fd tvar Drop Point ide\u00e1lny pre v\u0161etky druhy po\u013en\u00fdch pr\u00e1c. \u010cierny PTFE povlak na \u010depeli zabra\u0148uje odleskom. Hladk\u00e1 \u010depe\u013e Plain je Hollow Grind pre ni\u017e\u0161iu hmotnos\u0165 a vynikaj\u00faci rezn\u00fd v\u00fdkon. Ve\u013ek\u00fd z\u00e1rez u\u013eah\u010duje ostrenie. Chrb\u00e1t \u010depele m\u00e1 vr\u00fabkovan\u00fa prstov\u00fa rampu (jimping) pre v\u00e4\u010d\u0161iu kontrolu no\u017ea.<br \/>\nRukov\u00e4\u0165<\/p>\n<p>Vyroben\u00e9 z \u010diernej micarty (stla\u010den\u00e9 pl\u00e1tno so syntetickou \u017eivicou). Skosen\u00e9 hrany krytov eliminuj\u00fa ostr\u00e9 hrany pre pohodln\u00e9 uchopenie. Kryty boli priskrutkovan\u00e9 priamo na strme\u0148, v\u010faka \u010domu je celkov\u00e1 kon\u0161trukcia ve\u013emi tuh\u00e1 a odoln\u00e1. Tvarovan\u00e1 rukov\u00e4\u0165 poskytuje dobr\u00e9 ovl\u00e1danie no\u017ea. Na zadnej strane je otvor na \u0161n\u00farku, otvor pre bezpe\u010dnostn\u00fa alebo ozdobn\u00fa \u0161n\u00farku.<br \/>\nPo\u0161va<\/p>\n<p>Ru\u010dne \u0161it\u00e9, vyroben\u00e9 z pr\u00edrodnej ko\u017ee v \u010diernej farbe s vyrazen\u00fdm logom v\u00fdrobcu. Montuje sa na opasok alebo na zariadenie umo\u017e\u0148uj\u00face nosenie no\u017ea vo vertik\u00e1lnej alebo horizont\u00e1lnej polohe.<\/p>\n<p>Skupina Muela je teraz jednou z popredn\u00fdch spolo\u010dnost\u00ed v oblasti ru\u010dnej v\u00fdroby loveck\u00fdch no\u017eov v \u0160panielsku aj po celom svete a jej no\u017ee a vreckov\u00e9 no\u017ee s\u00fa vysoko cenen\u00e9 pre svoju \u0161pi\u010dkov\u00fa kvalitu spracovania.<br \/>\nTechnick\u00e9 d\u00e1ta:<\/p>\n<p>\u010c\u00edslo produktu: CRUSADER-13M.N<br \/>\nN\u00e1zov produktu: CRUSADER-13M.N Full Tang Micarta Black 130mm<\/p>\n<p>Celkov\u00e1 d\u013a\u017eka: 25 cm<br \/>\nD\u013a\u017eka \u010depele: 12.5 cm<br \/>\nD\u013a\u017eka rukov\u00e4te: 12.5 cm<br \/>\nHmotnos\u0165: 293,0 g \/ 10,3 oz<\/p>\n<p>Materi\u00e1l \u010depele: X50CrMoV15<br \/>\nTvrdos\u0165 \u010depele: nd<br \/>\nBr\u00fasenie \u010depele: Dut\u00e9<br \/>\nPovrchov\u00e1 \u00faprava \u010depele: povlak PTFE<\/p>\n<p>Materi\u00e1l rukov\u00e4te: Micarta<br \/>\nFarba povrchovej \u00fapravy rukov\u00e4te: \u010cierna<\/p>\n<p>Po\u0161va (p\u00fazdro): Ko\u017ea<br \/>\n\u010eal\u0161ie pr\u00edslu\u0161enstvo: Oran\u017eov\u00fd paracord<\/p>\n<p>Dizajn\u00e9r: Muela<br \/>\nN\u00e1zov zna\u010dky: Muela<br \/>\nV\u00fdrobca: Muela, \u0160panielsko<br \/>\nKrajina p\u00f4vodu: \u0160panielsko<\/p>\n<p>&nbsp;<\/p>\n","protected":false},"excerpt":{"rendered":"<p><strong>CRUSADER-13M.N, ve\u013ek\u00fd, odoln\u00fd n\u00f4\u017e zameran\u00fd na outdoorov\u00e9 a survival nad\u0161encov.<\/strong><\/p>\n","protected":false},"featured_media":253745,"comment_status":"open","ping_status":"closed","template":"","meta":[],"pwb-brand":[3910],"product_brand":[],"product_cat":[3186,3187],"product_tag":[3668],"class_list":{"0":"post-350475","1":"product","2":"type-product","3":"status-publish","4":"has-post-thumbnail","6":"pwb-brand-muela-sk","7":"product_cat-noze-sk","8":"product_cat-pevne-noze-sk","9":"product_tag-b2b-sk","11":"first","12":"instock","13":"taxable","14":"shipping-taxable","15":"purchasable","16":"product-type-simple"},"brands":[{"id":3910,"name":"Muela","slug":"muela-sk"}],"_links":{"self":[{"href":"https:\/\/www.moskito.cz\/sk\/wp-json\/wp\/v2\/product\/350475","targetHints":{"allow":["GET"]}}],"collection":[{"href":"https:\/\/www.moskito.cz\/sk\/wp-json\/wp\/v2\/product"}],"about":[{"href":"https:\/\/www.moskito.cz\/sk\/wp-json\/wp\/v2\/types\/product"}],"replies":[{"embeddable":true,"href":"https:\/\/www.moskito.cz\/sk\/wp-json\/wp\/v2\/comments?post=350475"}],"wp:featuredmedia":[{"embeddable":true,"href":"https:\/\/www.moskito.cz\/sk\/wp-json\/wp\/v2\/media\/253745"}],"wp:attachment":[{"href":"https:\/\/www.moskito.cz\/sk\/wp-json\/wp\/v2\/media?parent=350475"}],"wp:term":[{"taxonomy":"pwb-brand","embeddable":true,"href":"https:\/\/www.moskito.cz\/sk\/wp-json\/wp\/v2\/pwb-brand?post=350475"},{"taxonomy":"product_brand","embeddable":true,"href":"https:\/\/www.moskito.cz\/sk\/wp-json\/wp\/v2\/product_brand?post=350475"},{"taxonomy":"product_cat","embeddable":true,"href":"https:\/\/www.moskito.cz\/sk\/wp-json\/wp\/v2\/product_cat?post=350475"},{"taxonomy":"product_tag","embeddable":true,"href":"https:\/\/www.moskito.cz\/sk\/wp-json\/wp\/v2\/product_tag?post=350475"}],"curies":[{"name":"wp","href":"https:\/\/api.w.org\/{rel}","templated":true}]}}