{"id":350503,"date":"2023-07-13T10:20:41","date_gmt":"2023-07-13T09:20:41","guid":{"rendered":"https:\/\/www.moskito.cz\/produkt\/pevny-noz-muela-5161-m\/"},"modified":"2025-05-07T11:20:21","modified_gmt":"2025-05-07T10:20:21","slug":"pevny-noz-muela-5161-m","status":"publish","type":"product","link":"https:\/\/www.moskito.cz\/sk\/produkt\/pevny-noz-muela-5161-m\/","title":{"rendered":"Pevn\u00fd N\u00f4\u017e Muela 5161-M"},"content":{"rendered":"<p>Pevn\u00fd N\u00f4\u017e <strong>Muela<\/strong> 5161-M<\/p>\n<p>\u0160portov\u00fd n\u00f4\u017e Muela 5161-M. Muela je svetovo uzn\u00e1van\u00e1 \u0161panielska zna\u010dka a je pova\u017eovan\u00e1 za jednu z najzn\u00e1mej\u0161\u00edch. V\u0161etky no\u017ee s\u00fa navrhnut\u00e9 a vyroben\u00e9 pomocou technologicky vyspel\u00fdch koncepci\u00ed, ktor\u00e9 mie\u0161aj\u00fa pou\u017eitie surov\u00edn v\u00fdnimo\u010dnej kvality, od ocele pou\u017eitej v \u010depeli a\u017e po kone\u010dn\u00fa \u00fapravu. S\u00fa pova\u017eovan\u00e9 za vrchol radu a s\u00fa vyroben\u00e9 s exkluz\u00edvnym dizajnom renomovan\u00fdch no\u017eiarov, \u010do vedie k kr\u00e1snej estetike a super funk\u010dnosti. Ve\u013emi d\u00f4le\u017eit\u00fdm detailom je, \u017ee v\u0161etky kusy, hoci s\u00fa vyr\u00e1ban\u00e9 v priemyselnom meradle, s\u00fa dokon\u010dovan\u00e9 ru\u010dne so spotrebou nevyhnutn\u00e9ho minima priemyseln\u00fdch n\u00e1strojov. Perfektn\u00e1 vo\u013eba pre zberate\u013eov, milovn\u00edkov no\u017eov alebo jednoduch\u00fdch u\u017e\u00edvate\u013eov, ktor\u00ed h\u013eadaj\u00fa vysoko kvalitn\u00e9 n\u00e1stroje.<\/p>\n<p>Technick\u00e9 \u0161pecifik\u00e1cie:<\/p>\n<p>Model: 5161-M<\/p>\n<p>Typ ocele: 420H<\/p>\n<p>Tvrdos\u0165: 57-58 HRC<\/p>\n<p>\u010cierne ko\u017een\u00e9 p\u00fazdro<\/p>\n<p>Rukov\u00e4\u0165: koralov\u00e9 lisovan\u00e9 drevo<\/p>\n<p>D\u013a\u017eka \u010depele: 15,6 cm<\/p>\n<p>Celkov\u00e1 d\u013a\u017eka: 27,5 cm<\/p>\n<p>Celkov\u00e1 hmotnos\u0165: 0,360g<\/p>\n<p>&nbsp;<\/p>\n","protected":false},"excerpt":{"rendered":"<p><strong>\u0160portov\u00fd n\u00f4\u017e Muela 5161-M. Muela je svetovo uzn\u00e1van\u00e1 \u0161panielska zna\u010dka a je pova\u017eovan\u00e1 za jednu z najzn\u00e1mej\u0161\u00edch.<\/strong><\/p>\n","protected":false},"featured_media":253886,"comment_status":"open","ping_status":"closed","template":"","meta":[],"pwb-brand":[3910],"product_brand":[],"product_cat":[3187,3186],"product_tag":[3668],"class_list":{"0":"post-350503","1":"product","2":"type-product","3":"status-publish","4":"has-post-thumbnail","6":"pwb-brand-muela-sk","7":"product_cat-pevne-noze-sk","8":"product_cat-noze-sk","9":"product_tag-b2b-sk","11":"first","12":"instock","13":"taxable","14":"shipping-taxable","15":"purchasable","16":"product-type-simple"},"brands":[{"id":3910,"name":"Muela","slug":"muela-sk"}],"_links":{"self":[{"href":"https:\/\/www.moskito.cz\/sk\/wp-json\/wp\/v2\/product\/350503","targetHints":{"allow":["GET"]}}],"collection":[{"href":"https:\/\/www.moskito.cz\/sk\/wp-json\/wp\/v2\/product"}],"about":[{"href":"https:\/\/www.moskito.cz\/sk\/wp-json\/wp\/v2\/types\/product"}],"replies":[{"embeddable":true,"href":"https:\/\/www.moskito.cz\/sk\/wp-json\/wp\/v2\/comments?post=350503"}],"wp:featuredmedia":[{"embeddable":true,"href":"https:\/\/www.moskito.cz\/sk\/wp-json\/wp\/v2\/media\/253886"}],"wp:attachment":[{"href":"https:\/\/www.moskito.cz\/sk\/wp-json\/wp\/v2\/media?parent=350503"}],"wp:term":[{"taxonomy":"pwb-brand","embeddable":true,"href":"https:\/\/www.moskito.cz\/sk\/wp-json\/wp\/v2\/pwb-brand?post=350503"},{"taxonomy":"product_brand","embeddable":true,"href":"https:\/\/www.moskito.cz\/sk\/wp-json\/wp\/v2\/product_brand?post=350503"},{"taxonomy":"product_cat","embeddable":true,"href":"https:\/\/www.moskito.cz\/sk\/wp-json\/wp\/v2\/product_cat?post=350503"},{"taxonomy":"product_tag","embeddable":true,"href":"https:\/\/www.moskito.cz\/sk\/wp-json\/wp\/v2\/product_tag?post=350503"}],"curies":[{"name":"wp","href":"https:\/\/api.w.org\/{rel}","templated":true}]}}