{"id":350559,"date":"2024-07-10T11:54:44","date_gmt":"2024-07-10T10:54:44","guid":{"rendered":"https:\/\/www.moskito.cz\/produkt\/pevny-noz-muela-ranger-14-ol\/"},"modified":"2025-05-07T11:20:24","modified_gmt":"2025-05-07T10:20:24","slug":"pevny-noz-muela-ranger-14-ol","status":"publish","type":"product","link":"https:\/\/www.moskito.cz\/sk\/produkt\/pevny-noz-muela-ranger-14-ol\/","title":{"rendered":"Pevn\u00fd N\u00f4\u017e Muela RANGER-14.OL"},"content":{"rendered":"<p>Pevn\u00fd N\u00f4\u017e <strong>Muela<\/strong> RANGER-14.OL<\/p>\n<p>Rukov\u00e4\u0165 je vyroben\u00e1 z pr\u00edrodn\u00e9ho olivov\u00e9ho dreva a m\u00e1 mosadzn\u00fd kryt na zv\u00fd\u0161enie bezpe\u010dnosti a zamedzenie rizika sk\u013aznutia dlane smerom k \u010depeli po\u010das pou\u017e\u00edvania. N\u00f4\u017e je dod\u00e1van\u00fd spolo\u010dne s ochrann\u00fdm ko\u017een\u00fdm puzdrom, ktor\u00e9 m\u00e1 syst\u00e9m zatv\u00e1rania so sponou a zap\u00ednan\u00edm na opasok. N\u00f4\u017e je vyroben\u00fd v \u0160panielsku a m\u00e1 celkov\u00fa d\u013a\u017eku 27 cm.<\/p>\n<p>Vlastnosti:<\/p>\n<p>D\u013a\u017eka no\u017ea: 27 cm;<br \/>\nD\u013a\u017eka \u010depele: 14,5 cm;<br \/>\nMateri\u00e1l \u010depele: nerezov\u00e1 oce\u013e;<br \/>\nmosadzn\u00fd kryt;<br \/>\nRukov\u00e4\u0165: olivov\u00e9 drevo;<br \/>\nKo\u017een\u00e9 puzdro;<br \/>\nVyroben\u00e9 v \u0160panielsku.<\/p>\n<p>&nbsp;<\/p>\n<p>&nbsp;<\/p>\n","protected":false},"excerpt":{"rendered":"<p><strong>No\u017ee Muela s\u00fa produkciou \u0161panielskej firmy, ktor\u00e1 vyr\u00e1ba cenovo prijate\u013en\u00e9 a kvalitn\u00e9 loveck\u00e9 no\u017ee, zatv\u00e1racie no\u017ee, luxusn\u00e9 no\u017ee a mnoh\u00e9 \u010fal\u0161ie.<\/strong><\/p>\n","protected":false},"featured_media":350547,"comment_status":"open","ping_status":"closed","template":"","meta":[],"pwb-brand":[3910],"product_brand":[],"product_cat":[3187,3186],"product_tag":[3668],"class_list":{"0":"post-350559","1":"product","2":"type-product","3":"status-publish","4":"has-post-thumbnail","6":"pwb-brand-muela-sk","7":"product_cat-pevne-noze-sk","8":"product_cat-noze-sk","9":"product_tag-b2b-sk","11":"first","12":"instock","13":"taxable","14":"shipping-taxable","15":"purchasable","16":"product-type-simple"},"brands":[{"id":3910,"name":"Muela","slug":"muela-sk"}],"_links":{"self":[{"href":"https:\/\/www.moskito.cz\/sk\/wp-json\/wp\/v2\/product\/350559","targetHints":{"allow":["GET"]}}],"collection":[{"href":"https:\/\/www.moskito.cz\/sk\/wp-json\/wp\/v2\/product"}],"about":[{"href":"https:\/\/www.moskito.cz\/sk\/wp-json\/wp\/v2\/types\/product"}],"replies":[{"embeddable":true,"href":"https:\/\/www.moskito.cz\/sk\/wp-json\/wp\/v2\/comments?post=350559"}],"wp:featuredmedia":[{"embeddable":true,"href":"https:\/\/www.moskito.cz\/sk\/wp-json\/wp\/v2\/media\/350547"}],"wp:attachment":[{"href":"https:\/\/www.moskito.cz\/sk\/wp-json\/wp\/v2\/media?parent=350559"}],"wp:term":[{"taxonomy":"pwb-brand","embeddable":true,"href":"https:\/\/www.moskito.cz\/sk\/wp-json\/wp\/v2\/pwb-brand?post=350559"},{"taxonomy":"product_brand","embeddable":true,"href":"https:\/\/www.moskito.cz\/sk\/wp-json\/wp\/v2\/product_brand?post=350559"},{"taxonomy":"product_cat","embeddable":true,"href":"https:\/\/www.moskito.cz\/sk\/wp-json\/wp\/v2\/product_cat?post=350559"},{"taxonomy":"product_tag","embeddable":true,"href":"https:\/\/www.moskito.cz\/sk\/wp-json\/wp\/v2\/product_tag?post=350559"}],"curies":[{"name":"wp","href":"https:\/\/api.w.org\/{rel}","templated":true}]}}