{"id":350576,"date":"2023-07-13T15:30:58","date_gmt":"2024-07-10T10:59:04","guid":{"rendered":"https:\/\/www.moskito.cz\/produkt\/pevny-noz-muela-21733-g\/"},"modified":"2025-05-07T11:20:25","modified_gmt":"2025-05-07T10:20:25","slug":"pevny-noz-muela-21733-g","status":"publish","type":"product","link":"https:\/\/www.moskito.cz\/sk\/produkt\/pevny-noz-muela-21733-g\/","title":{"rendered":"Pevn\u00fd N\u00f4\u017e Muela 21733-G"},"content":{"rendered":"<p>Pevn\u00fd N\u00f4\u017e <strong>Muela<\/strong> 21733-G<\/p>\n<p>21733-G &#8211; pevn\u00fd, univerz\u00e1lny taktick\u00fd n\u00f4\u017e s pevnou \u010depe\u013eou, vyr\u00e1ban\u00fd \u0161panielskou firmou Muela, teraz vo skvelom preveden\u00ed! Vyroben\u00e9 z molybd\u00e9n-van\u00e1diovej ocele (MoVa). Vytvoren\u00e9 pre ka\u017ed\u00fa pr\u00e1cu vo v\u0161etk\u00fdch podmienkach, dokonca aj v extr\u00e9mnych podmienkach.<\/p>\n<p>\u010cepe\u013e &#8211; mas\u00edvny n\u00f4\u017e s profilom Bowie, hr\u00fabka 3,9 milimetra, \u010cepe\u013e je pokryt\u00e1 nereflexnou vrstvou Satin Finish (polomatn\u00fd) eliminuj\u00face odlesky. Vyroben\u00e9 z tvrdenej nerezovej ocele v rozsahu 57-58 HRC (X50CrMoV15). Hladk\u00e1 \u010depe\u013e (Plain typ). Oce\u013e na oboch stran\u00e1ch \u010depele, chr\u00e1ni ruku pred po\u0161myknut\u00edm pri pr\u00e1ci.<\/p>\n<p>Rukov\u00e4\u0165 &#8211; profilovan\u00e1 zo \u0161trukt\u00farovan\u00e9ho plastov\u00e9ho elastom\u00e9ru v \u010diernej farbe. N\u00f4\u017e sa ne\u0161m\u00fdka z ruky. Siln\u00fd a spo\u013eahliv\u00fd \u00fachop umo\u017e\u0148uje presn\u00e9 pohyby aj cez mal\u00e9 rozmery. V zadnej \u010dasti rukov\u00e4te je otvor pre lano.<\/p>\n<p>Puzdro zaru\u010duje bezpe\u010dn\u00e9 pren\u00e1\u0161anie no\u017ea. Vyroben\u00e9 z pr\u00edrodnej, \u010diernej ko\u017ee s vyrazen\u00fdm logom Muela Company. Po\u0161va bola na okrajoch pre\u0161it\u00e1 ozdobnou ni\u0165ou. Po\u0161va m\u00e1 upevnenie na opasok na nosenie no\u017ea vo zvislej polohe.<\/p>\n<p>Technick\u00e9 \u0161pecifik\u00e1cie:<br \/>\n\u010c\u00edslo produktu: 21733G<br \/>\nTyp ocele: X50CrMoV15<br \/>\nD\u013a\u017eka \u010depele: 16.5 cm<br \/>\nHr\u00fabka \u010depele: 0.39 cm<br \/>\nCelkov\u00e1 d\u013a\u017eka: 28 cm<br \/>\nHmotnos\u0165: 282 g \/ 9,95 oz<br \/>\nTyp \u010depele: Hladk\u00fd<br \/>\nTyp \u010depele: Bowie<br \/>\nTyp rezu: Konk\u00e1vne<br \/>\nMateri\u00e1l rukov\u00e4te: Termorun<br \/>\nPo\u0161va: Ko\u017ea<br \/>\nV\u00fdrobca: Muela, \u0160panielsko<\/p>\n<p>&nbsp;<\/p>\n","protected":false},"excerpt":{"rendered":"<p><strong>21733-G &#8211; pevn\u00fd, univerz\u00e1lny taktick\u00fd n\u00f4\u017e s pevnou \u010depe\u013eou, vyr\u00e1ban\u00fd \u0161panielskou firmou Muela, teraz vo skvelom preveden\u00ed!<\/strong><\/p>\n","protected":false},"featured_media":253930,"comment_status":"open","ping_status":"closed","template":"","meta":[],"pwb-brand":[3910],"product_brand":[],"product_cat":[3187,3186],"product_tag":[3668],"class_list":{"0":"post-350576","1":"product","2":"type-product","3":"status-publish","4":"has-post-thumbnail","6":"pwb-brand-muela-sk","7":"product_cat-pevne-noze-sk","8":"product_cat-noze-sk","9":"product_tag-b2b-sk","11":"first","12":"instock","13":"taxable","14":"shipping-taxable","15":"purchasable","16":"product-type-simple"},"brands":[{"id":3910,"name":"Muela","slug":"muela-sk"}],"_links":{"self":[{"href":"https:\/\/www.moskito.cz\/sk\/wp-json\/wp\/v2\/product\/350576","targetHints":{"allow":["GET"]}}],"collection":[{"href":"https:\/\/www.moskito.cz\/sk\/wp-json\/wp\/v2\/product"}],"about":[{"href":"https:\/\/www.moskito.cz\/sk\/wp-json\/wp\/v2\/types\/product"}],"replies":[{"embeddable":true,"href":"https:\/\/www.moskito.cz\/sk\/wp-json\/wp\/v2\/comments?post=350576"}],"wp:featuredmedia":[{"embeddable":true,"href":"https:\/\/www.moskito.cz\/sk\/wp-json\/wp\/v2\/media\/253930"}],"wp:attachment":[{"href":"https:\/\/www.moskito.cz\/sk\/wp-json\/wp\/v2\/media?parent=350576"}],"wp:term":[{"taxonomy":"pwb-brand","embeddable":true,"href":"https:\/\/www.moskito.cz\/sk\/wp-json\/wp\/v2\/pwb-brand?post=350576"},{"taxonomy":"product_brand","embeddable":true,"href":"https:\/\/www.moskito.cz\/sk\/wp-json\/wp\/v2\/product_brand?post=350576"},{"taxonomy":"product_cat","embeddable":true,"href":"https:\/\/www.moskito.cz\/sk\/wp-json\/wp\/v2\/product_cat?post=350576"},{"taxonomy":"product_tag","embeddable":true,"href":"https:\/\/www.moskito.cz\/sk\/wp-json\/wp\/v2\/product_tag?post=350576"}],"curies":[{"name":"wp","href":"https:\/\/api.w.org\/{rel}","templated":true}]}}