{"id":350626,"date":"2024-07-10T12:39:56","date_gmt":"2024-07-10T11:51:51","guid":{"rendered":"https:\/\/www.moskito.cz\/produkt\/pevny-noz-muela-predator-14n\/"},"modified":"2025-05-07T11:20:27","modified_gmt":"2025-05-07T10:20:27","slug":"pevny-noz-muela-predator-14n","status":"publish","type":"product","link":"https:\/\/www.moskito.cz\/sk\/produkt\/pevny-noz-muela-predator-14n\/","title":{"rendered":"Pevn\u00fd N\u00f4\u017e Muela PREDATOR-14N"},"content":{"rendered":"<p>Pevn\u00fd N\u00f4\u017e <strong>Muela<\/strong> PREDATOR-14N<\/p>\n<p>Full t\u00e1ng taktick\u00fd n\u00f4\u017e s \u010diernou micarta CNC rukov\u00e4\u0165ou a PTFE antifrik\u010dnou vrstvou na \u010depeli. \u0160n\u00farka na rukov\u00e4te.<\/p>\n<p>Tento n\u00f4\u017e potvrdzuje svoju d\u00e1vnu hist\u00f3riu a dnes zost\u00e1va neocenite\u013en\u00fdm pomocn\u00edkom pre v\u0161etk\u00fdch vojakov po celom svete, a to nielen pre mnoho aspektov ako n\u00e1stroj, ale samozrejme nezab\u00fadame na jeho nesmiernu hodnotu ako obrann\u00e9ho prvku.<\/p>\n<p>Do svojej pokro\u010dilej a modernej v\u00fdbavy ich za\u010dle\u0148uj\u00fa aj tis\u00edce pr\u00edslu\u0161n\u00edkov taktick\u00fdch z\u00e1sahov\u00fdch policajn\u00fdch s\u00edl po celom svete.<br \/>\nNa tento \u00fa\u010del m\u00e1 Muela na v\u00fdber aj \u0161irok\u00fa \u0161k\u00e1lu modelov, v ktor\u00fdch sa kombinuje ergonomick\u00fd dizajn \u010depele a rukov\u00e4te, najmodernej\u0161ie a nemenn\u00e9 materi\u00e1ly a dokonca aj \u0161pecifick\u00e9 povrchov\u00e9 \u00fapravy, ktor\u00e9 poskytuj\u00fa bezpe\u010dn\u00fd, odoln\u00fd a vysoko spo\u013eahliv\u00fd n\u00f4\u017e. vo v\u0161etk\u00fdch situ\u00e1ci\u00e1ch.<\/p>\n<p>N\u00f4\u017e s \u010depe\u013eou potiahnutou tefl\u00f3nom 140 mm.<\/p>\n<p>Vlastnosti:<\/p>\n<p>Oce\u013e: X50CrMoV15 (MOVA)<br \/>\nTvrdos\u0165 ocele: 57-58 HRC<br \/>\nTvar \u010depele: Dlh\u00fd<br \/>\nGripy: \u010cierna CNC Micarta<br \/>\nPo\u0161va: Vr\u00e1tane \u010dierneho ko\u017een\u00e9ho puzdra<br \/>\nS p\u00edlou na chrbte<br \/>\n\u010cepe\u013e s PTFE povlakom proti treniu<br \/>\nKon\u0161trukcia no\u017ea: Full t\u00e1ng<br \/>\nD\u013a\u017eka \u010depele: 14 cm (5 1\/2&#8243;).<br \/>\nD\u013a\u017eka rukov\u00e4te: 12.5 cm (5 1\/2&#8243;)<br \/>\nCelkov\u00e1 d\u013a\u017eka: 23.5 m (235 mm)<br \/>\nHmotnos\u0165: 235 gr<br \/>\nVyroben\u00e9 v \u0160panielsku<\/p>\n<p>&nbsp;<\/p>\n<p>&nbsp;<\/p>\n","protected":false},"excerpt":{"rendered":"<p><strong>Tento n\u00f4\u017e potvrdzuje svoju d\u00e1vnu hist\u00f3riu a dnes zost\u00e1va neocenite\u013en\u00fdm pomocn\u00edkom pre v\u0161etk\u00fdch vojakov po celom svete, a to nielen pre mnoho aspektov ako n\u00e1stroj, ale samozrejme nezab\u00fadame na jeho nesmiernu hodnotu ako obrann\u00e9ho prvku.<\/strong><\/p>\n<p>&nbsp;<\/p>\n","protected":false},"featured_media":350602,"comment_status":"open","ping_status":"closed","template":"","meta":[],"pwb-brand":[3910],"product_brand":[],"product_cat":[3186,3187],"product_tag":[3668],"class_list":{"0":"post-350626","1":"product","2":"type-product","3":"status-publish","4":"has-post-thumbnail","6":"pwb-brand-muela-sk","7":"product_cat-noze-sk","8":"product_cat-pevne-noze-sk","9":"product_tag-b2b-sk","11":"first","12":"outofstock","13":"taxable","14":"shipping-taxable","15":"purchasable","16":"product-type-simple"},"brands":[{"id":3910,"name":"Muela","slug":"muela-sk"}],"_links":{"self":[{"href":"https:\/\/www.moskito.cz\/sk\/wp-json\/wp\/v2\/product\/350626","targetHints":{"allow":["GET"]}}],"collection":[{"href":"https:\/\/www.moskito.cz\/sk\/wp-json\/wp\/v2\/product"}],"about":[{"href":"https:\/\/www.moskito.cz\/sk\/wp-json\/wp\/v2\/types\/product"}],"replies":[{"embeddable":true,"href":"https:\/\/www.moskito.cz\/sk\/wp-json\/wp\/v2\/comments?post=350626"}],"wp:featuredmedia":[{"embeddable":true,"href":"https:\/\/www.moskito.cz\/sk\/wp-json\/wp\/v2\/media\/350602"}],"wp:attachment":[{"href":"https:\/\/www.moskito.cz\/sk\/wp-json\/wp\/v2\/media?parent=350626"}],"wp:term":[{"taxonomy":"pwb-brand","embeddable":true,"href":"https:\/\/www.moskito.cz\/sk\/wp-json\/wp\/v2\/pwb-brand?post=350626"},{"taxonomy":"product_brand","embeddable":true,"href":"https:\/\/www.moskito.cz\/sk\/wp-json\/wp\/v2\/product_brand?post=350626"},{"taxonomy":"product_cat","embeddable":true,"href":"https:\/\/www.moskito.cz\/sk\/wp-json\/wp\/v2\/product_cat?post=350626"},{"taxonomy":"product_tag","embeddable":true,"href":"https:\/\/www.moskito.cz\/sk\/wp-json\/wp\/v2\/product_tag?post=350626"}],"curies":[{"name":"wp","href":"https:\/\/api.w.org\/{rel}","templated":true}]}}