{"id":350659,"date":"2023-07-14T10:50:36","date_gmt":"2023-07-14T09:50:36","guid":{"rendered":"https:\/\/www.moskito.cz\/produkt\/pevny-noz-muela-85-161\/"},"modified":"2025-05-07T11:20:29","modified_gmt":"2025-05-07T10:20:29","slug":"pevny-noz-muela-85-161","status":"publish","type":"product","link":"https:\/\/www.moskito.cz\/sk\/produkt\/pevny-noz-muela-85-161\/","title":{"rendered":"Pevn\u00fd N\u00f4\u017e Muela 85-161"},"content":{"rendered":"<p>Pevn\u00fd N\u00f4\u017e <strong>Muela<\/strong> 85-161<\/p>\n<p>85-161 stredne ve\u013ek\u00fd n\u00f4\u017e s pevnou \u010depe\u013eou od \u0161panielskej firmy Muela. Vynikaj\u00faci taktick\u00fd n\u00f4\u017e dobre posl\u00fa\u017ei pri v\u00fdlete mimo mesta, na kempovanie, ako survival alebo po\u013eovn\u00fd n\u00f4\u017e. Pevn\u00e1 \u010depe\u013e vydr\u017e\u00ed ak\u00fako\u013evek pr\u00e1cu za v\u0161etk\u00fdch podmienok bez po\u0161kodenia.<\/p>\n<p>\u010cepe\u013e &#8211; hr\u00fabka 3,7 mm s profilom Drop Point, s vlnit\u00fdm ostr\u00edm (Recurve), poskytuje vynikaj\u00face rezn\u00e9 vlastnosti. Pou\u017e\u00edva sa v dobr\u00fdch taktick\u00fdch a loveck\u00fdch no\u017eoch. \u010cepe\u013e je vyroben\u00e1 z nehrdzavej\u00facej, odolnej nerezovej ocele 420H so zv\u00fd\u0161en\u00fdm obsahom uhl\u00edka a vysokou r\u00e1zovou h\u00fa\u017eevnatos\u0165ou, kalen\u00e1 v rozmedz\u00ed 54-58 HRC. Potiahnut\u00e9 antireflexnou vrstvou Satin Finish (polomatn\u00e1), ktor\u00e1 eliminuje odlesky. Hladk\u00e1 \u010depe\u013e typu Plain, vyroben\u00e1 s konk\u00e1vnym v\u00fdbrusom (Hollow grind), zais\u0165uje dobr\u00e9 rezn\u00e9 vlastnosti. Obojstrann\u00fd kr\u00ed\u017eov\u00fd chr\u00e1ni\u010d na z\u00e1kladni \u010depele zabra\u0148uje sk\u013aznutiu ruky na \u010depe\u013e.<\/p>\n<p>Rukov\u00e4\u0165 &#8211; vr\u00fabkovan\u00fd \u010dierny elastom\u00e9rov\u00fd obklad, zakon\u010den\u00fd oce\u013eovou hlavou. M\u00e4kk\u00e1 gumov\u00e1 rukov\u00e4\u0165 dobre padne do ruky, n\u00f4\u017e nevyk\u013azava ani mokr\u00fdmi rukami. Siln\u00fd a pevn\u00fd \u00fachop umo\u017e\u0148uje presn\u00e9 pohyby s no\u017eom.<\/p>\n<p>Puzdro &#8211; vyroben\u00e9 z pr\u00edrodnej ko\u017ee, \u010dierne. Upevnenie pomocou z\u00e1padky umo\u017e\u0148uje bezpe\u010dn\u00e9 pren\u00e1\u0161anie no\u017ea. Okraje po\u0161vy boli ob\u0161it\u00e9 ozdobnou ni\u0165ou. Na prednej strane je vyrazen\u00e9 logo v\u00fdrobcu. Po\u0161va je pripevnen\u00e1 k opasku alebo pr\u00edslu\u0161enstvu, ktor\u00e9 umo\u017e\u0148uje nosenie no\u017ea vo zvislej polohe.<\/p>\n<p>Technick\u00e9 d\u00e1ta:<br \/>\n\u010c\u00edslo produktu: 85-161<br \/>\nTyp ocele: 420H<br \/>\nD\u013a\u017eka \u010depele: 16 cm<br \/>\nHr\u00fabka \u010depele: 0.37 cm<br \/>\nCelkov\u00e1 d\u013a\u017eka: 26.8 cm<br \/>\nHmotnos\u0165: 277 g<br \/>\n\u010cepe\u013e: Oby\u010dajn\u00e1<br \/>\nTyp \u010depele: Drop Point<br \/>\nTyp rezu: Konk\u00e1vne<br \/>\nTyp rukov\u00e4te: Thermorun<br \/>\nPo\u0161va: ko\u017ea<br \/>\nV\u00fdrobca: Muela, \u0160panielsko<\/p>\n<p>&nbsp;<\/p>\n","protected":false},"excerpt":{"rendered":"<p><strong>85-161 stredne ve\u013ek\u00fd n\u00f4\u017e s pevnou \u010depe\u013eou od \u0161panielskej firmy Muela. Vynikaj\u00faci taktick\u00fd n\u00f4\u017e dobre posl\u00fa\u017ei pri v\u00fdlete mimo mesta, na kempovanie, ako survival alebo po\u013eovn\u00fd n\u00f4\u017e.<\/strong><\/p>\n","protected":false},"featured_media":253985,"comment_status":"open","ping_status":"closed","template":"","meta":[],"pwb-brand":[3910],"product_brand":[],"product_cat":[3187,3186],"product_tag":[3668],"class_list":{"0":"post-350659","1":"product","2":"type-product","3":"status-publish","4":"has-post-thumbnail","6":"pwb-brand-muela-sk","7":"product_cat-pevne-noze-sk","8":"product_cat-noze-sk","9":"product_tag-b2b-sk","11":"first","12":"instock","13":"taxable","14":"shipping-taxable","15":"purchasable","16":"product-type-simple"},"brands":[{"id":3910,"name":"Muela","slug":"muela-sk"}],"_links":{"self":[{"href":"https:\/\/www.moskito.cz\/sk\/wp-json\/wp\/v2\/product\/350659","targetHints":{"allow":["GET"]}}],"collection":[{"href":"https:\/\/www.moskito.cz\/sk\/wp-json\/wp\/v2\/product"}],"about":[{"href":"https:\/\/www.moskito.cz\/sk\/wp-json\/wp\/v2\/types\/product"}],"replies":[{"embeddable":true,"href":"https:\/\/www.moskito.cz\/sk\/wp-json\/wp\/v2\/comments?post=350659"}],"wp:featuredmedia":[{"embeddable":true,"href":"https:\/\/www.moskito.cz\/sk\/wp-json\/wp\/v2\/media\/253985"}],"wp:attachment":[{"href":"https:\/\/www.moskito.cz\/sk\/wp-json\/wp\/v2\/media?parent=350659"}],"wp:term":[{"taxonomy":"pwb-brand","embeddable":true,"href":"https:\/\/www.moskito.cz\/sk\/wp-json\/wp\/v2\/pwb-brand?post=350659"},{"taxonomy":"product_brand","embeddable":true,"href":"https:\/\/www.moskito.cz\/sk\/wp-json\/wp\/v2\/product_brand?post=350659"},{"taxonomy":"product_cat","embeddable":true,"href":"https:\/\/www.moskito.cz\/sk\/wp-json\/wp\/v2\/product_cat?post=350659"},{"taxonomy":"product_tag","embeddable":true,"href":"https:\/\/www.moskito.cz\/sk\/wp-json\/wp\/v2\/product_tag?post=350659"}],"curies":[{"name":"wp","href":"https:\/\/api.w.org\/{rel}","templated":true}]}}