{"id":350682,"date":"2023-07-12T15:29:06","date_gmt":"2024-07-10T12:21:19","guid":{"rendered":"https:\/\/www.moskito.cz\/produkt\/pevny-noz-muela-bw-14\/"},"modified":"2025-05-07T11:20:30","modified_gmt":"2025-05-07T10:20:30","slug":"pevny-noz-muela-bw-14","status":"publish","type":"product","link":"https:\/\/www.moskito.cz\/sk\/produkt\/pevny-noz-muela-bw-14\/","title":{"rendered":"Pevn\u00fd N\u00f4\u017e Muela BW-14"},"content":{"rendered":"<p>Pevn\u00fd N\u00f4\u017e <strong>Muela<\/strong> BW-14<\/p>\n<p>N\u00f4\u017e BW-14 s kon\u0161tantnou \u010depe\u013eou, vyroben\u00fd z molybd\u00e9n-van\u00e1diovej ocele (MoVa). Vynikaj\u00faci po\u013eovn\u00fd n\u00f4\u017e, dobre posl\u00fa\u017ei pri v\u00fdprav\u00e1ch za pre\u017eit\u00edm alebo mimo mesta. Odoln\u00fd, ve\u013emi ostr\u00fd, zvl\u00e1dne ak\u00fako\u013evek \u00falohu.<\/p>\n<p>Puukko &#8211; nepostr\u00e1date\u013en\u00fd prvok v\u00fdbavy ka\u017ed\u00e9ho skauta, turistov ochotne vyu\u017e\u00edvan\u00fd. Vyzna\u010duje sa pevnou \u010depe\u013eou s d\u013a\u017ekou cca 130 mm a rukov\u00e4\u0165ou z plastu alebo dreva, obvykle zakon\u010denou predpa\u017eb\u00edm.<\/p>\n<p>\u010cepe\u013e &#8211; profil Bowie, hr\u00fabka 4,3 mm. Vyroben\u00e9 z tvrdenej 57-58 HRC, odolnej molybd\u00e9n-van\u00e1diovej nerezovej ocele X50CrMoV15. \u010cepe\u013e je pokryt\u00e1 antireflexnou vrstvou Satin Finish (polomatn\u00e1), ktor\u00e1 eliminuje odlesky. Hladk\u00e1 \u010depe\u013e (typ Plain) bola vyroben\u00e1 s konk\u00e1vnym v\u00fdbrusom (Hollow Grind). Obojstrann\u00e9 mosadzn\u00e9 predpa\u017ebie na p\u00e4te \u010depele chr\u00e1ni pred sk\u013aznut\u00edm ruky po \u010depeli, poskytuje pevn\u00fa oporu palcu.<\/p>\n<p>Rukov\u00e4\u0165 &#8211; zakon\u010den\u00e1 mosadznou hlavicou. Profilovan\u00e9 hned\u00e9 laminovan\u00e9 dreven\u00e9 obklady poskytuj\u00fa bezpe\u010dn\u00e9 a bezpe\u010dn\u00e9 uchopenie.<\/p>\n<p>Puzdro &#8211; o hnedej ko\u017ei s vyrazen\u00fdm logom firmy. Po\u0161va m\u00e1 pripevnenie na opasok alebo n\u00e1stavec umo\u017e\u0148uj\u00faci nosenie vo zvislej polohe.<\/p>\n<p>Technick\u00e9 \u0161pecifik\u00e1cie:<br \/>\n\u010c\u00edslo produktu: BW-14<br \/>\nTyp ocele: X50CrMoV15<br \/>\nD\u013a\u017eka \u010depele: 14 cm<br \/>\nHr\u00fabka \u010depele: 0.43 cm<br \/>\nCelkov\u00e1 d\u013a\u017eka: 22.5 cm<br \/>\nHmotnos\u0165: 225 g \/ 7,94 oz<br \/>\nTyp \u010depele: Hladk\u00fd<br \/>\nTyp \u010depele: Bowie<br \/>\nTyp rezu: Konk\u00e1vne<br \/>\nMateri\u00e1l rukov\u00e4te: drevo Pakka (Coral pakkawood)<br \/>\nPo\u0161va: Ko\u017ea<br \/>\nV\u00fdrobca: Muela, \u0160panielsko<\/p>\n<p>&nbsp;<\/p>\n","protected":false},"excerpt":{"rendered":"<p><strong>Vynikaj\u00faci po\u013eovn\u00fd n\u00f4\u017e, dobre posl\u00fa\u017ei pri v\u00fdprav\u00e1ch za pre\u017eit\u00edm alebo mimo mesta. Odoln\u00fd, ve\u013emi ostr\u00fd, zvl\u00e1dne ak\u00fako\u013evek \u00falohu.<\/strong><\/p>\n","protected":false},"featured_media":253849,"comment_status":"open","ping_status":"closed","template":"","meta":[],"pwb-brand":[3910],"product_brand":[],"product_cat":[3186,3187],"product_tag":[3668],"class_list":{"0":"post-350682","1":"product","2":"type-product","3":"status-publish","4":"has-post-thumbnail","6":"pwb-brand-muela-sk","7":"product_cat-noze-sk","8":"product_cat-pevne-noze-sk","9":"product_tag-b2b-sk","11":"first","12":"instock","13":"taxable","14":"shipping-taxable","15":"purchasable","16":"product-type-simple"},"brands":[{"id":3910,"name":"Muela","slug":"muela-sk"}],"_links":{"self":[{"href":"https:\/\/www.moskito.cz\/sk\/wp-json\/wp\/v2\/product\/350682","targetHints":{"allow":["GET"]}}],"collection":[{"href":"https:\/\/www.moskito.cz\/sk\/wp-json\/wp\/v2\/product"}],"about":[{"href":"https:\/\/www.moskito.cz\/sk\/wp-json\/wp\/v2\/types\/product"}],"replies":[{"embeddable":true,"href":"https:\/\/www.moskito.cz\/sk\/wp-json\/wp\/v2\/comments?post=350682"}],"wp:featuredmedia":[{"embeddable":true,"href":"https:\/\/www.moskito.cz\/sk\/wp-json\/wp\/v2\/media\/253849"}],"wp:attachment":[{"href":"https:\/\/www.moskito.cz\/sk\/wp-json\/wp\/v2\/media?parent=350682"}],"wp:term":[{"taxonomy":"pwb-brand","embeddable":true,"href":"https:\/\/www.moskito.cz\/sk\/wp-json\/wp\/v2\/pwb-brand?post=350682"},{"taxonomy":"product_brand","embeddable":true,"href":"https:\/\/www.moskito.cz\/sk\/wp-json\/wp\/v2\/product_brand?post=350682"},{"taxonomy":"product_cat","embeddable":true,"href":"https:\/\/www.moskito.cz\/sk\/wp-json\/wp\/v2\/product_cat?post=350682"},{"taxonomy":"product_tag","embeddable":true,"href":"https:\/\/www.moskito.cz\/sk\/wp-json\/wp\/v2\/product_tag?post=350682"}],"curies":[{"name":"wp","href":"https:\/\/api.w.org\/{rel}","templated":true}]}}