{"id":350708,"date":"2023-07-16T18:29:38","date_gmt":"2024-07-10T12:32:46","guid":{"rendered":"https:\/\/www.moskito.cz\/produkt\/pevny-noz-muela-55-16\/"},"modified":"2025-05-07T11:20:32","modified_gmt":"2025-05-07T10:20:32","slug":"pevny-noz-muela-55-16","status":"publish","type":"product","link":"https:\/\/www.moskito.cz\/sk\/produkt\/pevny-noz-muela-55-16\/","title":{"rendered":"Pevn\u00fd N\u00f4\u017e Muela 55-16"},"content":{"rendered":"<p>Pevn\u00fd N\u00f4\u017e <strong>Muela<\/strong> 55-16<\/p>\n<p>55-16 &#8211; taktick\u00fd n\u00f4\u017e s pevnou \u010depe\u013eou od \u0161panielskej firmy Muela. Ide\u00e1lne na v\u00fdlety mimo mesta, ako plutvov\u00fd n\u00f4\u017e, n\u00f4\u017e na pre\u017eitie alebo lov. Bude fungova\u0165 ako taktick\u00fd n\u00f4\u017e aj ako n\u00f4\u017e pre po\u013eovn\u00edkov. Pevn\u00fa \u010depe\u013e je mo\u017en\u00e9 pou\u017ei\u0165 pri v\u0161etk\u00fdch druhoch pr\u00e1ce, za v\u0161etk\u00fdch podmienok.<\/p>\n<p>\u010cepe\u013e &#8211; vyroben\u00e1 s profilom Bowie, hr\u00fabka 3,5 milimetra, Vyroben\u00e1 z nehrdzavej\u00facej, odolnej nerezovej ocele 420H s vysok\u00fdm obsahom uhl\u00edka a vysokou r\u00e1zovou h\u00fa\u017eevnatos\u0165ou, kaleno v rozmedz\u00ed 54-58 HRC. T\u00e1to \u010depe\u013e je pokryt\u00e1 nereflexnou vrstvou Satin Finish (polomatn\u00e1), ktor\u00e1 eliminuje odlesky. Hladk\u00e9 ostrie (typ Plain), odvoden\u00e9 konk\u00e1vne ostrie (dut\u00e9 br\u00fasenie) zais\u0165uj\u00fa dobr\u00e9 rezn\u00e9 vlastnosti. Oce\u013e na oboch stran\u00e1ch \u010depele, chr\u00e1ni ruku pred po\u0161myknut\u00edm pri pr\u00e1ci. Na z\u00e1kladni \u010depele bol umiestnen\u00fd obojstrann\u00fd paz\u00far chr\u00e1niaci proti sk\u013aznutiu ruky po \u010depeli.<\/p>\n<p>Rukov\u00e4\u0165 &#8211; pleten\u00fd \u010dierny elastom\u00e9rov\u00fd uz\u00e1ver zakon\u010den\u00fd oce\u013eovou pozl\u00e1tenou hlavou. M\u00e4kk\u00e1 gumov\u00e1 rukov\u00e4\u0165 padne pohodlne do ruky, n\u00f4\u017e n\u00e1m nek\u013a\u017ee z r\u00fak ani s mokr\u00fdmi rukami. Siln\u00fd a spo\u013eahliv\u00fd \u00fachop umo\u017e\u0148uje presn\u00e9 pohyby no\u017eom. V zadnej \u010dasti rukov\u00e4te je otvor pre lano.<\/p>\n<p>Puzdro v \u010diernej farbe, zap\u00ednanie na patentku, umo\u017e\u0148uje bezpe\u010dn\u00e9 pren\u00e1\u0161anie no\u017ea. Vyroben\u00e9 z pr\u00edrodnej ko\u017ee s vyrazen\u00fdm logom Muela Company. Po\u0161va bola na okrajoch pre\u0161it\u00e1 ozdobnou ni\u0165ou. Po\u0161va m\u00e1 upevnenie na opasok na nosenie no\u017ea vo zvislej polohe.<\/p>\n<p>Technick\u00e9 \u0161pecifik\u00e1cie:<br \/>\n\u010c\u00edslo produktu: 55-16<br \/>\nTyp ocele: 420H<br \/>\nD\u013a\u017eka \u010depele: 16 cm<br \/>\nHr\u00fabka \u010depele: 0.35 cm<br \/>\nCelkov\u00e1 d\u013a\u017eka: 28.6 cm<br \/>\nHmotnos\u0165: 228 g \/ 7,90 oz<br \/>\nTyp \u010depele: Hladk\u00fd<br \/>\nTyp \u010depele: Bowie<br \/>\nTyp rukov\u00e4te: Termorun<br \/>\nPo\u0161va: Ko\u017ea<br \/>\nV\u00fdrobca: Muela, \u0160panielsko<\/p>\n<p>Vytvoril: Sharg\u00ae Company &#8211; priamy dovozca<\/p>\n<p>&nbsp;<\/p>\n","protected":false},"excerpt":{"rendered":"<p><strong>55-16 &#8211; taktick\u00fd n\u00f4\u017e s pevnou \u010depe\u013eou od \u0161panielskej firmy Muela. Ide\u00e1lne na v\u00fdlety mimo mesta, ako plutvov\u00fd n\u00f4\u017e, n\u00f4\u017e na pre\u017eitie alebo lov. Bude fungova\u0165 ako taktick\u00fd n\u00f4\u017e aj ako n\u00f4\u017e pre po\u013eovn\u00edkov.<\/strong><\/p>\n","protected":false},"featured_media":254150,"comment_status":"open","ping_status":"closed","template":"","meta":[],"pwb-brand":[3910],"product_brand":[],"product_cat":[3187,3186],"product_tag":[3668],"class_list":{"0":"post-350708","1":"product","2":"type-product","3":"status-publish","4":"has-post-thumbnail","6":"pwb-brand-muela-sk","7":"product_cat-pevne-noze-sk","8":"product_cat-noze-sk","9":"product_tag-b2b-sk","11":"first","12":"instock","13":"taxable","14":"shipping-taxable","15":"purchasable","16":"product-type-simple"},"brands":[{"id":3910,"name":"Muela","slug":"muela-sk"}],"_links":{"self":[{"href":"https:\/\/www.moskito.cz\/sk\/wp-json\/wp\/v2\/product\/350708","targetHints":{"allow":["GET"]}}],"collection":[{"href":"https:\/\/www.moskito.cz\/sk\/wp-json\/wp\/v2\/product"}],"about":[{"href":"https:\/\/www.moskito.cz\/sk\/wp-json\/wp\/v2\/types\/product"}],"replies":[{"embeddable":true,"href":"https:\/\/www.moskito.cz\/sk\/wp-json\/wp\/v2\/comments?post=350708"}],"wp:featuredmedia":[{"embeddable":true,"href":"https:\/\/www.moskito.cz\/sk\/wp-json\/wp\/v2\/media\/254150"}],"wp:attachment":[{"href":"https:\/\/www.moskito.cz\/sk\/wp-json\/wp\/v2\/media?parent=350708"}],"wp:term":[{"taxonomy":"pwb-brand","embeddable":true,"href":"https:\/\/www.moskito.cz\/sk\/wp-json\/wp\/v2\/pwb-brand?post=350708"},{"taxonomy":"product_brand","embeddable":true,"href":"https:\/\/www.moskito.cz\/sk\/wp-json\/wp\/v2\/product_brand?post=350708"},{"taxonomy":"product_cat","embeddable":true,"href":"https:\/\/www.moskito.cz\/sk\/wp-json\/wp\/v2\/product_cat?post=350708"},{"taxonomy":"product_tag","embeddable":true,"href":"https:\/\/www.moskito.cz\/sk\/wp-json\/wp\/v2\/product_tag?post=350708"}],"curies":[{"name":"wp","href":"https:\/\/api.w.org\/{rel}","templated":true}]}}