{"id":350761,"date":"2023-07-13T14:54:59","date_gmt":"2024-07-10T12:54:47","guid":{"rendered":"https:\/\/www.moskito.cz\/produkt\/pevny-noz-muela-hunter-17r\/"},"modified":"2025-05-07T11:20:35","modified_gmt":"2025-05-07T10:20:35","slug":"pevny-noz-muela-hunter-17r","status":"publish","type":"product","link":"https:\/\/www.moskito.cz\/sk\/produkt\/pevny-noz-muela-hunter-17r\/","title":{"rendered":"Pevn\u00fd N\u00f4\u017e Muela Hunter-17R"},"content":{"rendered":"<p>Pevn\u00fd N\u00f4\u017e <strong>Muela<\/strong> Hunter-17R<\/p>\n<p>V\u00fdrobca no\u017eov a remeseln\u00fdch zatv\u00e1rac\u00edch no\u017eov Manufacturas Muela, predstavuje v r\u00e1mci rodiny LOVECK\u00ddCH A \u0160PORTOV\u00ddCH no\u017eov vonkaj\u0161\u00ed n\u00f4\u017e HUNTER-17R.<\/p>\n<p>S rukov\u00e4\u0165ou z palisandra a pou\u017eit\u00edm nerezovej ocele na obranu a poh\u00e1r. Ergonomick\u00e1 rukov\u00e4\u0165 a ve\u013ekos\u0165 \u010depele 170 mm, vyroben\u00e9 z molybd\u00e9n-van\u00e1diovej ocele. Tvrd\u00fd n\u00f4\u017e!!!<\/p>\n<p>Spolo\u010dnosti Muela zalo\u017eil p\u00e1n Eladio Muela Le\u00f3n v polovici 50. rokov minul\u00e9ho storo\u010dia, povzbuden\u00fd ve\u013ek\u00fdm ohlasom, ktor\u00fd jeho 38-dielny ru\u010dne vyroben\u00fd vreckov\u00fd n\u00f4\u017e mal medzi nemeck\u00fdmi in\u017einiermi v rafin\u00e9rii Empetrol, kde pracoval p\u00e1n Eladio I. potom.<\/p>\n<p>S\u00fa\u010dasn\u00e1 prev\u00e1dzka no\u017eov Muela v Argamasilla de Calatrava m\u00e1 rozlohu viac ako 5 000 m2 a je vybaven\u00e1 najmodernej\u0161\u00edmi v\u00fdrobn\u00fdmi a obr\u00e1bac\u00edmi syst\u00e9mami, kde sa ro\u010dne vyrob\u00ed viac ako 350 000 kusov, z toho 70 % exportuj\u00fa do viac ako 50 kraj\u00edn na piatich kontinentoch.<\/p>\n<p>V s\u00fa\u010dasnej dobe je Muela Group jednou z referen\u010dn\u00fdch firiem pre remeseln\u00e9 po\u013eovn\u00edcke pr\u00edbory v \u0160panielsku i po celom svete a jej no\u017ee a vreckov\u00e9 no\u017ee s\u00fa vysoko cenen\u00e9 pre svoju vysok\u00fa kvalitu.<\/p>\n<p>Pln\u00fd n\u00f4\u017e Muela Hunter 17R<\/p>\n<p>Lisovan\u00e1 dreven\u00e1 rukov\u00e4\u0165<br \/>\nRafinovan\u00e9 ko\u017een\u00e9 p\u00fazdro<br \/>\n\u010cepe\u013e: 17 cm<br \/>\nCelkov\u00e1 d\u013a\u017eka: 28,5 cm<br \/>\nHr\u00fabka 4 mm<br \/>\nHmotnos\u0165: 264 gramov<br \/>\nOce\u013e: Molybd\u00e9n Vanadium X50CrMoV15 MOVA (1.4116)<br \/>\nTvrdos\u0165: 57-58 HRC<br \/>\nKlasick\u00e1 oce\u013e na\u0161ich no\u017eov. Vynikaj\u00faca kombin\u00e1cia molybd\u00e9nu a van\u00e1du na dosiahnutie ocele s vynikaj\u00facimi vlastnos\u0165ami tvrdosti a odolnosti proti kor\u00f3zii.<\/p>\n<p>No\u017ee Muela maj\u00fa do\u017eivotn\u00fa z\u00e1ruku na materi\u00e1lov\u00e9 alebo v\u00fdrobn\u00e9 vady. Na \u0161kody sp\u00f4soben\u00e9 nespr\u00e1vnym pou\u017e\u00edvan\u00edm, nedbalos\u0165ou a logick\u00fdm opotreben\u00edm sp\u00f4soben\u00fdm pou\u017e\u00edvan\u00edm sa t\u00e1to z\u00e1ruka nevz\u0165ahuje)<\/p>\n<p>&nbsp;<\/p>\n<p>&nbsp;<\/p>\n","protected":false},"excerpt":{"rendered":"<p><strong>V\u00fdrobca no\u017eov a remeseln\u00fdch zatv\u00e1rac\u00edch no\u017eov Manufacturas Muela, predstavuje v r\u00e1mci rodiny LOVECK\u00ddCH A \u0160PORTOV\u00ddCH no\u017eov vonkaj\u0161\u00ed n\u00f4\u017e HUNTER-17R.<\/strong><\/p>\n","protected":false},"featured_media":253907,"comment_status":"open","ping_status":"closed","template":"","meta":[],"pwb-brand":[3910],"product_brand":[],"product_cat":[3186,3187],"product_tag":[3668],"class_list":{"0":"post-350761","1":"product","2":"type-product","3":"status-publish","4":"has-post-thumbnail","6":"pwb-brand-muela-sk","7":"product_cat-noze-sk","8":"product_cat-pevne-noze-sk","9":"product_tag-b2b-sk","11":"first","12":"instock","13":"taxable","14":"shipping-taxable","15":"purchasable","16":"product-type-simple"},"brands":[{"id":3910,"name":"Muela","slug":"muela-sk"}],"_links":{"self":[{"href":"https:\/\/www.moskito.cz\/sk\/wp-json\/wp\/v2\/product\/350761","targetHints":{"allow":["GET"]}}],"collection":[{"href":"https:\/\/www.moskito.cz\/sk\/wp-json\/wp\/v2\/product"}],"about":[{"href":"https:\/\/www.moskito.cz\/sk\/wp-json\/wp\/v2\/types\/product"}],"replies":[{"embeddable":true,"href":"https:\/\/www.moskito.cz\/sk\/wp-json\/wp\/v2\/comments?post=350761"}],"wp:featuredmedia":[{"embeddable":true,"href":"https:\/\/www.moskito.cz\/sk\/wp-json\/wp\/v2\/media\/253907"}],"wp:attachment":[{"href":"https:\/\/www.moskito.cz\/sk\/wp-json\/wp\/v2\/media?parent=350761"}],"wp:term":[{"taxonomy":"pwb-brand","embeddable":true,"href":"https:\/\/www.moskito.cz\/sk\/wp-json\/wp\/v2\/pwb-brand?post=350761"},{"taxonomy":"product_brand","embeddable":true,"href":"https:\/\/www.moskito.cz\/sk\/wp-json\/wp\/v2\/product_brand?post=350761"},{"taxonomy":"product_cat","embeddable":true,"href":"https:\/\/www.moskito.cz\/sk\/wp-json\/wp\/v2\/product_cat?post=350761"},{"taxonomy":"product_tag","embeddable":true,"href":"https:\/\/www.moskito.cz\/sk\/wp-json\/wp\/v2\/product_tag?post=350761"}],"curies":[{"name":"wp","href":"https:\/\/api.w.org\/{rel}","templated":true}]}}