{"id":350813,"date":"2024-07-10T14:10:59","date_gmt":"2024-07-10T13:11:52","guid":{"rendered":"https:\/\/www.moskito.cz\/produkt\/pevny-noz-muela-sarrio-19g\/"},"modified":"2025-05-07T11:20:36","modified_gmt":"2025-05-07T10:20:36","slug":"pevny-noz-muela-sarrio-19g","status":"publish","type":"product","link":"https:\/\/www.moskito.cz\/sk\/produkt\/pevny-noz-muela-sarrio-19g\/","title":{"rendered":"Pevn\u00fd N\u00f4\u017e Muela SARRIO-19G"},"content":{"rendered":"<p>Pevn\u00fd N\u00f4\u017e <strong>Muela<\/strong> SARRIO-19G<\/p>\n<p>Kvalitn\u00e1, stredne ve\u013ek\u00e1 loveck\u00e1 d\u00fdka od \u0161panielskeho v\u00fdrobcu Muela, ktor\u00fd m\u00e1 dlhoro\u010dn\u00fa trad\u00edciu vo v\u00fdrobe loveck\u00fdch d\u00fdk.<br \/>\nMuela patr\u00ed medzi najzn\u00e1mej\u0161ie a najpred\u00e1vanej\u0161ie \u0161panielske zna\u010dky no\u017eov, ide\u00e1lna vo\u013eba pre po\u013eovn\u00edkov alebo pre pobyt v pr\u00edrode.<br \/>\nN\u00f4\u017e m\u00e1 ergonomicky tvarovan\u00fa pogumovan\u00fa rukov\u00e4\u0165 pre lep\u0161\u00ed \u00fachop, obojstrann\u00fa kovov\u00fa z\u00e1\u0161titu pre v\u00e4\u010d\u0161iu bezpe\u010dnos\u0165, d\u00fdka je dod\u00e1van\u00e1 s \u010diernym ko\u017een\u00fdm puzdrom.<\/p>\n<p>POU\u017dITIE:<br \/>\n&#8211; do pr\u00edrody a na be\u017en\u00e9 pou\u017eitie,<br \/>\n&#8211; pre lesn\u00edkov, po\u013eovn\u00edkov,<br \/>\n&#8211; outdoor, camping, survival.<\/p>\n<p>&nbsp;<\/p>\n<p>Materi\u00e1l \u010depele: X50CrMoV15<br \/>\nMateri\u00e1l rukov\u00e4te: Guma<br \/>\nD\u013a\u017eka \u010depele: 19.5 cm<br \/>\nCelkov\u00e1 d\u013a\u017eka: 31 cm<br \/>\nD\u013a\u017eka rukov\u00e4te: 11.5 cm<br \/>\nHmotnos\u0165: 300 g<\/p>\n<p>&nbsp;<\/p>\n","protected":false},"excerpt":{"rendered":"<p><strong>Kvalitn\u00e1, stredne ve\u013ek\u00e1 loveck\u00e1 d\u00fdka od \u0161panielskeho v\u00fdrobcu Muela, ktor\u00fd m\u00e1 dlhoro\u010dn\u00fa trad\u00edciu vo v\u00fdrobe loveck\u00fdch d\u00fdk.<\/strong><\/p>\n","protected":false},"featured_media":350781,"comment_status":"open","ping_status":"closed","template":"","meta":[],"pwb-brand":[3910],"product_brand":[],"product_cat":[3187,3186],"product_tag":[3668],"class_list":{"0":"post-350813","1":"product","2":"type-product","3":"status-publish","4":"has-post-thumbnail","6":"pwb-brand-muela-sk","7":"product_cat-pevne-noze-sk","8":"product_cat-noze-sk","9":"product_tag-b2b-sk","11":"first","12":"outofstock","13":"taxable","14":"shipping-taxable","15":"purchasable","16":"product-type-simple"},"brands":[{"id":3910,"name":"Muela","slug":"muela-sk"}],"_links":{"self":[{"href":"https:\/\/www.moskito.cz\/sk\/wp-json\/wp\/v2\/product\/350813","targetHints":{"allow":["GET"]}}],"collection":[{"href":"https:\/\/www.moskito.cz\/sk\/wp-json\/wp\/v2\/product"}],"about":[{"href":"https:\/\/www.moskito.cz\/sk\/wp-json\/wp\/v2\/types\/product"}],"replies":[{"embeddable":true,"href":"https:\/\/www.moskito.cz\/sk\/wp-json\/wp\/v2\/comments?post=350813"}],"wp:featuredmedia":[{"embeddable":true,"href":"https:\/\/www.moskito.cz\/sk\/wp-json\/wp\/v2\/media\/350781"}],"wp:attachment":[{"href":"https:\/\/www.moskito.cz\/sk\/wp-json\/wp\/v2\/media?parent=350813"}],"wp:term":[{"taxonomy":"pwb-brand","embeddable":true,"href":"https:\/\/www.moskito.cz\/sk\/wp-json\/wp\/v2\/pwb-brand?post=350813"},{"taxonomy":"product_brand","embeddable":true,"href":"https:\/\/www.moskito.cz\/sk\/wp-json\/wp\/v2\/product_brand?post=350813"},{"taxonomy":"product_cat","embeddable":true,"href":"https:\/\/www.moskito.cz\/sk\/wp-json\/wp\/v2\/product_cat?post=350813"},{"taxonomy":"product_tag","embeddable":true,"href":"https:\/\/www.moskito.cz\/sk\/wp-json\/wp\/v2\/product_tag?post=350813"}],"curies":[{"name":"wp","href":"https:\/\/api.w.org\/{rel}","templated":true}]}}