{"id":350844,"date":"2024-07-10T14:22:29","date_gmt":"2024-07-10T13:23:23","guid":{"rendered":"https:\/\/www.moskito.cz\/produkt\/pevny-noz-muela-caz-16r\/"},"modified":"2025-05-07T11:20:38","modified_gmt":"2025-05-07T10:20:38","slug":"pevny-noz-muela-caz-16r","status":"publish","type":"product","link":"https:\/\/www.moskito.cz\/sk\/produkt\/pevny-noz-muela-caz-16r\/","title":{"rendered":"Pevn\u00fd N\u00f4\u017e Muela CAZ-16R"},"content":{"rendered":"<p>Pevn\u00fd N\u00f4\u017e <strong>Muela<\/strong> CAZ-16R<\/p>\n<p>Univerz\u00e1lny outdoorov\u00fd a Bushcraft n\u00f4\u017e. \u010cepe\u013e je vyroben\u00e1 z kvalitnej nerezovej molibden van\u00e1diovej ocele o tvrdosti okolo 60 HRC. Pre maxim\u00e1lnu bezpe\u010dnos\u0165 pri pr\u00e1ci je n\u00f4\u017e opatren\u00fd mohutnou obojstrannou kovovou z\u00e1\u0161titou v striebornej farbe. Rukov\u00e4\u0165 je vyroben\u00e1 z vrstven\u00e9ho dreva Pakka, je anatomicky tvarovan\u00e1 a na jej konci je otvor pre z\u00e1vesn\u00fa \u0161n\u00faru. N\u00f4\u017e je dod\u00e1van\u00fd s hned\u00fdm ko\u017een\u00fdm puzdrom.<\/p>\n<p>\u0160pecifik\u00e1cia:<\/p>\n<p>D\u013a\u017eka \u010depele: 16 cm.<\/p>\n<p>D\u013a\u017eka rukov\u00e4te: 12 cm.<\/p>\n<p>Celkov\u00e1 d\u013a\u017eka: 18 cm.<\/p>\n<p>Hmotnos\u0165 no\u017ea: 190 g.<\/p>\n<p>Materi\u00e1l puzdra: Ko\u017een\u00e9<\/p>\n","protected":false},"excerpt":{"rendered":"<p><strong>Univerz\u00e1lny outdoorov\u00fd a Bushcraft n\u00f4\u017e s ko\u017een\u00fdm puzdrom.<\/strong><\/p>\n","protected":false},"featured_media":350821,"comment_status":"open","ping_status":"closed","template":"","meta":[],"pwb-brand":[3910],"product_brand":[],"product_cat":[3187,3186],"product_tag":[3668],"class_list":{"0":"post-350844","1":"product","2":"type-product","3":"status-publish","4":"has-post-thumbnail","6":"pwb-brand-muela-sk","7":"product_cat-pevne-noze-sk","8":"product_cat-noze-sk","9":"product_tag-b2b-sk","11":"first","12":"instock","13":"taxable","14":"shipping-taxable","15":"purchasable","16":"product-type-simple"},"brands":[{"id":3910,"name":"Muela","slug":"muela-sk"}],"_links":{"self":[{"href":"https:\/\/www.moskito.cz\/sk\/wp-json\/wp\/v2\/product\/350844","targetHints":{"allow":["GET"]}}],"collection":[{"href":"https:\/\/www.moskito.cz\/sk\/wp-json\/wp\/v2\/product"}],"about":[{"href":"https:\/\/www.moskito.cz\/sk\/wp-json\/wp\/v2\/types\/product"}],"replies":[{"embeddable":true,"href":"https:\/\/www.moskito.cz\/sk\/wp-json\/wp\/v2\/comments?post=350844"}],"wp:featuredmedia":[{"embeddable":true,"href":"https:\/\/www.moskito.cz\/sk\/wp-json\/wp\/v2\/media\/350821"}],"wp:attachment":[{"href":"https:\/\/www.moskito.cz\/sk\/wp-json\/wp\/v2\/media?parent=350844"}],"wp:term":[{"taxonomy":"pwb-brand","embeddable":true,"href":"https:\/\/www.moskito.cz\/sk\/wp-json\/wp\/v2\/pwb-brand?post=350844"},{"taxonomy":"product_brand","embeddable":true,"href":"https:\/\/www.moskito.cz\/sk\/wp-json\/wp\/v2\/product_brand?post=350844"},{"taxonomy":"product_cat","embeddable":true,"href":"https:\/\/www.moskito.cz\/sk\/wp-json\/wp\/v2\/product_cat?post=350844"},{"taxonomy":"product_tag","embeddable":true,"href":"https:\/\/www.moskito.cz\/sk\/wp-json\/wp\/v2\/product_tag?post=350844"}],"curies":[{"name":"wp","href":"https:\/\/api.w.org\/{rel}","templated":true}]}}