{"id":350868,"date":"2024-07-10T14:42:21","date_gmt":"2024-07-10T13:46:53","guid":{"rendered":"https:\/\/www.moskito.cz\/produkt\/pevny-noz-muela-gaucho-16r\/"},"modified":"2025-05-07T11:20:39","modified_gmt":"2025-05-07T10:20:39","slug":"pevny-noz-muela-gaucho-16r","status":"publish","type":"product","link":"https:\/\/www.moskito.cz\/sk\/produkt\/pevny-noz-muela-gaucho-16r\/","title":{"rendered":"Pevn\u00fd N\u00f4\u017e Muela GAUCHO-16R"},"content":{"rendered":"<p>Pevn\u00fd N\u00f4\u017e <strong>Muela<\/strong> GAUCHO-16R.<\/p>\n<p>N\u00f4\u017e <strong>Muela Gaucho 16R<\/strong> je in\u0161pirovan\u00fd tradi\u010dn\u00fdmi argent\u00ednskymi modelmi. Je vhodn\u00fd najm\u00e4 na lov a v\u0161etky druhy outdoorov\u00fdch aktiv\u00edt.<br \/>\nVlastnosti:<\/p>\n<p>D\u013a\u017eka \u010depele: 16 cm.<br \/>\nD\u013a\u017eka rukov\u00e4te: 12 cm.<br \/>\nCelkov\u00e1 d\u013a\u017eka: 28 cm.<br \/>\nHr\u00fabka plechu: 4 mm.<br \/>\nX50CrMoV15 Plech z nerezovej ocele.<br \/>\nHmotnos\u0165: 110g.<br \/>\nTvrdos\u0165: 57\/58 HRc.<br \/>\nMateri\u00e1l rukov\u00e4te: Pr\u00edrodn\u00e9 staminov\u00e9 drevo.<br \/>\nMateri\u00e1l obj\u00edmky: Nerezov\u00e1 oce\u013e.<br \/>\nMateri\u00e1l gomb\u00edka: V\u00fdstuha z nerezovej ocele.<br \/>\nVyroben\u00e9 v \u0160panielsku.<\/p>\n<p>&nbsp;<\/p>\n","protected":false},"excerpt":{"rendered":"<p><strong>N\u00f4\u017e Muela Gaucho 16R je in\u0161pirovan\u00fd tradi\u010dn\u00fdmi argent\u00ednskymi modelmi. Je vhodn\u00fd najm\u00e4 na lov a v\u0161etky druhy outdoorov\u00fdch aktiv\u00edt.<\/strong><\/p>\n","protected":false},"featured_media":350853,"comment_status":"open","ping_status":"closed","template":"","meta":[],"pwb-brand":[3910],"product_brand":[],"product_cat":[3186,3187],"product_tag":[3668],"class_list":{"0":"post-350868","1":"product","2":"type-product","3":"status-publish","4":"has-post-thumbnail","6":"pwb-brand-muela-sk","7":"product_cat-noze-sk","8":"product_cat-pevne-noze-sk","9":"product_tag-b2b-sk","11":"first","12":"instock","13":"taxable","14":"shipping-taxable","15":"purchasable","16":"product-type-simple"},"brands":[{"id":3910,"name":"Muela","slug":"muela-sk"}],"_links":{"self":[{"href":"https:\/\/www.moskito.cz\/sk\/wp-json\/wp\/v2\/product\/350868","targetHints":{"allow":["GET"]}}],"collection":[{"href":"https:\/\/www.moskito.cz\/sk\/wp-json\/wp\/v2\/product"}],"about":[{"href":"https:\/\/www.moskito.cz\/sk\/wp-json\/wp\/v2\/types\/product"}],"replies":[{"embeddable":true,"href":"https:\/\/www.moskito.cz\/sk\/wp-json\/wp\/v2\/comments?post=350868"}],"wp:featuredmedia":[{"embeddable":true,"href":"https:\/\/www.moskito.cz\/sk\/wp-json\/wp\/v2\/media\/350853"}],"wp:attachment":[{"href":"https:\/\/www.moskito.cz\/sk\/wp-json\/wp\/v2\/media?parent=350868"}],"wp:term":[{"taxonomy":"pwb-brand","embeddable":true,"href":"https:\/\/www.moskito.cz\/sk\/wp-json\/wp\/v2\/pwb-brand?post=350868"},{"taxonomy":"product_brand","embeddable":true,"href":"https:\/\/www.moskito.cz\/sk\/wp-json\/wp\/v2\/product_brand?post=350868"},{"taxonomy":"product_cat","embeddable":true,"href":"https:\/\/www.moskito.cz\/sk\/wp-json\/wp\/v2\/product_cat?post=350868"},{"taxonomy":"product_tag","embeddable":true,"href":"https:\/\/www.moskito.cz\/sk\/wp-json\/wp\/v2\/product_tag?post=350868"}],"curies":[{"name":"wp","href":"https:\/\/api.w.org\/{rel}","templated":true}]}}