{"id":350918,"date":"2024-07-10T14:59:04","date_gmt":"2024-07-10T13:59:04","guid":{"rendered":"https:\/\/www.moskito.cz\/produkt\/pevny-noz-muela-criollo-17-ol\/"},"modified":"2025-05-07T11:20:40","modified_gmt":"2025-05-07T10:20:40","slug":"pevny-noz-muela-criollo-17-ol","status":"publish","type":"product","link":"https:\/\/www.moskito.cz\/sk\/produkt\/pevny-noz-muela-criollo-17-ol\/","title":{"rendered":"Pevn\u00fd N\u00f4\u017e Muela CRIOLLO-17.OL"},"content":{"rendered":"<p>Pevn\u00fd N\u00f4\u017e <strong>Muela<\/strong> CRIOLLO-17.OL<\/p>\n<p>Loveck\u00fd n\u00f4\u017e Muela CRIOLLO-17.OL, oce\u013e MoVa, olivov\u00e9 drevo + ko\u017een\u00e9 p\u00fazdro<\/p>\n<p><strong>CRIOLLO-17.OL<\/strong> je n\u00f4\u017e ur\u010den\u00fd na outdoorov\u00e9 aktivity vyr\u00e1ban\u00fd sl\u00e1vnou firmou Muela v Ciudad de Real v \u0160panielsku. Ide\u00e1lny n\u00f4\u017e pre loveck\u00fdch nad\u0161encov a \u013eud\u00ed, ktor\u00ed ocenia akt\u00edvne pre\u017eitie v pr\u00edrode. Je odoln\u00fd, robustn\u00fd a odol\u00e1 v\u0161etk\u00fdm podmienkam bez po\u0161kodenia. No\u017ee Muela, ktor\u00e9 za\u010dala v malej miestnosti vyr\u00e1ba\u0165 v 50. rokoch 20. storo\u010dia rodina Muela, sa dnes vyv\u00e1\u017eaj\u00fa do viac ako 50 kraj\u00edn na 5 kontinentoch. Muela, ktor\u00e1 m\u00e1 ro\u010dn\u00fa v\u00fdrobn\u00fa kapacitu 350 000 no\u017eov, realizuje 70 % svojej produkcie pre zahrani\u010die a zvy\u0161n\u00fa \u010das\u0165 pre tuzemsk\u00fd trh.<\/p>\n<p>\u010cepe\u013e je obojstranne br\u00fasen\u00e1 a je vyroben\u00e1 z kombin\u00e1cie molybd\u00e9nu a van\u00e1du, \u010d\u00edm je z\u00edskan\u00e1 ru\u010dne kovan\u00e1 nerezov\u00e1 oce\u013e MoVa X50CrMoV15, so stup\u0148om tvrdosti Brinell HB 55-57 RC, ktor\u00e1 jej dod\u00e1va extr\u00e9mne vysok\u00fa odolnos\u0165 vo\u010di kor\u00f3zii a ma\u0165 na sebe. Na robustnej \u010depeli je vyryt\u00fd model no\u017ea a logo Muela, ktor\u00e9 sved\u010dia o originalite a kvalite produktu. Rukov\u00e4\u0165 je vyroben\u00e1 z olivov\u00e9ho dreva, exotick\u00e9ho tvrd\u00e9ho dreva zo stromov poch\u00e1dzaj\u00facich zo stredomorskej panvy, pou\u017e\u00edvan\u00e9ho najm\u00e4 pre dekorat\u00edvne predmety v\u010faka svojmu \u00fa\u017easne bohat\u00e9mu a farebn\u00e9mu vzh\u013eadu a skuto\u010dnosti, \u017ee povrch dreva je mo\u017en\u00e9 \u013eahko vysoko br\u00fasi\u0165. Rukov\u00e4\u0165 m\u00e1 ergonomick\u00fd tvar, v\u010faka ktor\u00e9mu sa skvele dr\u017e\u00ed, aj ke\u010f m\u00e1te mokr\u00fa ruku. M\u00e1 ochrann\u00fd kryt z mosadze, ktor\u00fd m\u00e1 za \u00falohu zv\u00fd\u0161i\u0165 bezpe\u010dnos\u0165 a zamedzi\u0165 riziku sk\u013aznutia dlane smerom k \u010depeli po\u010das pou\u017e\u00edvania, a na konci rukov\u00e4te m\u00e1 otvor, kam je mo\u017en\u00e9 namontova\u0165 bezpe\u010dnostn\u00e9 lanko.<\/p>\n<p>N\u00f4\u017e je dod\u00e1van\u00fd v kart\u00f3novej krabici spolu s hned\u00fdm ko\u017een\u00fdm ochrann\u00fdm puzdrom ru\u010dne vyr\u00e1ban\u00fdm &#8222;Quercur Leathercraft&#8220;, certifik\u00e1tom pravosti a z\u00e1ru\u010dn\u00fdm listom. Po\u0161va m\u00e1 uzatv\u00e1rac\u00ed syst\u00e9m so sponkou a m\u00e1 reli\u00e9fne vyryt\u00e9 logo Muela. D\u00e1 sa pripevni\u0165 na opasok. V\u0161etky no\u017ee Muela prech\u00e1dzaj\u00fa rukami sk\u00fasen\u00fdch majstrov no\u017e\u00edrov, ktor\u00ed ka\u017ed\u00fd kus remeselne a svojr\u00e1zne upravia, br\u00fasia, le\u0161t\u00ed a kontroluj\u00fa s n\u00e1ro\u010dnou kontrolou kvality.<\/p>\n<p>Vlastnosti:<\/p>\n<p>D\u013a\u017eka \u010depele: 17 cm;<br \/>\nHr\u00fabka \u010depele: 0.4 cm;<br \/>\nD\u013a\u017eka rukov\u00e4te: 12 cm;<br \/>\nCelkov\u00e1 d\u013a\u017eka: 29 cm;<br \/>\nMateri\u00e1l \u010depele: oce\u013e MoVa X50CrMoV15;<br \/>\nRukov\u00e4\u0165: olivov\u00e9 drevo;<br \/>\nFarba rukov\u00e4te: hned\u00e1;<br \/>\nHmotnos\u0165: 200g<\/p>\n<p>&nbsp;<\/p>\n","protected":false},"excerpt":{"rendered":"<p><strong>CRIOLLO-17.OL je n\u00f4\u017e ur\u010den\u00fd na outdoorov\u00e9 aktivity vyr\u00e1ban\u00fd sl\u00e1vnou firmou Muela v Ciudad de Real v \u0160panielsku. Ide\u00e1lny n\u00f4\u017e pre loveck\u00fdch nad\u0161encov a \u013eud\u00ed, ktor\u00ed ocenia akt\u00edvne pre\u017eitie v pr\u00edrode. Je odoln\u00fd, robustn\u00fd a odol\u00e1 v\u0161etk\u00fdm podmienkam bez po\u0161kodenia.<\/strong><\/p>\n","protected":false},"featured_media":350886,"comment_status":"open","ping_status":"closed","template":"","meta":[],"pwb-brand":[3910],"product_brand":[],"product_cat":[3187,3186],"product_tag":[3668],"class_list":{"0":"post-350918","1":"product","2":"type-product","3":"status-publish","4":"has-post-thumbnail","6":"pwb-brand-muela-sk","7":"product_cat-pevne-noze-sk","8":"product_cat-noze-sk","9":"product_tag-b2b-sk","11":"first","12":"instock","13":"taxable","14":"shipping-taxable","15":"purchasable","16":"product-type-simple"},"brands":[{"id":3910,"name":"Muela","slug":"muela-sk"}],"_links":{"self":[{"href":"https:\/\/www.moskito.cz\/sk\/wp-json\/wp\/v2\/product\/350918","targetHints":{"allow":["GET"]}}],"collection":[{"href":"https:\/\/www.moskito.cz\/sk\/wp-json\/wp\/v2\/product"}],"about":[{"href":"https:\/\/www.moskito.cz\/sk\/wp-json\/wp\/v2\/types\/product"}],"replies":[{"embeddable":true,"href":"https:\/\/www.moskito.cz\/sk\/wp-json\/wp\/v2\/comments?post=350918"}],"wp:featuredmedia":[{"embeddable":true,"href":"https:\/\/www.moskito.cz\/sk\/wp-json\/wp\/v2\/media\/350886"}],"wp:attachment":[{"href":"https:\/\/www.moskito.cz\/sk\/wp-json\/wp\/v2\/media?parent=350918"}],"wp:term":[{"taxonomy":"pwb-brand","embeddable":true,"href":"https:\/\/www.moskito.cz\/sk\/wp-json\/wp\/v2\/pwb-brand?post=350918"},{"taxonomy":"product_brand","embeddable":true,"href":"https:\/\/www.moskito.cz\/sk\/wp-json\/wp\/v2\/product_brand?post=350918"},{"taxonomy":"product_cat","embeddable":true,"href":"https:\/\/www.moskito.cz\/sk\/wp-json\/wp\/v2\/product_cat?post=350918"},{"taxonomy":"product_tag","embeddable":true,"href":"https:\/\/www.moskito.cz\/sk\/wp-json\/wp\/v2\/product_tag?post=350918"}],"curies":[{"name":"wp","href":"https:\/\/api.w.org\/{rel}","templated":true}]}}