{"id":350977,"date":"2024-07-10T20:30:24","date_gmt":"2024-07-10T19:32:02","guid":{"rendered":"https:\/\/www.moskito.cz\/produkt\/vystrelovaci-noz-microtech-scarab-ii-gen-iii-stonewashed-1278-10\/"},"modified":"2025-05-07T11:20:41","modified_gmt":"2025-05-07T10:20:41","slug":"vystrelovaci-noz-microtech-scarab-ii-gen-iii-stonewashed-1278-10","status":"publish","type":"product","link":"https:\/\/www.moskito.cz\/sk\/produkt\/vystrelovaci-noz-microtech-scarab-ii-gen-iii-stonewashed-1278-10\/","title":{"rendered":"Vystre\u013eovac\u00ed N\u00f4\u017e Microtech Scarab II Gen III Stonewashed 1278-10"},"content":{"rendered":"<p>Vystre\u013eovac\u00ed N\u00f4\u017e <strong>Microtech<\/strong> Scarab II Gen III Stonewashed 1278-10.<\/p>\n<p><strong>Microtech Scarab II<\/strong> je vysoko kvalitn\u00fd taktick\u00fd n\u00f4\u017e, zalo\u017een\u00fd na origin\u00e1lnom dizajne <strong>Microtech Ultratech<\/strong> . <strong>Scarab II,<\/strong> postaven\u00fd tak, aby odolal extr\u00e9mom, vynik\u00e1 vo vysoko intenz\u00edvnych skryt\u00fdch oper\u00e1ci\u00e1ch. <strong>Scarab II<\/strong> je navrhnut\u00fd pre \u0161irok\u00e9 spektrum u\u017eito\u010dn\u00fdch a bojov\u00fdch aplik\u00e1ci\u00ed na bl\u00edzko pre pou\u017eitie kvalifikovan\u00fdmi pracovn\u00edkmi vym\u00e1hania pr\u00e1va, arm\u00e1dou a vl\u00e1dnymi agent\u00farami. <strong>Scarab II<\/strong> je vyroben\u00fd pod\u013ea najvy\u0161\u0161\u00edch mo\u017en\u00fdch \u0161tandardov, aby bola zaisten\u00e1 spo\u013eahlivos\u0165 a bezpe\u010dnos\u0165 pri jeho pou\u017e\u00edvan\u00ed. Scarab sa vyzna\u010duje jednoru\u010dn\u00fdm, otv\u00e1rac\u00edm a zatv\u00e1rac\u00edm, dvoj\u010dinn\u00fdm predn\u00fdm dizajnom (OTF) a takmer \u0161tvorpalcovou \u010depe\u013eou a je vyroben\u00fd s ve\u013ekou \u013eahko uchopite\u013enou rukov\u00e4\u0165ou, ktor\u00e1 obsahuje proti\u0161mykov\u00fa rukov\u00e4\u0165. vlo\u017eky na oboch stran\u00e1ch.<\/p>\n<p>Najpopul\u00e1rnej\u0161ie v\u00fdkonn\u00fd <strong>Microtech<\/strong> OTF , Scarab II, je sp\u00e4\u0165 s inovat\u00edvnymi upgrady. Aktualizovan\u00fd <strong>Scarab II<\/strong> z roku 2023 si zachov\u00e1va vlastnosti svojho predchodcu ako vo ve\u013ekosti, tak \u0161t\u00fdle a z\u00e1rove\u0148 nastavuje nov\u00fd \u0161tandard pre technol\u00f3giu OTF. Navonok <strong>Scarab II<\/strong> 2023 pripom\u00edna predch\u00e1dzaj\u00facu gener\u00e1ciu. Klasick\u00e1 estetika trak\u010dn\u00fdch vlo\u017eiek a dizajn skrutiek Torx na podvozku, rovnako ako zn\u00e1my rozb\u00edja\u010d skla a vreckov\u00fd klip, prin\u00e1\u0161aj\u00fa jeden z na\u0161ich ob\u013e\u00faben\u00fdch \u0161t\u00fdlov OTF. Vn\u00fatorn\u00e9 vybavenie v\u0161ak rad\u00ed Scarab II 2023 do triedy samo o sebe. Revolu\u010dn\u00fd syst\u00e9m dvojpalivov\u00e9ho hnacieho \u00fastrojenstva spolo\u010dnosti Microtech nielen\u017ee umo\u017e\u0148uje \u013eahk\u00e9 nasadenie, ale kon\u0161trukcia s dvojitou pru\u017einou poh\u00e1\u0148a \u010depe\u013e vpred dostato\u010dnou silou, aby nasadenie no\u017ea pod vodou nespomalilo akciu. Aktualizovan\u00fd dizajn vrecka na gomb\u00edky zni\u017euje trenie a u\u013eah\u010duje premiest\u0148ovanie ne\u010dist\u00f4t, \u010do zni\u017euje potrebu \u010dastej \u00fadr\u017eby a \u010distenia. Najnov\u0161ia inov\u00e1cia v kombin\u00e1cii s nad\u010dasov\u00fdm <strong>Microtech<\/strong> vzh\u013eadom nastavuje nov\u00fd \u0161tandard pre tvrd\u00e9 a rozmern\u00e9 no\u017ee OTF.<\/p>\n<p>\u0160pecifik\u00e1cia:<br \/>\nD\u013a\u017eka \u010depele: 9.67 cm<br \/>\nD\u013a\u017eka v zatvorenom stave: 14.37 cm<br \/>\nCelkov\u00e1 d\u013a\u017eka: 24 cm<br \/>\nOce\u013e \u010depele: Nerezov\u00e1 oce\u013e Bohler M390MK<br \/>\n\u0160t\u00fdl \u010depele: Drop Point<br \/>\nBr\u00fasenie \u010depele: Ploch\u00e9<br \/>\nPovrchov\u00e1 \u00faprava \u010depele: Stonewash<br \/>\nMateri\u00e1l rukov\u00e4te: \u010dierny hlin\u00edk s vlo\u017ekami trak\u010dnej p\u00e1sky 3M<br \/>\nHr\u00fabka rukov\u00e4te: 0,5875&#8243;<br \/>\nUzamykac\u00ed mechanizmus: Posuvn\u00fd<br \/>\nVreckov\u00e1 spona: Nerezov\u00e1 oce\u013e (vykl\u00e1pacie, prav\u00e9\/\u013eav\u00e9 nosenie)<br \/>\nHmotnos\u0165: 5,78 oz.<br \/>\nDizajn\u00e9r: Tony Marfione<br \/>\nKon\u0161trukcia so skrutkou Torx<br \/>\nBlood Groove\/Fuller<br \/>\nVyroben\u00e9 v USA<\/p>\n<p><iframe title=\"Microtech Combat Troodon Torture Test\" width=\"800\" height=\"450\" src=\"https:\/\/www.youtube.com\/embed\/xE9TeOFYEjg?feature=oembed\" frameborder=\"0\" allow=\"accelerometer; autoplay; clipboard-write; encrypted-media; gyroscope; picture-in-picture; web-share\" referrerpolicy=\"strict-origin-when-cross-origin\" allowfullscreen><\/iframe><\/p>\n<p>&nbsp;<\/p>\n","protected":false},"excerpt":{"rendered":"<p><strong>V priebehu rokov Microtech\u00ae Knives naplnil v\u00e1\u0161\u0148ou a zru\u010dnos\u0165ou v\u00fdrobu no\u017eov, a\u017e z nich vytvoril takmer umeleck\u00e9 diela, ktor\u00e9 s\u00fa vrcholom funk\u010dnosti. V\u0161etky diely s\u00fa vyroben\u00e9 v USA.<\/strong><br \/>\n<strong>Na v\u0161etky no\u017ee Microtech je do\u017eivotn\u00e1 z\u00e1ruka.<\/strong><\/p>\n<p><strong>Doprava zadarmo.<\/strong><\/p>\n","protected":false},"featured_media":350928,"comment_status":"open","ping_status":"closed","template":"","meta":[],"pwb-brand":[3200],"product_brand":[],"product_cat":[3186,3197],"product_tag":[3668],"class_list":{"0":"post-350977","1":"product","2":"type-product","3":"status-publish","4":"has-post-thumbnail","6":"pwb-brand-microtech-sk","7":"product_cat-noze-sk","8":"product_cat-vystrelovacie-noze-sk","9":"product_tag-b2b-sk","11":"first","12":"instock","13":"taxable","14":"shipping-taxable","15":"purchasable","16":"product-type-simple"},"brands":[{"id":3200,"name":"Microtech","slug":"microtech-sk"}],"_links":{"self":[{"href":"https:\/\/www.moskito.cz\/sk\/wp-json\/wp\/v2\/product\/350977","targetHints":{"allow":["GET"]}}],"collection":[{"href":"https:\/\/www.moskito.cz\/sk\/wp-json\/wp\/v2\/product"}],"about":[{"href":"https:\/\/www.moskito.cz\/sk\/wp-json\/wp\/v2\/types\/product"}],"replies":[{"embeddable":true,"href":"https:\/\/www.moskito.cz\/sk\/wp-json\/wp\/v2\/comments?post=350977"}],"wp:featuredmedia":[{"embeddable":true,"href":"https:\/\/www.moskito.cz\/sk\/wp-json\/wp\/v2\/media\/350928"}],"wp:attachment":[{"href":"https:\/\/www.moskito.cz\/sk\/wp-json\/wp\/v2\/media?parent=350977"}],"wp:term":[{"taxonomy":"pwb-brand","embeddable":true,"href":"https:\/\/www.moskito.cz\/sk\/wp-json\/wp\/v2\/pwb-brand?post=350977"},{"taxonomy":"product_brand","embeddable":true,"href":"https:\/\/www.moskito.cz\/sk\/wp-json\/wp\/v2\/product_brand?post=350977"},{"taxonomy":"product_cat","embeddable":true,"href":"https:\/\/www.moskito.cz\/sk\/wp-json\/wp\/v2\/product_cat?post=350977"},{"taxonomy":"product_tag","embeddable":true,"href":"https:\/\/www.moskito.cz\/sk\/wp-json\/wp\/v2\/product_tag?post=350977"}],"curies":[{"name":"wp","href":"https:\/\/api.w.org\/{rel}","templated":true}]}}