{"id":351207,"date":"2024-07-11T10:09:52","date_gmt":"2024-07-11T09:11:56","guid":{"rendered":"https:\/\/www.moskito.cz\/produkt\/pevny-noz-muela-pioneer-14-ol\/"},"modified":"2025-05-07T11:20:46","modified_gmt":"2025-05-07T10:20:46","slug":"pevny-noz-muela-pioneer-14-ol","status":"publish","type":"product","link":"https:\/\/www.moskito.cz\/sk\/produkt\/pevny-noz-muela-pioneer-14-ol\/","title":{"rendered":"Pevn\u00fd N\u00f4\u017e Muela PIONEER-14.OL"},"content":{"rendered":"<p>Pevn\u00fd N\u00f4\u017e <strong>Muela<\/strong> PIONEER-14.OL<\/p>\n<p>No\u017ee <strong>Muela<\/strong> s\u00fa produkciou \u0161panielskej firmy, ktor\u00e1 vyr\u00e1ba cenovo prijate\u013en\u00e9 a kvalitn\u00e9 loveck\u00e9 no\u017ee, zatv\u00e1racie no\u017ee, luxusn\u00e9 no\u017ee a mnoh\u00e9 \u010fal\u0161ie.<\/p>\n<p>N\u00f4\u017e od \u0161panielskej firmy <strong>Muela je<\/strong> vhodn\u00fd na lov a pobyt v pr\u00edrode. V\u010faka svojej kon\u0161trukcii je maxim\u00e1lne odoln\u00fd a spo\u013eahliv\u00fd aj v n\u00e1ro\u010dn\u00fdch podmienkach. N\u00f4\u017e je vyroben\u00fd z jedn\u00e9ho kusu molibden van\u00e1diovej ocele o tvrdosti 58 &#8211; 61 HRC. Rukov\u00e4\u0165 je dobre anatomicky tvarovan\u00e1 a perfektne sed\u00ed v ruke, \u010drienky s\u00fa vyroben\u00e9 z olivov\u00e9ho dreva s kr\u00e1snou kresbou. Na konci rukov\u00e4te je otvor pre z\u00e1vesn\u00fa \u0161n\u00faru. S no\u017eom je dod\u00e1van\u00e9 hned\u00e9 ko\u017een\u00e9 puzdro.<\/p>\n<p>Materi\u00e1l \u010depele: MoVa<br \/>\nMateri\u00e1l rukov\u00e4te: Drevo<br \/>\nMateri\u00e1l puzdra: Ko\u017ea<br \/>\nD\u013a\u017eka \u010depele: 13.5 cm<br \/>\nCelkov\u00e1 d\u013a\u017eka: 26.5 cm<br \/>\nD\u013a\u017eka rukov\u00e4te: 13 cm<br \/>\nHmotnos\u0165: 230 g<br \/>\nTyp \u010depele: Drop Point<\/p>\n","protected":false},"excerpt":{"rendered":"<p><strong>N\u00f4\u017e od \u0161panielskej firmy Muela, vhodn\u00fd na lov a pobyt v pr\u00edrode. V\u010faka svojej kon\u0161trukcii je maxim\u00e1lne odoln\u00fd a spo\u013eahliv\u00fd aj v n\u00e1ro\u010dn\u00fdch podmienkach.<\/strong><\/p>\n","protected":false},"featured_media":351161,"comment_status":"open","ping_status":"closed","template":"","meta":[],"pwb-brand":[3910],"product_brand":[],"product_cat":[3186,3187],"product_tag":[3668],"class_list":{"0":"post-351207","1":"product","2":"type-product","3":"status-publish","4":"has-post-thumbnail","6":"pwb-brand-muela-sk","7":"product_cat-noze-sk","8":"product_cat-pevne-noze-sk","9":"product_tag-b2b-sk","11":"first","12":"outofstock","13":"taxable","14":"shipping-taxable","15":"purchasable","16":"product-type-simple"},"brands":[{"id":3910,"name":"Muela","slug":"muela-sk"}],"_links":{"self":[{"href":"https:\/\/www.moskito.cz\/sk\/wp-json\/wp\/v2\/product\/351207","targetHints":{"allow":["GET"]}}],"collection":[{"href":"https:\/\/www.moskito.cz\/sk\/wp-json\/wp\/v2\/product"}],"about":[{"href":"https:\/\/www.moskito.cz\/sk\/wp-json\/wp\/v2\/types\/product"}],"replies":[{"embeddable":true,"href":"https:\/\/www.moskito.cz\/sk\/wp-json\/wp\/v2\/comments?post=351207"}],"wp:featuredmedia":[{"embeddable":true,"href":"https:\/\/www.moskito.cz\/sk\/wp-json\/wp\/v2\/media\/351161"}],"wp:attachment":[{"href":"https:\/\/www.moskito.cz\/sk\/wp-json\/wp\/v2\/media?parent=351207"}],"wp:term":[{"taxonomy":"pwb-brand","embeddable":true,"href":"https:\/\/www.moskito.cz\/sk\/wp-json\/wp\/v2\/pwb-brand?post=351207"},{"taxonomy":"product_brand","embeddable":true,"href":"https:\/\/www.moskito.cz\/sk\/wp-json\/wp\/v2\/product_brand?post=351207"},{"taxonomy":"product_cat","embeddable":true,"href":"https:\/\/www.moskito.cz\/sk\/wp-json\/wp\/v2\/product_cat?post=351207"},{"taxonomy":"product_tag","embeddable":true,"href":"https:\/\/www.moskito.cz\/sk\/wp-json\/wp\/v2\/product_tag?post=351207"}],"curies":[{"name":"wp","href":"https:\/\/api.w.org\/{rel}","templated":true}]}}