{"id":351230,"date":"2024-07-11T10:26:06","date_gmt":"2024-07-11T09:31:55","guid":{"rendered":"https:\/\/www.moskito.cz\/produkt\/pevny-noz-muela-pioneer-14nl\/"},"modified":"2025-05-07T11:20:49","modified_gmt":"2025-05-07T10:20:49","slug":"pevny-noz-muela-pioneer-14nl","status":"publish","type":"product","link":"https:\/\/www.moskito.cz\/sk\/produkt\/pevny-noz-muela-pioneer-14nl\/","title":{"rendered":"Pevn\u00fd N\u00f4\u017e Muela PIONEER-14NL"},"content":{"rendered":"<p>Pevn\u00fd N\u00f4\u017e <strong>Muela<\/strong> PIONEER-14NL.<\/p>\n<p>No\u017ee <strong>Muela<\/strong> s\u00fa produkciou \u0161panielskej firmy, ktor\u00e1 vyr\u00e1ba cenovo prijate\u013en\u00e9 a kvalitn\u00e9 loveck\u00e9 no\u017ee, zatv\u00e1racie no\u017ee, luxusn\u00e9 no\u017ee a mnoh\u00e9 \u010fal\u0161ie.<\/p>\n<p>Univerz\u00e1lny loveck\u00fd n\u00f4\u017e s ko\u017een\u00fdm puzdrom od \u0161panielskej firmy <strong>Muela<\/strong> . Je vyroben\u00fd z jedn\u00e9ho kusu molibden van\u00e1diovej ocele a na \u010drienky bolo pou\u017eit\u00e9 palisandrov\u00e9 drevo. Na konci rukov\u00e4te je otvor na pretiahnutie \u0161n\u00farky na z\u00e1p\u00e4stie. No\u017ee tejto kon\u0161trukcie s\u00fa ve\u013emi odoln\u00e9 a pevn\u00e9. S no\u017eom je dod\u00e1van\u00e9 ko\u017een\u00e9 p\u00fazdro.<\/p>\n<p>Materi\u00e1l \u010depele: MoVa<br \/>\nMateri\u00e1l rukov\u00e4te: Drevo<br \/>\nMateri\u00e1l puzdra: Ko\u017een\u00e9<br \/>\nD\u013a\u017eka \u010depele: 14.5 cm<br \/>\nCelkov\u00e1 d\u013a\u017eka: 27 cm<br \/>\nD\u013a\u017eka rukov\u00e4te: 12.5 cm<br \/>\nHmotnos\u0165: 240 g<br \/>\nTyp \u010depele: Drop Point<\/p>\n<p>&nbsp;<\/p>\n","protected":false},"excerpt":{"rendered":"<p><strong>Univerz\u00e1lny po\u013eovn\u00fd n\u00f4\u017e s ko\u017een\u00fdm puzdrom od \u0161panielskej firmy Muela.<\/strong><\/p>\n","protected":false},"featured_media":351225,"comment_status":"open","ping_status":"closed","template":"","meta":[],"pwb-brand":[3910],"product_brand":[],"product_cat":[3186,3187],"product_tag":[3668],"class_list":{"0":"post-351230","1":"product","2":"type-product","3":"status-publish","4":"has-post-thumbnail","6":"pwb-brand-muela-sk","7":"product_cat-noze-sk","8":"product_cat-pevne-noze-sk","9":"product_tag-b2b-sk","11":"first","12":"instock","13":"taxable","14":"shipping-taxable","15":"purchasable","16":"product-type-simple"},"brands":[{"id":3910,"name":"Muela","slug":"muela-sk"}],"_links":{"self":[{"href":"https:\/\/www.moskito.cz\/sk\/wp-json\/wp\/v2\/product\/351230","targetHints":{"allow":["GET"]}}],"collection":[{"href":"https:\/\/www.moskito.cz\/sk\/wp-json\/wp\/v2\/product"}],"about":[{"href":"https:\/\/www.moskito.cz\/sk\/wp-json\/wp\/v2\/types\/product"}],"replies":[{"embeddable":true,"href":"https:\/\/www.moskito.cz\/sk\/wp-json\/wp\/v2\/comments?post=351230"}],"wp:featuredmedia":[{"embeddable":true,"href":"https:\/\/www.moskito.cz\/sk\/wp-json\/wp\/v2\/media\/351225"}],"wp:attachment":[{"href":"https:\/\/www.moskito.cz\/sk\/wp-json\/wp\/v2\/media?parent=351230"}],"wp:term":[{"taxonomy":"pwb-brand","embeddable":true,"href":"https:\/\/www.moskito.cz\/sk\/wp-json\/wp\/v2\/pwb-brand?post=351230"},{"taxonomy":"product_brand","embeddable":true,"href":"https:\/\/www.moskito.cz\/sk\/wp-json\/wp\/v2\/product_brand?post=351230"},{"taxonomy":"product_cat","embeddable":true,"href":"https:\/\/www.moskito.cz\/sk\/wp-json\/wp\/v2\/product_cat?post=351230"},{"taxonomy":"product_tag","embeddable":true,"href":"https:\/\/www.moskito.cz\/sk\/wp-json\/wp\/v2\/product_tag?post=351230"}],"curies":[{"name":"wp","href":"https:\/\/api.w.org\/{rel}","templated":true}]}}