{"id":351305,"date":"2024-07-11T11:13:49","date_gmt":"2024-07-11T11:37:24","guid":{"rendered":"https:\/\/www.moskito.cz\/produkt\/pevny-noz-muela-criollo-17\/"},"modified":"2025-05-07T11:20:51","modified_gmt":"2025-05-07T10:20:51","slug":"pevny-noz-muela-criollo-17","status":"publish","type":"product","link":"https:\/\/www.moskito.cz\/sk\/produkt\/pevny-noz-muela-criollo-17\/","title":{"rendered":"Pevn\u00fd N\u00f4\u017e Muela CRIOLLO-17"},"content":{"rendered":"<p>Pevn\u00fd N\u00f4\u017e <strong>Muela<\/strong> CRIOLLO-17.<\/p>\n<p><strong>CRIOLLO-17<\/strong> v\u00e4\u010d\u0161\u00ed z dvoch univerz\u00e1lnych no\u017eov z radu CRIOLLO s full tang kon\u0161trukciou. Vyroben\u00e9 z molybd\u00e9n-van\u00e1diovej ocele MoVa. Ur\u010den\u00e9 pre milovn\u00edkov pre\u017eitia, ide\u00e1lny na v\u00fdlety mimo mesta a ako po\u013eovn\u00fd n\u00f4\u017e.<\/p>\n<p>Hlava &#8211; s upraven\u00fdm profilom Drop Point, hr\u00fabka 4 mm s dobr\u00fdm dlhotrvaj\u00facim ohniskom, pokryt\u00e1 antireflexnou Satin Finish (polomatnou) eliminuj\u00facou odlesky. Vyroben\u00e9 z odolnej nerezovej ocele molybd\u00e9n-vanad X50CrMoV15 kalen\u00e9 v rozmedz\u00ed 57-58 HRC. Hladk\u00e1 \u010depe\u013e (typ Plain) bola vyroben\u00e1 s Full Flat Grind s vynikaj\u00facim rezn\u00fdm v\u00fdkonom. Tento rez zn\u00ed\u017eil hmotnos\u0165 no\u017ea a zlep\u0161il rezn\u00e9 vlastnosti.<\/p>\n<p>Rukov\u00e4\u0165 &#8211; profilovan\u00e1 pod rukou poskytuje bezpe\u010dn\u00fd \u00fachop, pokryt\u00e1 pr\u00edrodn\u00fdmi hned\u00fdmi podlo\u017ekami z koralov\u00e9ho lamin\u00e1tu (coral pakkawood). Profilovan\u00fd podrez\u00e1vac\u00ed prst Finger Choil medzi rukov\u00e4\u0165ou a ostr\u00edm (zvy\u0161uje kontrolu nad no\u017eom). N\u00f4\u017e ve\u013emi dobre padne do ruky, ne\u0161m\u00fdka sa, mo\u017eno ho \u013eahko ovl\u00e1da\u0165 za v\u0161etk\u00fdch podmienok. V zadnej \u010dasti rukov\u00e4te je otvor pre k\u00e1bel.<\/p>\n<p>Puzdro &#8211; profilovan\u00e9 pod rukov\u00e4\u0165ou, vyroben\u00e9 z hnedej ko\u017ee s vyrazen\u00fdm logom firmy Muela so zap\u00ednan\u00edm na z\u00e1padku. Po\u0161va bola na okrajoch pre\u0161it\u00e1 ozdobnou ni\u0165ou. Upevnenie na opasok alebo ozuben\u00e9 koleso umo\u017e\u0148uje nosi\u0165 n\u00f4\u017e vo zvislej polohe.<\/p>\n<p>Technick\u00e9 \u0161pecifik\u00e1cie:<br \/>\n\u010c\u00edslo produktu: CRIOLLO-17<\/p>\n<p>D\u013a\u017eka \u010depele: 17 cm \/ 6,69&#8243;<br \/>\nHr\u00fabka \u010depele: 0.4 cm \/ 0,16&#8243;<br \/>\nCelkov\u00e1 d\u013a\u017eka: 28 cm \/ 11,34&#8243;<br \/>\nHmotnos\u0165: 170,0 g \/ 6,0 oz<\/p>\n<p>Materi\u00e1l \u010depele: 1.4116 (X50CrMoV15)<br \/>\nTvrdos\u0165 \u010depele: 57-58 HRC<br \/>\nTyp \u010depele: Hladk\u00fd<br \/>\nTyp \u010depele: Drop Point<br \/>\nTyp strihu: Full Flat<\/p>\n<p>Rukov\u00e4\u0165: sekvoj, palisander, pakkawood<\/p>\n<p>Po\u0161va: Ko\u017ea<br \/>\nV\u00fdrobca: Muela, \u0160panielsko<\/p>\n<p>&nbsp;<\/p>\n","protected":false},"excerpt":{"rendered":"<p><strong>CRIOLLO-17 v\u00e4\u010d\u0161\u00ed z dvoch univerz\u00e1lnych no\u017eov z radu CRIOLLO s full tang kon\u0161trukciou. Vyroben\u00e9 z molybd\u00e9n-van\u00e1diovej ocele MoVa. Ur\u010den\u00e9 pre milovn\u00edkov pre\u017eitia, ide\u00e1lny na v\u00fdlety mimo mesta a ako po\u013eovn\u00fd n\u00f4\u017e.<\/strong><\/p>\n","protected":false},"featured_media":351292,"comment_status":"open","ping_status":"closed","template":"","meta":[],"pwb-brand":[3910],"product_brand":[],"product_cat":[3186,3187],"product_tag":[3668],"class_list":{"0":"post-351305","1":"product","2":"type-product","3":"status-publish","4":"has-post-thumbnail","6":"pwb-brand-muela-sk","7":"product_cat-noze-sk","8":"product_cat-pevne-noze-sk","9":"product_tag-b2b-sk","11":"first","12":"instock","13":"taxable","14":"shipping-taxable","15":"purchasable","16":"product-type-simple"},"brands":[{"id":3910,"name":"Muela","slug":"muela-sk"}],"_links":{"self":[{"href":"https:\/\/www.moskito.cz\/sk\/wp-json\/wp\/v2\/product\/351305","targetHints":{"allow":["GET"]}}],"collection":[{"href":"https:\/\/www.moskito.cz\/sk\/wp-json\/wp\/v2\/product"}],"about":[{"href":"https:\/\/www.moskito.cz\/sk\/wp-json\/wp\/v2\/types\/product"}],"replies":[{"embeddable":true,"href":"https:\/\/www.moskito.cz\/sk\/wp-json\/wp\/v2\/comments?post=351305"}],"wp:featuredmedia":[{"embeddable":true,"href":"https:\/\/www.moskito.cz\/sk\/wp-json\/wp\/v2\/media\/351292"}],"wp:attachment":[{"href":"https:\/\/www.moskito.cz\/sk\/wp-json\/wp\/v2\/media?parent=351305"}],"wp:term":[{"taxonomy":"pwb-brand","embeddable":true,"href":"https:\/\/www.moskito.cz\/sk\/wp-json\/wp\/v2\/pwb-brand?post=351305"},{"taxonomy":"product_brand","embeddable":true,"href":"https:\/\/www.moskito.cz\/sk\/wp-json\/wp\/v2\/product_brand?post=351305"},{"taxonomy":"product_cat","embeddable":true,"href":"https:\/\/www.moskito.cz\/sk\/wp-json\/wp\/v2\/product_cat?post=351305"},{"taxonomy":"product_tag","embeddable":true,"href":"https:\/\/www.moskito.cz\/sk\/wp-json\/wp\/v2\/product_tag?post=351305"}],"curies":[{"name":"wp","href":"https:\/\/api.w.org\/{rel}","templated":true}]}}