{"id":351311,"date":"2022-09-20T22:08:49","date_gmt":"2024-07-11T12:52:32","guid":{"rendered":"https:\/\/www.moskito.cz\/produkt\/zatvaraci-noz-zero-tolerancia-blackwash-0357bw\/"},"modified":"2025-05-07T11:20:52","modified_gmt":"2025-05-07T10:20:52","slug":"zatvaraci-noz-zero-tolerancia-blackwash-0357bw","status":"publish","type":"product","link":"https:\/\/www.moskito.cz\/sk\/produkt\/zatvaraci-noz-zero-tolerancia-blackwash-0357bw\/","title":{"rendered":"Zatv\u00e1rac\u00ed N\u00f4\u017e Zero Tolerancia BLACKWASH 0357BW"},"content":{"rendered":"<p>Zatv\u00e1rac\u00ed N\u00f4\u017e <strong>Zero Tolerancia<\/strong> BLACKWASH 0357BW.<\/p>\n<p>0357BW je pr\u00e9miov\u00fd jednoduch\u00fd &#8211; pracovn\u00fd n\u00f4\u017e stavan\u00fd do n\u00e1ro\u010dn\u00fdch podmienok. 3,25-palcov\u00e1 \u010depe\u013e s bodov\u00fdm ostr\u00edm poskytuje u\u017e\u00edvate\u013eom ve\u013ea mo\u017enost\u00ed na rezanie. \u0160pi\u010dkov\u00e1 oce\u013e \u010depele CPM 20CV poskytuje spo\u013eahliv\u00e9 zachovanie ostria a odolnos\u0165 proti kor\u00f3zii. \u0160krabance spl\u00fdvaj\u00fa s povrchovou \u00fapravou \u010depele BlackWash\u2122. \u010cierna G10 je obroben\u00e1 na prednej aj zadnej strane rukov\u00e4te. 0357BW je vybaven\u00fd syst\u00e9mom asistovan\u00e9ho otv\u00e1rania ZT. Jednoducho zatiahnite za flipper, aby ste n\u00f4\u017e zaka\u017ed\u00fdm \u013eahko otvorili. \u010cepe\u013e sa uzamkne na mieste pomocou pevn\u00e9ho z\u00e1mku vlo\u017eky. Obojstrann\u00e1 spona na hlbok\u00fa kapsu umo\u017e\u0148uje obojstrann\u00e9 nosenie v sklopenej polohe. V\u0161etky tieto funkcie s\u00fa prec\u00edzne vyroben\u00e9 v tov\u00e1rni ZT Tualatin v Oregone v USA. \u010ci u\u017e svoju cestu ZT e\u0161te len za\u010d\u00ednate, alebo chcete svoju zbierku doplni\u0165, po\u010d\u00edtajte s t\u00fdm, \u017ee 0357BW t\u00fato pr\u00e1cu zvl\u00e1dne.<\/p>\n<p>Funkcia<\/p>\n<p>Vyroben\u00e9 v USA<br \/>\n\u010cierna rukov\u00e4\u0165 G10<br \/>\nOce\u013e \u010depele CPM 20CV pon\u00faka v\u00fdnimo\u010dn\u00fa tvrdos\u0165, odolnos\u0165 proti opotrebovaniu, zachovanie ostria; \u010dierna povrchov\u00e1 \u00faprava pom\u00e1ha skry\u0165 \u0161krabance od pou\u017e\u00edvania<br \/>\nAsistovan\u00e9 otv\u00e1ranie pon\u00faka r\u00fdchle a spo\u013eahliv\u00e9 nasadenie pomocou plutvy<\/p>\n<p>Typ Assisted, Folder<br \/>\nPou\u017e\u00edvajte ka\u017ed\u00fd de\u0148, vonku, v pr\u00e1ci<br \/>\n\u0160t\u00fdlov\u00fd vreckov\u00fd n\u00f4\u017e<br \/>\nDizajn\u00e9r ZT Originals<br \/>\nBod p\u00e1du v \u0161t\u00fdle \u010depele<br \/>\nBlade Edge Plain<br \/>\nAsistovan\u00e1 akcia pri otv\u00e1ran\u00ed<br \/>\nOtv\u00e1ra pomocou Flipper<br \/>\nZ\u00e1mok Typ Linerov\u00fd z\u00e1mok<br \/>\nVreckov\u00e1 spona Obojstrann\u00e9 hlbok\u00e9 nosenie (prav\u00e1\/\u013eav\u00e1, skl\u00e1pacia)<br \/>\nVyroben\u00e9 v USA \u00c1no<br \/>\nHardware Oce\u013eov\u00fd \u010dap, skrutky, spona<\/p>\n<p>\u010cepe\u013e oce\u013e CPM 20CV<br \/>\nD\u013a\u017eka \u010depele 3,25 palca (8,25 cm)<br \/>\nHRC 60-62<br \/>\nPovrchov\u00e1 \u00faprava \u010depele\/Coating Povrchov\u00e1 \u00faprava BlackWash\u2122<br \/>\nHr\u00fabka \u010depele 0,121 palca (0,31 cm)<br \/>\nD\u013a\u017eka v zatvorenom stave 4,4 palca (11,2 cm)<br \/>\nMateri\u00e1l rukov\u00e4te G10<br \/>\nFarba rukov\u00e4te \u010cierna<br \/>\nHr\u00fabka rukov\u00e4te 0,47 palca (11,2 mm)<br \/>\nCelkov\u00e1 d\u013a\u017eka 7,625 palca (19,4 cm)<br \/>\nHmotnos\u0165 4,3 oz. (122 g)<\/p>\n","protected":false},"excerpt":{"rendered":"<p>Budeme aj na\u010falej stava\u0165 profesion\u00e1lne no\u017ee pr\u00e9miovej kvality, na ktor\u00e9 sa na\u0161i z\u00e1kazn\u00edci m\u00f4\u017eu ka\u017ed\u00fd de\u0148 spo\u013eahn\u00fa\u0165!!<\/p>\n<p><strong>To je Zero Tolerancia!!<\/strong><\/p>\n<p><strong>Doprava zadarmo.<\/strong><\/p>\n","protected":false},"featured_media":225719,"comment_status":"open","ping_status":"closed","template":"","meta":[],"pwb-brand":[3924],"product_brand":[],"product_cat":[3186,3233],"product_tag":[],"class_list":{"0":"post-351311","1":"product","2":"type-product","3":"status-publish","4":"has-post-thumbnail","6":"pwb-brand-zero-tolerancia","7":"product_cat-noze-sk","8":"product_cat-zatvaracie-noze","10":"first","11":"outofstock","12":"taxable","13":"shipping-taxable","14":"purchasable","15":"product-type-simple"},"brands":[{"id":3924,"name":"Zero Tolerancia","slug":"zero-tolerancia"}],"_links":{"self":[{"href":"https:\/\/www.moskito.cz\/sk\/wp-json\/wp\/v2\/product\/351311","targetHints":{"allow":["GET"]}}],"collection":[{"href":"https:\/\/www.moskito.cz\/sk\/wp-json\/wp\/v2\/product"}],"about":[{"href":"https:\/\/www.moskito.cz\/sk\/wp-json\/wp\/v2\/types\/product"}],"replies":[{"embeddable":true,"href":"https:\/\/www.moskito.cz\/sk\/wp-json\/wp\/v2\/comments?post=351311"}],"wp:featuredmedia":[{"embeddable":true,"href":"https:\/\/www.moskito.cz\/sk\/wp-json\/wp\/v2\/media\/225719"}],"wp:attachment":[{"href":"https:\/\/www.moskito.cz\/sk\/wp-json\/wp\/v2\/media?parent=351311"}],"wp:term":[{"taxonomy":"pwb-brand","embeddable":true,"href":"https:\/\/www.moskito.cz\/sk\/wp-json\/wp\/v2\/pwb-brand?post=351311"},{"taxonomy":"product_brand","embeddable":true,"href":"https:\/\/www.moskito.cz\/sk\/wp-json\/wp\/v2\/product_brand?post=351311"},{"taxonomy":"product_cat","embeddable":true,"href":"https:\/\/www.moskito.cz\/sk\/wp-json\/wp\/v2\/product_cat?post=351311"},{"taxonomy":"product_tag","embeddable":true,"href":"https:\/\/www.moskito.cz\/sk\/wp-json\/wp\/v2\/product_tag?post=351311"}],"curies":[{"name":"wp","href":"https:\/\/api.w.org\/{rel}","templated":true}]}}