{"id":351482,"date":"2024-07-12T12:30:49","date_gmt":"2024-07-12T11:31:18","guid":{"rendered":"https:\/\/www.moskito.cz\/produkt\/pevny-noz-muela-caz-16\/"},"modified":"2025-05-07T11:20:55","modified_gmt":"2025-05-07T10:20:55","slug":"pevny-noz-muela-caz-16","status":"publish","type":"product","link":"https:\/\/www.moskito.cz\/sk\/produkt\/pevny-noz-muela-caz-16\/","title":{"rendered":"Pevn\u00fd N\u00f4\u017e Muela CAZ-16"},"content":{"rendered":"<p>Pevn\u00fd N\u00f4\u017e <strong>Muela<\/strong> CAZ-16.<\/p>\n<p>1.4116 (X50CrMoV15) &#8211; molybd\u00e9n-van\u00e1diov\u00e1 vysoko uhl\u00edkov\u00e1 martenzitick\u00e1 nerezov\u00e1 oce\u013e, vysoko odoln\u00e1 vo\u010di kor\u00f3zii a opotrebovaniu. Pou\u017e\u00edva sa pri v\u00fdrobe no\u017eov, \u0161pi\u010dkov\u00fdch pr\u00edborov a chirurgick\u00fdch n\u00e1strojov. Vyzna\u010duje sa pomerne vysokou tvrdos\u0165ou pri nerezov\u00fdch oceliach 57-58 HRC. Chemick\u00e9 zlo\u017eenie ocele je obohaten\u00e9 o pr\u00edmes 15,0% chr\u00f3mu, 0,80% molybd\u00e9nu, 0,20% van\u00e1du.<\/p>\n<p>\u010cepe\u013e &#8211; typ Clip Point (Bowie) s jasne vyzna\u010den\u00fdm bru\u0161kom \u010depele. Oby\u010dajn\u00e1 \u010depe\u013e bola odvoden\u00e1 od Flat Grind, ktor\u00e1 poskytuje vynikaj\u00face rezn\u00e9 vlastnosti v kombin\u00e1cii s vynikaj\u00facou odolnos\u0165ou. Oce\u013eov\u00fd obojstrann\u00fd j\u00edlec pri z\u00e1kladni \u010depele chr\u00e1ni ruku pred sk\u013aznut\u00edm po \u010depeli.<\/p>\n<p>Rukov\u00e4\u0165 -Paroh<\/p>\n<p>Po\u0161va &#8211; vyroben\u00e1 z dobre vy\u010dinenej pr\u00edrodnej hov\u00e4dzej ko\u017ee. Na povrchu vyrazen\u00e9 logo v\u00fdrobcu. Po\u0161va bola na okrajoch pre\u0161it\u00e1 ozdobnou ni\u0165ou. Upevnenie na opasok alebo na vybavenie v\u00e1\u0161ho vybavenia v\u00e1m umo\u017en\u00ed nosi\u0165 n\u00f4\u017e vo vzpriamenej polohe.<\/p>\n<p>Materi\u00e1l \u010depele: 440C<br \/>\nMateri\u00e1l rukov\u00e4te: Paroh, Kov<br \/>\nMateri\u00e1l puzdra: Ko\u017een\u00e9<br \/>\nD\u013a\u017eka \u010depele: 16 cm<br \/>\nCelkov\u00e1 d\u013a\u017eka: 29.5 cm<br \/>\nD\u013a\u017eka rukov\u00e4te: 13.5 cm<br \/>\nHmotnos\u0165: 260 g<br \/>\nVyu\u017eitie: Loveck\u00fd<\/p>\n<p>&nbsp;<\/p>\n","protected":false},"excerpt":{"rendered":"<p><strong>Loveck\u00fd n\u00f4\u017e Muela CAZ-16 s pevnou \u010depe\u013eou z nehrdzavej\u00facej ocele 440C s obojstrannou mohutnou kovovou z\u00e1\u0161titou as ko\u017een\u00fdm puzdrom.<\/strong><\/p>\n","protected":false},"featured_media":351452,"comment_status":"open","ping_status":"closed","template":"","meta":[],"pwb-brand":[3910],"product_brand":[],"product_cat":[3186,3187],"product_tag":[3668],"class_list":{"0":"post-351482","1":"product","2":"type-product","3":"status-publish","4":"has-post-thumbnail","6":"pwb-brand-muela-sk","7":"product_cat-noze-sk","8":"product_cat-pevne-noze-sk","9":"product_tag-b2b-sk","11":"first","12":"outofstock","13":"taxable","14":"shipping-taxable","15":"purchasable","16":"product-type-simple"},"brands":[{"id":3910,"name":"Muela","slug":"muela-sk"}],"_links":{"self":[{"href":"https:\/\/www.moskito.cz\/sk\/wp-json\/wp\/v2\/product\/351482","targetHints":{"allow":["GET"]}}],"collection":[{"href":"https:\/\/www.moskito.cz\/sk\/wp-json\/wp\/v2\/product"}],"about":[{"href":"https:\/\/www.moskito.cz\/sk\/wp-json\/wp\/v2\/types\/product"}],"replies":[{"embeddable":true,"href":"https:\/\/www.moskito.cz\/sk\/wp-json\/wp\/v2\/comments?post=351482"}],"wp:featuredmedia":[{"embeddable":true,"href":"https:\/\/www.moskito.cz\/sk\/wp-json\/wp\/v2\/media\/351452"}],"wp:attachment":[{"href":"https:\/\/www.moskito.cz\/sk\/wp-json\/wp\/v2\/media?parent=351482"}],"wp:term":[{"taxonomy":"pwb-brand","embeddable":true,"href":"https:\/\/www.moskito.cz\/sk\/wp-json\/wp\/v2\/pwb-brand?post=351482"},{"taxonomy":"product_brand","embeddable":true,"href":"https:\/\/www.moskito.cz\/sk\/wp-json\/wp\/v2\/product_brand?post=351482"},{"taxonomy":"product_cat","embeddable":true,"href":"https:\/\/www.moskito.cz\/sk\/wp-json\/wp\/v2\/product_cat?post=351482"},{"taxonomy":"product_tag","embeddable":true,"href":"https:\/\/www.moskito.cz\/sk\/wp-json\/wp\/v2\/product_tag?post=351482"}],"curies":[{"name":"wp","href":"https:\/\/api.w.org\/{rel}","templated":true}]}}