{"id":351508,"date":"2024-07-12T12:44:07","date_gmt":"2024-07-12T11:48:42","guid":{"rendered":"https:\/\/www.moskito.cz\/produkt\/pevny-noz-muela-ranger-14r\/"},"modified":"2025-05-07T11:20:56","modified_gmt":"2025-05-07T10:20:56","slug":"pevny-noz-muela-ranger-14r","status":"publish","type":"product","link":"https:\/\/www.moskito.cz\/sk\/produkt\/pevny-noz-muela-ranger-14r\/","title":{"rendered":"Pevn\u00fd N\u00f4\u017e Muela RANGER-14R"},"content":{"rendered":"<p>Pevn\u00fd N\u00f4\u017e <strong>Muela<\/strong> RANGER-14R<\/p>\n<p>Ranger Bowie Pakkawood, Satin je univerz\u00e1lny n\u00f4\u017e s pevnou \u010depe\u013eou \u0161panielskej firmy Muela, vyroben\u00fd z molybd\u00e9n-van\u00e1diovej ocele (MoVa). T\u00fato pevn\u00fa \u010depe\u013e je mo\u017en\u00e9 pou\u017ei\u0165 pri v\u0161etk\u00fdch druhoch pr\u00e1ce, za v\u0161etk\u00fdch podmienok bez po\u0161kodenia. Tento n\u00f4\u017e sa bude skvele hodi\u0165 na v\u00fdlety za pre\u017eit\u00edm, caping a taktie\u017e na v\u00fdlety mimo mesta.<\/p>\n<p>X50CrMoV15 (1.4116) &#8211; molybd\u00e9n-van\u00e1diov\u00e1 vysoko uhl\u00edkov\u00e1 martenzitick\u00e1 nerezov\u00e1 oce\u013e, vysoko odoln\u00e1 vo\u010di kor\u00f3zii a opotrebovaniu. Pou\u017e\u00edva sa pri v\u00fdrobe no\u017eov, \u0161pi\u010dkov\u00fdch pr\u00edborov a chirurgick\u00fdch n\u00e1strojov. Vyzna\u010duje sa pomerne vysokou tvrdos\u0165ou pri nerezov\u00fdch oceliach 56-58 HRC. Chemick\u00e9 zlo\u017eenie ocele bolo obohaten\u00e9 dopovan\u00edm 15,0 % chr\u00f3mu, 0,80 % molybd\u00e9nu, 0,20 % van\u00e1du.<\/p>\n<p>\u010cepe\u013e &#8211; ostr\u00e1 typu Bowie hr\u00fabky 3,6 mm, pokryt\u00e1 nereflexnou vrstvou Satin Finish (polomat) eliminuj\u00face odlesky. Hladk\u00e1 \u010depe\u013e (Plain). \u010cepe\u013e bola vyveden\u00e1 konk\u00e1vnym v\u00fdbrusom (Hollow Grind). zais\u0165uj\u00face dobr\u00e9 rezn\u00e9 vlastnosti. Na p\u00e4te \u010depele je mosadzn\u00fd jednostrann\u00fd \u017eiv\u00fd plot, ktor\u00fd chr\u00e1ni proti sk\u013aznutiu ruky po \u010depeli.<\/p>\n<p>Rukov\u00e4\u0165 &#8211; potiahnut\u00e1 pr\u00edrodn\u00fdm dreven\u00fdm obkladom pakka (lamin\u00e1t) v hnedej farbe, zakon\u010den\u00e1 mosadznou hlavicou. Profilovan\u00e1 rukov\u00e4\u0165 poskytuje bezpe\u010dn\u00fd a bezpe\u010dn\u00fd \u00fachop. N\u00f4\u017e ve\u013emi dobre padne do ruky, ne\u0161m\u00fdka sa, mo\u017eno ho \u013eahko ovl\u00e1da\u0165 za v\u0161etk\u00fdch podmienok.<\/p>\n<p>Po\u0161va &#8211; ru\u010dne \u0161it\u00e1, vyroben\u00e1 z vysoko kvalitnej hnedej hov\u00e4dzej ko\u017ee s vyrazen\u00fdm logom v\u00fdrobcu. Okraje puzdra s\u00fa pre\u0161it\u00e9 ozdobnou ni\u0165ou. Zap\u00ednanie na patentku typu Prym. Uchytenie na opasok umo\u017e\u0148uje nosenie no\u017ea vo vzpriamenej polohe.<\/p>\n<p>Technick\u00e9 \u0161pecifik\u00e1cie:<br \/>\n\u010c\u00edslo produktu: RANGER-14R<\/p>\n<p>Celkov\u00e1 d\u013a\u017eka: 25.8 cm \/ 10,16&#8243;<br \/>\nD\u013a\u017eka \u010depele: 14.5 cm \/ 5,71\u201d<br \/>\nHr\u00fabka \u010depele: 0.36 cm \/ 0,14&#8243;<br \/>\nHmotnos\u0165: 195,0 g \/ 6,88 oz<\/p>\n<p>Materi\u00e1l \u010depele: X50CrMoV15<br \/>\nTvrdos\u0165 \u010depele: 56-58 HRc<br \/>\nBr\u00fasenie \u010depele: Ploch\u00e9<br \/>\nPovrchov\u00e1 \u00faprava \u010depele: sat\u00e9n<\/p>\n<p>Materi\u00e1l rukov\u00e4te: drevo Pakka (Coral pakkawood)<br \/>\nFarba povrchovej \u00fapravy rukov\u00e4te: Hned\u00e1<\/p>\n<p>Po\u0161va (p\u00fazdro): Ko\u017ea<br \/>\n\u010eal\u0161ie pr\u00edslu\u0161enstvo: \u017diadne<\/p>\n<p>Dizajn\u00e9r: Muela<br \/>\nN\u00e1zov zna\u010dky: Muela<br \/>\nV\u00fdrobca: Manufacturas Muela, SA<br \/>\nKrajina p\u00f4vodu: \u0160panielsko<\/p>\n<p>&nbsp;<\/p>\n<p>&nbsp;<\/p>\n","protected":false},"excerpt":{"rendered":"<p><strong>Ranger Bowie Pakkawood, Satin je univerz\u00e1lny n\u00f4\u017e s pevnou \u010depe\u013eou \u0161panielskej firmy Muela s ko\u017een\u00fdm puzdrom.<\/strong><\/p>\n","protected":false},"featured_media":351493,"comment_status":"open","ping_status":"closed","template":"","meta":[],"pwb-brand":[3910],"product_brand":[],"product_cat":[3187,3186],"product_tag":[3668],"class_list":{"0":"post-351508","1":"product","2":"type-product","3":"status-publish","4":"has-post-thumbnail","6":"pwb-brand-muela-sk","7":"product_cat-pevne-noze-sk","8":"product_cat-noze-sk","9":"product_tag-b2b-sk","11":"first","12":"outofstock","13":"taxable","14":"shipping-taxable","15":"purchasable","16":"product-type-simple"},"brands":[{"id":3910,"name":"Muela","slug":"muela-sk"}],"_links":{"self":[{"href":"https:\/\/www.moskito.cz\/sk\/wp-json\/wp\/v2\/product\/351508","targetHints":{"allow":["GET"]}}],"collection":[{"href":"https:\/\/www.moskito.cz\/sk\/wp-json\/wp\/v2\/product"}],"about":[{"href":"https:\/\/www.moskito.cz\/sk\/wp-json\/wp\/v2\/types\/product"}],"replies":[{"embeddable":true,"href":"https:\/\/www.moskito.cz\/sk\/wp-json\/wp\/v2\/comments?post=351508"}],"wp:featuredmedia":[{"embeddable":true,"href":"https:\/\/www.moskito.cz\/sk\/wp-json\/wp\/v2\/media\/351493"}],"wp:attachment":[{"href":"https:\/\/www.moskito.cz\/sk\/wp-json\/wp\/v2\/media?parent=351508"}],"wp:term":[{"taxonomy":"pwb-brand","embeddable":true,"href":"https:\/\/www.moskito.cz\/sk\/wp-json\/wp\/v2\/pwb-brand?post=351508"},{"taxonomy":"product_brand","embeddable":true,"href":"https:\/\/www.moskito.cz\/sk\/wp-json\/wp\/v2\/product_brand?post=351508"},{"taxonomy":"product_cat","embeddable":true,"href":"https:\/\/www.moskito.cz\/sk\/wp-json\/wp\/v2\/product_cat?post=351508"},{"taxonomy":"product_tag","embeddable":true,"href":"https:\/\/www.moskito.cz\/sk\/wp-json\/wp\/v2\/product_tag?post=351508"}],"curies":[{"name":"wp","href":"https:\/\/api.w.org\/{rel}","templated":true}]}}