{"id":351549,"date":"2024-07-12T13:04:16","date_gmt":"2024-07-12T12:06:26","guid":{"rendered":"https:\/\/www.moskito.cz\/produkt\/zatvaraci-noz-muela-gavilan-m\/"},"modified":"2025-05-07T11:20:58","modified_gmt":"2025-05-07T10:20:58","slug":"zatvaraci-noz-muela-gavilan-m","status":"publish","type":"product","link":"https:\/\/www.moskito.cz\/sk\/produkt\/zatvaraci-noz-muela-gavilan-m\/","title":{"rendered":"Zatv\u00e1rac\u00ed N\u00f4\u017e Muela GAVILAN-M"},"content":{"rendered":"<p>Zatv\u00e1rac\u00ed N\u00f4\u017e <strong>Muela<\/strong> GAVILAN-M<\/p>\n<p>Univerz\u00e1lny n\u00f4\u017e <strong>GAVILAN<\/strong> -M a full-tang preveden\u00ed s pevnou \u010depe\u013eou, vyroben\u00fd z MoVa molybd\u00e9n-van\u00e1diovej ocele. Lep\u0161ie vyv\u00e1\u017eenie so zn\u00ed\u017eenou hmotnos\u0165ou, vynikaj\u00faci n\u00e1stroj, ktor\u00fd bude fungova\u0165 v \u0161irokom spektre aplik\u00e1ci\u00ed, lov, exped\u00edcia za pre\u017eit\u00edm, kempovanie. Skuto\u010dn\u00e9 vozidlo 4&#215;4 medzi no\u017emi.<\/p>\n<p>Oce\u013e bola kryog\u00e9nna (tepelne spracovan\u00e1 pri teplot\u00e1ch pod nulou), naz\u00fdvan\u00e1 CRYO-T, naz\u00fdvan\u00e1 aj mrazom. V\u010faka CRYO-T z\u00edskavame homog\u00e9nnu vn\u00fatorn\u00fa \u0161trukt\u00faru ocele, ktor\u00e1 sa premieta do v\u00fdrazn\u00e9ho zv\u00fd\u0161enia pevnosti \u010depele, zv\u00fd\u0161enia odolnosti proti n\u00e1razu, nap\u00e4tiu a kr\u00fateniu.<\/p>\n<p>\u010cepe\u013e &#8211; s profilom Drop Point a hr\u00fabkou 4,5 mm pokryt\u00e1 antireflexnou antireflexnou Satin Finish (polomatnou). Vyroben\u00e9 z kalenej v rozmedz\u00ed 57-58 HRC, odolnej molybd\u00e9n-van\u00e1diovej nerezovej ocele X50CrMoV15. \u010cepe\u013e sa vyzna\u010duje dobr\u00fdmi mechanick\u00fdmi vlastnos\u0165ami a dlhodob\u00fdm zaostrovan\u00edm. Hladk\u00e1 \u010depe\u013e (typ Plain) bola vyroben\u00e1 s ploch\u00fdm v\u00fdbrusom (Flat Grind).<\/p>\n<p>Rukov\u00e4\u0165 &#8211; profilovan\u00e1, pokryt\u00e1 proti\u0161mykovou vodeodolnou micarta v\u00fdstelkou v \u010diernej farbe, poskytuje vynikaj\u00facu pri\u013enavos\u0165 \/ bezpe\u010dn\u00fd \u00fachop. Zv\u00e4\u010d\u0161en\u00fd v\u00fdstupok funguje ako predpa\u017ebie, chr\u00e1ni ruku pred nechcen\u00fdm po\u0161myknut\u00edm pri pr\u00e1ci. V zadnej \u010dasti rukov\u00e4te bola umiestnen\u00e1 medzera s prepletenou paracordovou \u0161n\u00farou.<\/p>\n<p>Puzdro &#8211; pred\u013a\u017een\u00e9, chr\u00e1ni hlavu s \u010das\u0165ou rukov\u00e4te. Vyroben\u00e9 z najkvalitnej\u0161ej \u010diernej hov\u00e4dzej ko\u017ee s vyrazen\u00fdm logom v\u00fdrobcu. Po\u0161va bola na okrajoch pre\u0161it\u00e1 ozdobnou ni\u0165ou. Upevnenie na opasok alebo zariadenie umo\u017e\u0148uje nosi\u0165 n\u00f4\u017e vo zvislej polohe.<\/p>\n<p>Technick\u00e9 \u0161pecifik\u00e1cie:<br \/>\n\u010c\u00edslo produktu: GAVILAN-M<\/p>\n<p>Typ ocele: 1.4116 (X50CrMoV15)<br \/>\nD\u013a\u017eka \u010depele: 12.5 cm \/ 4,92&#8243;<br \/>\nHr\u00fabka \u010depele: 0.45 cm \/ 0,16&#8243;<br \/>\nCelkov\u00e1 d\u013a\u017eka: 25.3 cm \/ 9,96&#8243;<br \/>\nHmotnos\u0165: 290 g \/ 10,23 oz<br \/>\nTyp \u010depele: Hladk\u00fd<br \/>\nTyp \u010depele: Drop Point<br \/>\nTyp rezu: Ploch\u00fd<\/p>\n<p>Materi\u00e1l rukov\u00e4te: Micarta Black<br \/>\nPo\u0161va: Ko\u017ea<br \/>\nV\u00fdrobca: Muela, \u0160panielsko<\/p>\n<p>&nbsp;<\/p>\n","protected":false},"excerpt":{"rendered":"<p><strong>Vynikaj\u00faci n\u00e1stroj, ktor\u00fd bude fungova\u0165 v \u0161irokom spektre aplik\u00e1ci\u00ed, lov, exped\u00edcia za pre\u017eit\u00edm, kempovanie. Skuto\u010dn\u00e9 vozidlo 4&#215;4 medzi no\u017emi.<\/strong><\/p>\n","protected":false},"featured_media":351518,"comment_status":"open","ping_status":"closed","template":"","meta":[],"pwb-brand":[3910],"product_brand":[],"product_cat":[3186,3187],"product_tag":[3668],"class_list":{"0":"post-351549","1":"product","2":"type-product","3":"status-publish","4":"has-post-thumbnail","6":"pwb-brand-muela-sk","7":"product_cat-noze-sk","8":"product_cat-pevne-noze-sk","9":"product_tag-b2b-sk","11":"first","12":"instock","13":"taxable","14":"shipping-taxable","15":"purchasable","16":"product-type-simple"},"brands":[{"id":3910,"name":"Muela","slug":"muela-sk"}],"_links":{"self":[{"href":"https:\/\/www.moskito.cz\/sk\/wp-json\/wp\/v2\/product\/351549","targetHints":{"allow":["GET"]}}],"collection":[{"href":"https:\/\/www.moskito.cz\/sk\/wp-json\/wp\/v2\/product"}],"about":[{"href":"https:\/\/www.moskito.cz\/sk\/wp-json\/wp\/v2\/types\/product"}],"replies":[{"embeddable":true,"href":"https:\/\/www.moskito.cz\/sk\/wp-json\/wp\/v2\/comments?post=351549"}],"wp:featuredmedia":[{"embeddable":true,"href":"https:\/\/www.moskito.cz\/sk\/wp-json\/wp\/v2\/media\/351518"}],"wp:attachment":[{"href":"https:\/\/www.moskito.cz\/sk\/wp-json\/wp\/v2\/media?parent=351549"}],"wp:term":[{"taxonomy":"pwb-brand","embeddable":true,"href":"https:\/\/www.moskito.cz\/sk\/wp-json\/wp\/v2\/pwb-brand?post=351549"},{"taxonomy":"product_brand","embeddable":true,"href":"https:\/\/www.moskito.cz\/sk\/wp-json\/wp\/v2\/product_brand?post=351549"},{"taxonomy":"product_cat","embeddable":true,"href":"https:\/\/www.moskito.cz\/sk\/wp-json\/wp\/v2\/product_cat?post=351549"},{"taxonomy":"product_tag","embeddable":true,"href":"https:\/\/www.moskito.cz\/sk\/wp-json\/wp\/v2\/product_tag?post=351549"}],"curies":[{"name":"wp","href":"https:\/\/api.w.org\/{rel}","templated":true}]}}