{"id":351570,"date":"2024-07-12T13:48:10","date_gmt":"2024-07-12T12:57:09","guid":{"rendered":"https:\/\/www.moskito.cz\/produkt\/potapacsky-pevny-noz-muela-sub-14-3\/"},"modified":"2025-05-07T11:20:58","modified_gmt":"2025-05-07T10:20:58","slug":"potapacsky-pevny-noz-muela-sub-14-3","status":"publish","type":"product","link":"https:\/\/www.moskito.cz\/sk\/produkt\/potapacsky-pevny-noz-muela-sub-14-3\/","title":{"rendered":"Pot\u00e1pa\u010dsk\u00fd Pevn\u00fd N\u00f4\u017e Muela SUB-14.3"},"content":{"rendered":"<p>Pot\u00e1pa\u010dsk\u00fd Pevn\u00fd N\u00f4\u017e <strong>Muela<\/strong> SUB-14.3<\/p>\n<p>Perfektn\u00fd pot\u00e1pa\u010dsk\u00fd n\u00f4\u017e <strong>SUB-14.3<\/strong> vyroben\u00fd z nerezovej ocele molybd\u00e9n-van\u00e1d. Vyr\u00e1ba renomovan\u00e1 \u0161panielska firma Muela, ktor\u00e1 m\u00e1 s v\u00fdrobou no\u017eov vy\u0161e 50 rokov sk\u00fasenost\u00ed.<\/p>\n<p>\u010cepe\u013e &#8211; hr\u00fabka cca 3,4 mm, vyroben\u00e1 z odoln\u00e9ho zrkadlovo le\u0161ten\u00e9ho nerezu molybd\u00e9n-van\u00e1d. Na hrebe\u0148 \u010depele bola umiestnen\u00e1 univerz\u00e1lna p\u00edla na agres\u00edvne rezanie vl\u00e1knit\u00fdch materi\u00e1lov.<\/p>\n<p>Typ Edge-about Combo bol vyroben\u00fd s konk\u00e1vnym rezom (Hollow Grind). 20% je vr\u00fabkovan\u00e1 \u010depe\u013e pou\u017e\u00edvan\u00e1 na rezanie okrem in\u00e9ho l\u00e1n, siet\u00ed, p\u00e1sov a 80% je klasick\u00e1 hladk\u00e1 \u010depe\u013e (typ Plain) ur\u010den\u00e1 na presn\u00e9 rezanie.<\/p>\n<p>Rukov\u00e4\u0165 &#8211; ergonomick\u00e1, text\u00farovan\u00e1 s vr\u00fabkovan\u00fdmi z\u00e1rezmi pod dla\u0148ou pre dobr\u00fd \u00fachop. N\u00f4\u017e je do dlane, ne\u0161m\u00fdka sa v\u010faka opl\u00e1\u0161teniu z m\u00e4kk\u00e9ho plastov\u00e9ho materi\u00e1lu (PDV) v modrej farbe. Vr\u00fabkovan\u00e1 chrbtov\u00e1 opierka pod palcom (Ramp), zabra\u0148uj\u00faca n\u00e1hodn\u00e9mu po\u0161myknutiu r\u00fak pri pr\u00e1ci.<\/p>\n<p>Puzdro &#8211; vyroben\u00e9 z materi\u00e1lu ABS v modrej farbe. Puzdro m\u00e1 sponu zais\u0165uj\u00facu n\u00f4\u017e proti vypadnutiu. S\u00fa\u010das\u0165ou sady s\u00fa dva nastavite\u013en\u00e9 gumov\u00e9 popruhy odoln\u00e9 proti UV \u017eiareniu na pripevnenie vag\u00edny k nohe alebo stehne.<br \/>\nTechnick\u00e9 \u0161pecifik\u00e1cie:<br \/>\n\u010c\u00edslo produktu: SUB-14.3 (\u010dierno-modr\u00e1)<br \/>\nTyp ocele: Molybd\u00e9n-Vanadium<br \/>\nD\u013a\u017eka \u010depele: 14 cm \/ 5,51&#8243;<br \/>\nHr\u00fabka \u010depele: 0.35 cm \/ 0,14&#8243;<br \/>\nCelkov\u00e1 d\u013a\u017eka: 25.5 cm \/ 10,04&#8243;<br \/>\nHmotnos\u0165: 133 g \/ 4,69 oz<br \/>\n\u010cepe\u013e: Kombinovan\u00e1<br \/>\nTyp rezu: Konk\u00e1vne<br \/>\nTyp rukov\u00e4te: PDV polym\u00e9r<br \/>\nPl\u00e1\u0161\u0165: ABS<br \/>\nV\u00fdrobca: Muela, \u0160panielsko<\/p>\n<p>&nbsp;<\/p>\n","protected":false},"excerpt":{"rendered":"<p><strong>Perfektn\u00fd pot\u00e1pa\u010dsk\u00fd n\u00f4\u017e SUB-14.3 vyroben\u00fd z nerezovej ocele molybd\u00e9n-van\u00e1d. Vyr\u00e1ba renomovan\u00e1 \u0161panielska firma Muela, ktor\u00e1 m\u00e1 s v\u00fdrobou no\u017eov vy\u0161e 50 rokov sk\u00fasenost\u00ed.<\/strong><\/p>\n","protected":false},"featured_media":351558,"comment_status":"open","ping_status":"closed","template":"","meta":[],"pwb-brand":[3910],"product_brand":[],"product_cat":[3186,3187],"product_tag":[3668],"class_list":{"0":"post-351570","1":"product","2":"type-product","3":"status-publish","4":"has-post-thumbnail","6":"pwb-brand-muela-sk","7":"product_cat-noze-sk","8":"product_cat-pevne-noze-sk","9":"product_tag-b2b-sk","11":"first","12":"instock","13":"taxable","14":"shipping-taxable","15":"purchasable","16":"product-type-simple"},"brands":[{"id":3910,"name":"Muela","slug":"muela-sk"}],"_links":{"self":[{"href":"https:\/\/www.moskito.cz\/sk\/wp-json\/wp\/v2\/product\/351570","targetHints":{"allow":["GET"]}}],"collection":[{"href":"https:\/\/www.moskito.cz\/sk\/wp-json\/wp\/v2\/product"}],"about":[{"href":"https:\/\/www.moskito.cz\/sk\/wp-json\/wp\/v2\/types\/product"}],"replies":[{"embeddable":true,"href":"https:\/\/www.moskito.cz\/sk\/wp-json\/wp\/v2\/comments?post=351570"}],"wp:featuredmedia":[{"embeddable":true,"href":"https:\/\/www.moskito.cz\/sk\/wp-json\/wp\/v2\/media\/351558"}],"wp:attachment":[{"href":"https:\/\/www.moskito.cz\/sk\/wp-json\/wp\/v2\/media?parent=351570"}],"wp:term":[{"taxonomy":"pwb-brand","embeddable":true,"href":"https:\/\/www.moskito.cz\/sk\/wp-json\/wp\/v2\/pwb-brand?post=351570"},{"taxonomy":"product_brand","embeddable":true,"href":"https:\/\/www.moskito.cz\/sk\/wp-json\/wp\/v2\/product_brand?post=351570"},{"taxonomy":"product_cat","embeddable":true,"href":"https:\/\/www.moskito.cz\/sk\/wp-json\/wp\/v2\/product_cat?post=351570"},{"taxonomy":"product_tag","embeddable":true,"href":"https:\/\/www.moskito.cz\/sk\/wp-json\/wp\/v2\/product_tag?post=351570"}],"curies":[{"name":"wp","href":"https:\/\/api.w.org\/{rel}","templated":true}]}}