{"id":351584,"date":"2023-07-16T18:17:54","date_gmt":"2024-07-12T12:59:28","guid":{"rendered":"https:\/\/www.moskito.cz\/?post_type=product&p=351584"},"modified":"2025-05-07T11:21:00","modified_gmt":"2025-05-07T10:21:00","slug":"pevny-noz-muela-gred-17","status":"publish","type":"product","link":"https:\/\/www.moskito.cz\/sk\/produkt\/pevny-noz-muela-gred-17\/","title":{"rendered":"Pevn\u00fd N\u00f4\u017e Muela GRED-17"},"content":{"rendered":"<p>Pevn\u00fd N\u00f4\u017e <strong>Muela<\/strong> GRED-17<\/p>\n<p>Mas\u00edvny po\u013eovn\u00fd n\u00f4\u017e GRED-17 GREDOS od \u0161panielskej firmy Muela s pevnou \u010depe\u013eou. Vyroben\u00e9 z molybd\u00e9n-van\u00e1diovej ocele (MoVa). Starostlivo vyroben\u00fd, ur\u010den\u00fd pre lovcov, posl\u00fa\u017ei aj pri pre\u017eit\u00ed a bivakovan\u00ed.<\/p>\n<p>Bade &#8211; hr\u00fabka 4,5 mm s profilom Bowie, pokryt\u00fd nereflexnou vrstvou Satin Finish (polomat) eliminuj\u00face odlesky. Vyroben\u00e9 z kalenej v rozmedz\u00ed 57-58 HRC, odolnej molybd\u00e9n-van\u00e1diovej nerezovej ocele X50CrMoV15. \u010cepe\u013e sa vyzna\u010duje dobr\u00fdmi mechanick\u00fdmi vlastnos\u0165ami a dlhodob\u00fdm zaostrovan\u00edm. Hladk\u00e1 \u010depe\u013e (typ Plain) bola vyroben\u00e1 s konk\u00e1vnym v\u00fdbrusom (Hollow Grind), umo\u017e\u0148uje presn\u00e9 rezanie reznej plochy aj ultratenk\u00fd hrot.<\/p>\n<p>Rukov\u00e4\u0165 &#8211; potiahnut\u00e1 pr\u00edrodn\u00fdm pre\u0161\u00edvan\u00edm z jele\u0148a antiru (jele\u0148a jele\u0148a), poskytuje exkluz\u00edvny vzh\u013ead a pohodln\u00fd ist\u00fd \u00fachop.<\/p>\n<p>Puzdro &#8211; vyroben\u00e9 z pr\u00edrodnej hnedej ko\u017ee. Po\u0161va s vyrazen\u00fdm logom v\u00fdrobcu. Zap\u00ednanie na patentku Prym s erbom spolo\u010dnosti. Na okrajoch je po\u0161va pre\u0161it\u00e1 ozdobnou ni\u0165ou. Upevnenie na opasok alebo ozuben\u00e9 koleso umo\u017e\u0148uje nosi\u0165 n\u00f4\u017e vo zvislej polohe.<\/p>\n<p>Technick\u00e9 \u0161pecifik\u00e1cie:<br \/>\n\u010c\u00edslo produktu: GRED-17<br \/>\nTyp ocele: X50CrMoV15<br \/>\nD\u013a\u017eka \u010depele: 16.5 cm<br \/>\nHr\u00fabka \u010depele: 0.45 cm<br \/>\nCelkov\u00e1 d\u013a\u017eka: 26.8 cm<br \/>\nHmotnos\u0165: 250,0 g \/ 8,82 oz<br \/>\nTyp \u010depele: Hladk\u00fd<br \/>\nTyp \u010depele: Bowie<br \/>\nTyp rezu: Konk\u00e1vne<br \/>\nRukov\u00e4te: Jelenie jele\u0148 (jelenie parohy)<br \/>\nPo\u0161va: Ko\u017ea<br \/>\nV\u00fdrobca: Muela, \u0160panielsko<\/p>\n<p>&nbsp;<\/p>\n<p>&nbsp;<\/p>\n","protected":false},"excerpt":{"rendered":"<p><strong>Mas\u00edvny po\u013eovn\u00fd n\u00f4\u017e GRED-17 GREDOS od \u0161panielskej firmy Muela s pevnou \u010depe\u013eou. Vyroben\u00e9 z molybd\u00e9n-van\u00e1diovej ocele (MoVa). Starostlivo vyroben\u00fd, ur\u010den\u00fd pre lovcov, posl\u00fa\u017ei aj pri pre\u017eit\u00ed a bivakovan\u00ed.<\/strong><\/p>\n","protected":false},"featured_media":254131,"comment_status":"open","ping_status":"closed","template":"","meta":[],"pwb-brand":[3910],"product_brand":[],"product_cat":[3186,3187],"product_tag":[3668],"class_list":{"0":"post-351584","1":"product","2":"type-product","3":"status-publish","4":"has-post-thumbnail","6":"pwb-brand-muela-sk","7":"product_cat-noze-sk","8":"product_cat-pevne-noze-sk","9":"product_tag-b2b-sk","11":"first","12":"instock","13":"taxable","14":"shipping-taxable","15":"purchasable","16":"product-type-simple"},"brands":[{"id":3910,"name":"Muela","slug":"muela-sk"}],"_links":{"self":[{"href":"https:\/\/www.moskito.cz\/sk\/wp-json\/wp\/v2\/product\/351584","targetHints":{"allow":["GET"]}}],"collection":[{"href":"https:\/\/www.moskito.cz\/sk\/wp-json\/wp\/v2\/product"}],"about":[{"href":"https:\/\/www.moskito.cz\/sk\/wp-json\/wp\/v2\/types\/product"}],"replies":[{"embeddable":true,"href":"https:\/\/www.moskito.cz\/sk\/wp-json\/wp\/v2\/comments?post=351584"}],"wp:featuredmedia":[{"embeddable":true,"href":"https:\/\/www.moskito.cz\/sk\/wp-json\/wp\/v2\/media\/254131"}],"wp:attachment":[{"href":"https:\/\/www.moskito.cz\/sk\/wp-json\/wp\/v2\/media?parent=351584"}],"wp:term":[{"taxonomy":"pwb-brand","embeddable":true,"href":"https:\/\/www.moskito.cz\/sk\/wp-json\/wp\/v2\/pwb-brand?post=351584"},{"taxonomy":"product_brand","embeddable":true,"href":"https:\/\/www.moskito.cz\/sk\/wp-json\/wp\/v2\/product_brand?post=351584"},{"taxonomy":"product_cat","embeddable":true,"href":"https:\/\/www.moskito.cz\/sk\/wp-json\/wp\/v2\/product_cat?post=351584"},{"taxonomy":"product_tag","embeddable":true,"href":"https:\/\/www.moskito.cz\/sk\/wp-json\/wp\/v2\/product_tag?post=351584"}],"curies":[{"name":"wp","href":"https:\/\/api.w.org\/{rel}","templated":true}]}}