{"id":351682,"date":"2024-07-12T14:33:10","date_gmt":"2024-07-12T13:35:30","guid":{"rendered":"https:\/\/www.moskito.cz\/produkt\/pevny-noz-muela-s-darcekovou-krabicou-wolf-16a\/"},"modified":"2025-05-07T11:21:03","modified_gmt":"2025-05-07T10:21:03","slug":"pevny-noz-muela-s-darcekovou-krabicou-wolf-16a","status":"publish","type":"product","link":"https:\/\/www.moskito.cz\/sk\/produkt\/pevny-noz-muela-s-darcekovou-krabicou-wolf-16a\/","title":{"rendered":"Pevn\u00fd N\u00f4\u017e Muela s Dar\u010dekovou Krabicou WOLF-16A"},"content":{"rendered":"<p>Pevn\u00fd N\u00f4\u017e <strong>Muela<\/strong> s Dar\u010dekovou Krabicou WOLF-16A<\/p>\n<p>Skvele vyroben\u00fd n\u00f4\u017e \u0161panielskej firmy Muela z pr\u00edle\u017eitostnej s\u00e9rie Big Five. P\u00e4\u0165 no\u017eov s hlavami byvola, leva, nosoro\u017eca, leoparda a slona. Ka\u017ed\u00fd n\u00f4\u017e je pon\u00fakan\u00fd v elegantnej dar\u010dekovej krabi\u010dke. Vysok\u00e1 kvalita pou\u017eit\u00fdch materi\u00e1lov, zd\u00f4raz\u0148uje kr\u00e1su a prec\u00edznos\u0165 detailu. Lah\u00f4dka pre zberate\u013eov, milovn\u00edkov po\u013eovn\u00edctva, \u013eud\u00ed, ktor\u00ed oce\u0148uj\u00fa akt\u00edvny \u017eivotn\u00fd \u0161t\u00fdl.<\/p>\n<p>\u010cepe\u013e \u2013 Bowie profil, hr\u00fabka 4,5 mm s dobr\u00fdmi mechanick\u00fdmi vlastnos\u0165ami a dlhotrvaj\u00facou ostros\u0165ou. Vyroben\u00e9 z odolnej nerezovej ocele molybd\u00e9n-van\u00e1dium X50CrMoV15 (1.4116), kalen\u00e9 v rozmedz\u00ed 57-58 HRC. Hladk\u00e1 \u010depe\u013e (typ Plain) bola vyroben\u00e1 s konk\u00e1vnym v\u00fdbrusom (Hollow Grind). Povrchov\u00e1 \u00faprava Satin Finish (polomatn\u00e1) eliminuje odlesky. Na z\u00e1klad\u0148u \u010depele bola umiestnen\u00e1 obojstrann\u00e1, le\u0161ten\u00e1 mosadz chr\u00e1niaca ruku.<\/p>\n<p>Rukov\u00e4\u0165 &#8211; jelenie pr\u00edrodn\u00fd jele\u0148, zakon\u010den\u00e1 medail\u00f3nom s loveck\u00fdm mot\u00edvom, hlava byvola z le\u0161tenej mosadze.<\/p>\n<p>Puzdro &#8211; pr\u00edrodn\u00e1 tmavo hned\u00e1 ko\u017ea s vyrazen\u00fdm logom v\u00fdrobcu. Po\u0161va bola na okrajoch pre\u0161it\u00e1 ozdobnou ni\u0165ou. Upevnenie na opasok alebo ozuben\u00e9 koleso umo\u017e\u0148uje nosi\u0165 n\u00f4\u017e vo zvislej polohe.<\/p>\n<p>Technick\u00e9 \u0161pecifik\u00e1cie:<br \/>\n\u010c\u00edslo produktu: WOLF-16A<\/p>\n<p>Typ ocele: 1.4116 (X50CrMoV15)<br \/>\nD\u013a\u017eka \u010depele: 16 cm \/ 6,30\u2033<br \/>\nHr\u00fabka \u010depele: 0.45 cm \/ 0,178\u2033<br \/>\nCelkov\u00e1 d\u013a\u017eka: 28.8 cm \/ 11,34 \u201c<br \/>\nHmotnos\u0165: 274,0 g \/ 9,66 oz<br \/>\nTyp \u010depele: Hladk\u00fd<br \/>\nTyp \u010depele: Bowie<br \/>\nTyp rezu: Konk\u00e1vne<\/p>\n<p>Materi\u00e1l rukov\u00e4te: Deer Stag (Jelenie paroh)<br \/>\nPo\u0161va: Ko\u017ea<\/p>\n<p>V\u00fdrobca: Muela, \u0160panielsko<\/p>\n","protected":false},"excerpt":{"rendered":"<p><strong>  Skvele vyroben\u00fd n\u00f4\u017e \u0161panielskej firmy Muela z pr\u00edle\u017eitostnej s\u00e9rie Big Five. P\u00e4\u0165 no\u017eov s hlavami byvola, leva, nosoro\u017eca, leoparda a slona. Ka\u017ed\u00fd n\u00f4\u017e je pon\u00fakan\u00fd v elegantnej dar\u010dekovej krabi\u010dke. Vysok\u00e1 kvalita pou\u017eit\u00fdch materi\u00e1lov, zd\u00f4raz\u0148uje kr\u00e1su a prec\u00edznos\u0165 detailu. Lah\u00f4dka pre zberate\u013eov, milovn\u00edkov po\u013eovn\u00edctva, \u013eud\u00ed, ktor\u00ed oce\u0148uj\u00fa akt\u00edvny \u017eivotn\u00fd \u0161t\u00fdl.<\/strong><\/p>\n","protected":false},"featured_media":351659,"comment_status":"open","ping_status":"closed","template":"","meta":[],"pwb-brand":[3910],"product_brand":[],"product_cat":[3187,3186],"product_tag":[3668],"class_list":{"0":"post-351682","1":"product","2":"type-product","3":"status-publish","4":"has-post-thumbnail","6":"pwb-brand-muela-sk","7":"product_cat-pevne-noze-sk","8":"product_cat-noze-sk","9":"product_tag-b2b-sk","11":"first","12":"instock","13":"taxable","14":"shipping-taxable","15":"purchasable","16":"product-type-simple"},"brands":[{"id":3910,"name":"Muela","slug":"muela-sk"}],"_links":{"self":[{"href":"https:\/\/www.moskito.cz\/sk\/wp-json\/wp\/v2\/product\/351682","targetHints":{"allow":["GET"]}}],"collection":[{"href":"https:\/\/www.moskito.cz\/sk\/wp-json\/wp\/v2\/product"}],"about":[{"href":"https:\/\/www.moskito.cz\/sk\/wp-json\/wp\/v2\/types\/product"}],"replies":[{"embeddable":true,"href":"https:\/\/www.moskito.cz\/sk\/wp-json\/wp\/v2\/comments?post=351682"}],"wp:featuredmedia":[{"embeddable":true,"href":"https:\/\/www.moskito.cz\/sk\/wp-json\/wp\/v2\/media\/351659"}],"wp:attachment":[{"href":"https:\/\/www.moskito.cz\/sk\/wp-json\/wp\/v2\/media?parent=351682"}],"wp:term":[{"taxonomy":"pwb-brand","embeddable":true,"href":"https:\/\/www.moskito.cz\/sk\/wp-json\/wp\/v2\/pwb-brand?post=351682"},{"taxonomy":"product_brand","embeddable":true,"href":"https:\/\/www.moskito.cz\/sk\/wp-json\/wp\/v2\/product_brand?post=351682"},{"taxonomy":"product_cat","embeddable":true,"href":"https:\/\/www.moskito.cz\/sk\/wp-json\/wp\/v2\/product_cat?post=351682"},{"taxonomy":"product_tag","embeddable":true,"href":"https:\/\/www.moskito.cz\/sk\/wp-json\/wp\/v2\/product_tag?post=351682"}],"curies":[{"name":"wp","href":"https:\/\/api.w.org\/{rel}","templated":true}]}}