{"id":351719,"date":"2024-07-12T14:44:41","date_gmt":"2024-07-12T13:44:41","guid":{"rendered":"https:\/\/www.moskito.cz\/produkt\/pevny-noz-muela-s-puzdrom-tejon-16\/"},"modified":"2025-05-07T11:21:04","modified_gmt":"2025-05-07T10:21:04","slug":"pevny-noz-muela-s-puzdrom-tejon-16","status":"publish","type":"product","link":"https:\/\/www.moskito.cz\/sk\/produkt\/pevny-noz-muela-s-puzdrom-tejon-16\/","title":{"rendered":"Pevn\u00fd N\u00f4\u017e Muela s Puzdrom TEJON-16"},"content":{"rendered":"<p>Pevn\u00fd N\u00f4\u017e <strong>Muela<\/strong> s Puzdrom TEJON-16<\/p>\n<p>Remeseln\u00fd loveck\u00fd n\u00f4\u017e TEJON-16 \u0161panielskej firmy Muela s rohovinou a pevnou \u010depe\u013eou. Vyroben\u00e9 z molybd\u00e9n-van\u00e1diovej ocele (MoVa). Navrhnut\u00e9 pre loveck\u00fdch nad\u0161encov, bude fungova\u0165 aj pri pre\u017eit\u00ed a v\u00fdletoch mimo mesta.<\/p>\n<p>\u010cepe\u013e &#8211; hr\u00fabka 3,6 mm s upraven\u00fdm profilom Bowie, pokryt\u00e1 antireflexnou vrstvou Satin Finish (polomat) eliminuj\u00face odlesky. Vyroben\u00e9 z kalenej v rozmedz\u00ed 57-58 HRC, odolnej molybd\u00e9n-van\u00e1diovej nerezovej ocele X50CrMoV15. \u010cepe\u013e sa vyzna\u010duje dobr\u00fdmi mechanick\u00fdmi vlastnos\u0165ami a dlhodob\u00fdm zaostrovan\u00edm. Hladk\u00e1 \u010depe\u013e (typ Plain) bola vyroben\u00e1 s ploch\u00fdm rezom (Flat Grind), umo\u017e\u0148uje rezanie so zna\u010dnou silou.<\/p>\n<p>Rukov\u00e4\u0165 &#8211; zakon\u010den\u00e1 mosadznou hlavicou, pokryt\u00e1 pr\u00edrodn\u00fdmi obkladmi jele\u0148a lesn\u00e9ho, \u200b\u200bposkytuj\u00faca exkluz\u00edvny vzh\u013ead a pohodln\u00e9 uchopenie.<\/p>\n<p>Puzdro &#8211; vyroben\u00e9 z pr\u00edrodnej hnedej ko\u017ee. Po\u0161va s vyrazen\u00fdm logom v\u00fdrobcu. Zap\u00ednanie na patentku Prym s erbom spolo\u010dnosti. Na okrajoch je po\u0161va pre\u0161it\u00e1 ozdobnou ni\u0165ou. Upevnenie na opasok alebo ozuben\u00e9 koleso umo\u017e\u0148uje nosi\u0165 n\u00f4\u017e vo zvislej polohe.<\/p>\n<p>Technick\u00e9 \u0161pecifik\u00e1cie:<br \/>\n\u010c\u00edslo produktu: TEJON-16<br \/>\nTyp ocele: X50CrMoV15<br \/>\nD\u013a\u017eka \u010depele: 16 cm \/ 6,3&#8243;<br \/>\nHr\u00fabka \u010depele: 0.36 cm \/ 0,14&#8243;<br \/>\nCelkov\u00e1 d\u013a\u017eka: 29 cm \/ 11,42&#8243;<br \/>\nHmotnos\u0165: 189,0 g \/ 6,67 oz<br \/>\nTyp \u010depele: Hladk\u00fd<br \/>\nTyp \u010depele: Bowie<br \/>\nTyp rezu: Ploch\u00fd<br \/>\nOblo\u017eenie rukov\u00e4te: Jelenie jele\u0148 (jelenie parohy)<br \/>\nPo\u0161va: Ko\u017ea<br \/>\nV\u00fdrobca: Muela, \u0160panielsko<\/p>\n<p>&nbsp;<\/p>\n","protected":false},"excerpt":{"rendered":"<p><strong>Remeseln\u00fd loveck\u00fd n\u00f4\u017e TEJON-16 \u0161panielskej firmy Muela s rohovinou a pevnou \u010depe\u013eou. Vyroben\u00e9 z molybd\u00e9n-van\u00e1diovej ocele (MoVa). Navrhnut\u00e9 pre loveck\u00fdch nad\u0161encov, bude fungova\u0165 aj pri pre\u017eit\u00ed a v\u00fdletoch mimo mesta.<\/strong><\/p>\n","protected":false},"featured_media":421034,"comment_status":"open","ping_status":"closed","template":"","meta":[],"pwb-brand":[3910],"product_brand":[],"product_cat":[3187,3186],"product_tag":[3668],"class_list":{"0":"post-351719","1":"product","2":"type-product","3":"status-publish","4":"has-post-thumbnail","6":"pwb-brand-muela-sk","7":"product_cat-pevne-noze-sk","8":"product_cat-noze-sk","9":"product_tag-b2b-sk","11":"first","12":"outofstock","13":"taxable","14":"shipping-taxable","15":"purchasable","16":"product-type-simple"},"brands":[{"id":3910,"name":"Muela","slug":"muela-sk"}],"_links":{"self":[{"href":"https:\/\/www.moskito.cz\/sk\/wp-json\/wp\/v2\/product\/351719","targetHints":{"allow":["GET"]}}],"collection":[{"href":"https:\/\/www.moskito.cz\/sk\/wp-json\/wp\/v2\/product"}],"about":[{"href":"https:\/\/www.moskito.cz\/sk\/wp-json\/wp\/v2\/types\/product"}],"replies":[{"embeddable":true,"href":"https:\/\/www.moskito.cz\/sk\/wp-json\/wp\/v2\/comments?post=351719"}],"wp:featuredmedia":[{"embeddable":true,"href":"https:\/\/www.moskito.cz\/sk\/wp-json\/wp\/v2\/media\/421034"}],"wp:attachment":[{"href":"https:\/\/www.moskito.cz\/sk\/wp-json\/wp\/v2\/media?parent=351719"}],"wp:term":[{"taxonomy":"pwb-brand","embeddable":true,"href":"https:\/\/www.moskito.cz\/sk\/wp-json\/wp\/v2\/pwb-brand?post=351719"},{"taxonomy":"product_brand","embeddable":true,"href":"https:\/\/www.moskito.cz\/sk\/wp-json\/wp\/v2\/product_brand?post=351719"},{"taxonomy":"product_cat","embeddable":true,"href":"https:\/\/www.moskito.cz\/sk\/wp-json\/wp\/v2\/product_cat?post=351719"},{"taxonomy":"product_tag","embeddable":true,"href":"https:\/\/www.moskito.cz\/sk\/wp-json\/wp\/v2\/product_tag?post=351719"}],"curies":[{"name":"wp","href":"https:\/\/api.w.org\/{rel}","templated":true}]}}