{"id":352480,"date":"2024-07-15T12:16:41","date_gmt":"2024-07-15T11:17:54","guid":{"rendered":"https:\/\/www.moskito.cz\/produkt\/pevny-noz-muela-rhino-16bf\/"},"modified":"2025-05-07T11:21:26","modified_gmt":"2025-05-07T10:21:26","slug":"pevny-noz-muela-rhino-16bf","status":"publish","type":"product","link":"https:\/\/www.moskito.cz\/sk\/produkt\/pevny-noz-muela-rhino-16bf\/","title":{"rendered":"Pevn\u00fd N\u00f4\u017e Muela RHINO-16BF"},"content":{"rendered":"<p>Pevn\u00fd N\u00f4\u017e <strong>Muela<\/strong> RHINO-16BF.<\/p>\n<p>\u0160portov\u00fd n\u00f4\u017e <strong>Muela Rhino-16BF<\/strong> , ide\u00e1lny pre milovn\u00edkov pr\u00edborov, je n\u00f4\u017e z limitovanej ed\u00edcie \/ kolekcie. S rukov\u00e4\u0165ou 13 cm (5&#8243;&#8220;) z jelenia parohu s \u010depe\u013eou 160 mm z ocele 1.4116, ktor\u00e1 je kombin\u00e1ciou molybd\u00e9nu a van\u00e1du.<\/p>\n<p>\u0160portov\u00fd n\u00f4\u017e <strong>Muela Rhino-16BF<\/strong> je n\u00f4\u017e z limitovanej ed\u00edcie \/ kolekcie, navrhnut\u00fd a vyroben\u00fd \u0161peci\u00e1lne pre milovn\u00edkov no\u017eov s vynikaj\u00facimi a exkluz\u00edvnymi materi\u00e1lmi, ako je jelenie paroh, pou\u017eit\u00fd na rukov\u00e4\u0165.<\/p>\n<p>Rukov\u00e4\u0165 \u0161portov\u00e9ho no\u017ea <strong>Muela Rhino-16BF<\/strong> je vyroben\u00e1 z jelenia parohu, neuverite\u013ene detailn\u00e9ho a z\u00e1rove\u0148 odoln\u00e9ho materi\u00e1lu. Jelenie parohy v zime opad\u00e1vaj\u00fa a na jar znovu rast\u00fa, tak\u017ee v pou\u017eit\u00ed tohto materi\u00e1lu, ktor\u00fd sa odd\u00e1vna pou\u017e\u00edva pri v\u00fdrobe ru\u010dn\u00fdch no\u017eov, nie je \u017eiadna krutos\u0165.<\/p>\n<p>\u0160pi\u010dka \u010depele je zakriven\u00e1, \u010do zabra\u0148uje prepichnutiu ko\u017ee zviera\u0165a pri rezan\u00ed a u\u013eah\u010duje odstr\u00e1nenie ko\u017ee. Jeho \u010depe\u013e je vyroben\u00e1 z X50CrMoV15 \u201eMOVA\u201c (1.4116), \u010do je klasick\u00fd materi\u00e1l no\u017eov Muela, ktor\u00fd je vynikaj\u00facou kombin\u00e1ciou molybd\u00e9nu a van\u00e1du, \u010do tvor\u00ed oce\u013e s vynikaj\u00facou tvrdos\u0165ou a odolnos\u0165ou proti kor\u00f3zii.<\/p>\n<p><strong>Muela<\/strong> vyr\u00e1ba exkluz\u00edvne no\u017ee, vreckov\u00e9 no\u017ee a britvy od roku 1950 v \u0160panielsku a je referenciou v pr\u00edboroch na celom svete. V\u010faka \u0161peci\u00e1lne vybran\u00fdm materi\u00e1lom, ako je martenzitick\u00e1 oce\u013e pou\u017eit\u00e1 v \u010depeliach a jelen\u00ed paro\u017e\u00ed, pou\u017e\u00edvan\u00e9 pri niektor\u00fdch modeloch, s\u00fa tvarovan\u00e9 a upravovan\u00e9 v\u010faka vynikaj\u00facej pr\u00e1ci, ktor\u00e1 kombinuje modern\u00e9 strojn\u00e9 zariadenia s remeselnou met\u00f3dou. So v\u0161etk\u00fdmi v\u00fdrobkami manipuluj\u00fa sk\u00fasen\u00ed no\u017eiari, ktor\u00ed ka\u017ed\u00fd kus dor\u00e1baj\u00fa ru\u010dne.<\/p>\n<p>Technick\u00fd popis:<\/p>\n<p>K\u00f3d: RHINO-16BF<\/p>\n<p>Zna\u010dka: Muela<\/p>\n<p>Model: Limitovan\u00e1 ed\u00edcia \/ Kolekcia &#8211; Rhino-16BF<\/p>\n<p>Materi\u00e1l rukov\u00e4te: Jelenie roh<\/p>\n<p>Materi\u00e1l \u010depele: 1.4116<\/p>\n<p>D\u013a\u017eka \u010depele: 16 cm<\/p>\n<p>D\u013a\u017eka k\u00e1bla: 13 cm (5&#8243;)<\/p>\n<p>Tvrdos\u0165 ocele: 56 &#8211; 58 HRC<\/p>\n<p>&nbsp;<\/p>\n","protected":false},"excerpt":{"rendered":"<p><strong>\u0160portov\u00fd n\u00f4\u017e Muela Rhino-16BF je n\u00f4\u017e z limitovanej ed\u00edcie \/ kolekcie, navrhnut\u00fd a vyroben\u00fd \u0161peci\u00e1lne pre milovn\u00edkov no\u017eov s vynikaj\u00facimi a exkluz\u00edvnymi materi\u00e1lmi, ako je jelenie paroh, pou\u017eit\u00fd na rukov\u00e4\u0165.<\/strong><\/p>\n","protected":false},"featured_media":352460,"comment_status":"open","ping_status":"closed","template":"","meta":[],"pwb-brand":[3910],"product_brand":[],"product_cat":[3186,3187],"product_tag":[3668],"class_list":{"0":"post-352480","1":"product","2":"type-product","3":"status-publish","4":"has-post-thumbnail","6":"pwb-brand-muela-sk","7":"product_cat-noze-sk","8":"product_cat-pevne-noze-sk","9":"product_tag-b2b-sk","11":"first","12":"instock","13":"taxable","14":"shipping-taxable","15":"purchasable","16":"product-type-simple"},"brands":[{"id":3910,"name":"Muela","slug":"muela-sk"}],"_links":{"self":[{"href":"https:\/\/www.moskito.cz\/sk\/wp-json\/wp\/v2\/product\/352480","targetHints":{"allow":["GET"]}}],"collection":[{"href":"https:\/\/www.moskito.cz\/sk\/wp-json\/wp\/v2\/product"}],"about":[{"href":"https:\/\/www.moskito.cz\/sk\/wp-json\/wp\/v2\/types\/product"}],"replies":[{"embeddable":true,"href":"https:\/\/www.moskito.cz\/sk\/wp-json\/wp\/v2\/comments?post=352480"}],"wp:featuredmedia":[{"embeddable":true,"href":"https:\/\/www.moskito.cz\/sk\/wp-json\/wp\/v2\/media\/352460"}],"wp:attachment":[{"href":"https:\/\/www.moskito.cz\/sk\/wp-json\/wp\/v2\/media?parent=352480"}],"wp:term":[{"taxonomy":"pwb-brand","embeddable":true,"href":"https:\/\/www.moskito.cz\/sk\/wp-json\/wp\/v2\/pwb-brand?post=352480"},{"taxonomy":"product_brand","embeddable":true,"href":"https:\/\/www.moskito.cz\/sk\/wp-json\/wp\/v2\/product_brand?post=352480"},{"taxonomy":"product_cat","embeddable":true,"href":"https:\/\/www.moskito.cz\/sk\/wp-json\/wp\/v2\/product_cat?post=352480"},{"taxonomy":"product_tag","embeddable":true,"href":"https:\/\/www.moskito.cz\/sk\/wp-json\/wp\/v2\/product_tag?post=352480"}],"curies":[{"name":"wp","href":"https:\/\/api.w.org\/{rel}","templated":true}]}}