{"id":352513,"date":"2024-07-15T12:39:27","date_gmt":"2024-07-15T11:39:27","guid":{"rendered":"https:\/\/www.moskito.cz\/produkt\/pevny-noz-muela-ibex-8r\/"},"modified":"2025-05-07T11:21:28","modified_gmt":"2025-05-07T10:21:28","slug":"pevny-noz-muela-ibex-8r","status":"publish","type":"product","link":"https:\/\/www.moskito.cz\/sk\/produkt\/pevny-noz-muela-ibex-8r\/","title":{"rendered":"Pevn\u00fd N\u00f4\u017e Muela IBEX-8R"},"content":{"rendered":"<p>Pevn\u00fd N\u00f4\u017e <strong>Muela<\/strong> IBEX-8R.<\/p>\n<p>IBEX-8R ru\u010dne vyroben\u00fd, kompaktn\u00fd n\u00f4\u017e zo \u0161panielskej manufakt\u00fary <strong>Muela<\/strong> . Cie\u013eom bolo vytvori\u0165 \u0161ikovn\u00fd, ale spo\u013eahliv\u00fd n\u00f4\u017e s n\u00edzkou hmotnos\u0165ou pre ak\u00e9ko\u013evek vonkaj\u0161ie pou\u017eitie. V\u0161estrann\u00fd, dokonale vyv\u00e1\u017een\u00fd s celoplo\u0161n\u00fdm dizajnom s \u010depe\u013eou vyrobenou z ocele X50CrMoV15, poskytuje ohromn\u00fd rezn\u00fd v\u00fdkon. Zameran\u00e9 na nad\u0161encov bushcraftu, pre\u017eitia a lovu.<\/p>\n<p>X50CrMoV15 (1.4116) &#8211; molybd\u00e9n-van\u00e1diov\u00e1 vysoko uhl\u00edkov\u00e1 martenzitick\u00e1 nerezov\u00e1 oce\u013e, vysoko odoln\u00e1 vo\u010di kor\u00f3zii a opotrebovaniu. Pou\u017e\u00edva sa pri v\u00fdrobe no\u017eov, \u0161pi\u010dkov\u00fdch pr\u00edborov a chirurgick\u00fdch n\u00e1strojov. Vyzna\u010duje sa pomerne vysokou tvrdos\u0165ou pri nerezov\u00fdch oceliach 56-58 HRC. Chemick\u00e9 zlo\u017eenie ocele bolo obohaten\u00e9 dopovan\u00edm 15,0 % chr\u00f3mu, 0,80 % molybd\u00e9nu, 0,20 % van\u00e1du.<\/p>\n<p>\u010cepe\u013e &#8211; extr\u00e9mne ostr\u00fd tvar Drop Point ide\u00e1lny pre v\u0161etky druhy loveck\u00fdch pr\u00e1c. Sat\u00e9nov\u00e1 hladk\u00e1 \u010depe\u013e Plain s dut\u00fdm brusom pre ni\u017e\u0161iu hmotnos\u0165 a vynikaj\u00faci rezn\u00fd v\u00fdkon. Ve\u013ek\u00fd prstov\u00fd v\u00fdstupok u\u013eah\u010duje vedenie no\u017ea na presn\u00fa pr\u00e1cu. Pre lep\u0161iu pri\u013enavos\u0165 boli \u0161pi\u010dky prstov a \u010das\u0165 chrbta \u010depele roz\u0161\u00edren\u00e9.<\/p>\n<p>Rukov\u00e4\u0165 &#8211; vyroben\u00e1 z pr\u00edrodn\u00e9ho koralov\u00e9ho dreva (Sekvoja)<\/p>\n<p>Po\u0161va &#8211; ru\u010dne \u0161it\u00e1, vyroben\u00e1 z kvalitnej \u010diernej hov\u00e4dzej ko\u017ee s vyrazen\u00fdm logom v\u00fdrobcu. Okraje puzdra s\u00fa pre\u0161it\u00e9 ozdobnou ni\u0165ou. Zap\u00ednanie na patentku typu Prym. Uchytenie na opasok umo\u017e\u0148uje nosenie no\u017ea vo vzpriamenej polohe.<\/p>\n<p>Skupina <strong>Muela<\/strong> je teraz jednou z popredn\u00fdch spolo\u010dnost\u00ed v oblasti ru\u010dnej v\u00fdroby loveck\u00fdch no\u017eov v \u0160panielsku aj na celom svete a jej no\u017ee a vreckov\u00e9 no\u017ee s\u00fa vysoko cenen\u00e9 pre svoju \u0161pi\u010dkov\u00fa kvalitu spracovania.<br \/>\nTechnick\u00e9 d\u00e1ta:<\/p>\n<p>\u010c\u00edslo produktu: IBEX-8R<br \/>\nCelkov\u00e1 d\u013a\u017eka: 16.5 cm \/ 6,5&#8243;<br \/>\nD\u013a\u017eka \u010depele: 7.5 cm \/ 2,95&#8243;<br \/>\nD\u013a\u017eka rukov\u00e4te: 90,0 mm \/ 3,46&#8243;<br \/>\nHr\u00fabka \u010depele: 0.36 cm \/ 0,14&#8243;<br \/>\nHr\u00fabka rukov\u00e4te: na<br \/>\nHmotnos\u0165: 129,0 g \/ 4,55 oz<\/p>\n<p>Materi\u00e1l \u010depele: X50CrMoV15<br \/>\nTvrdos\u0165 \u010depele: nd<br \/>\nBr\u00fasenie \u010depele: Dut\u00e9<\/p>\n<p>&nbsp;<\/p>\n<p>&nbsp;<\/p>\n<p>&nbsp;<\/p>\n","protected":false},"excerpt":{"rendered":"<p><strong>  IBEX-8R ru\u010dne vyroben\u00fd, kompaktn\u00fd n\u00f4\u017e zo \u0161panielskej manufakt\u00fary Muela. Cie\u013eom bolo vytvori\u0165 \u0161ikovn\u00fd, ale spo\u013eahliv\u00fd n\u00f4\u017e s n\u00edzkou hmotnos\u0165ou na ak\u00e9ko\u013evek vonkaj\u0161ie pou\u017eitie.<\/strong><\/p>\n","protected":false},"featured_media":352492,"comment_status":"open","ping_status":"closed","template":"","meta":[],"pwb-brand":[3910],"product_brand":[],"product_cat":[3187,3186],"product_tag":[3668],"class_list":{"0":"post-352513","1":"product","2":"type-product","3":"status-publish","4":"has-post-thumbnail","6":"pwb-brand-muela-sk","7":"product_cat-pevne-noze-sk","8":"product_cat-noze-sk","9":"product_tag-b2b-sk","11":"first","12":"outofstock","13":"taxable","14":"shipping-taxable","15":"purchasable","16":"product-type-simple"},"brands":[{"id":3910,"name":"Muela","slug":"muela-sk"}],"_links":{"self":[{"href":"https:\/\/www.moskito.cz\/sk\/wp-json\/wp\/v2\/product\/352513","targetHints":{"allow":["GET"]}}],"collection":[{"href":"https:\/\/www.moskito.cz\/sk\/wp-json\/wp\/v2\/product"}],"about":[{"href":"https:\/\/www.moskito.cz\/sk\/wp-json\/wp\/v2\/types\/product"}],"replies":[{"embeddable":true,"href":"https:\/\/www.moskito.cz\/sk\/wp-json\/wp\/v2\/comments?post=352513"}],"wp:featuredmedia":[{"embeddable":true,"href":"https:\/\/www.moskito.cz\/sk\/wp-json\/wp\/v2\/media\/352492"}],"wp:attachment":[{"href":"https:\/\/www.moskito.cz\/sk\/wp-json\/wp\/v2\/media?parent=352513"}],"wp:term":[{"taxonomy":"pwb-brand","embeddable":true,"href":"https:\/\/www.moskito.cz\/sk\/wp-json\/wp\/v2\/pwb-brand?post=352513"},{"taxonomy":"product_brand","embeddable":true,"href":"https:\/\/www.moskito.cz\/sk\/wp-json\/wp\/v2\/product_brand?post=352513"},{"taxonomy":"product_cat","embeddable":true,"href":"https:\/\/www.moskito.cz\/sk\/wp-json\/wp\/v2\/product_cat?post=352513"},{"taxonomy":"product_tag","embeddable":true,"href":"https:\/\/www.moskito.cz\/sk\/wp-json\/wp\/v2\/product_tag?post=352513"}],"curies":[{"name":"wp","href":"https:\/\/api.w.org\/{rel}","templated":true}]}}