{"id":352527,"date":"2023-07-16T17:40:19","date_gmt":"2024-07-15T11:44:49","guid":{"rendered":"https:\/\/www.moskito.cz\/produkt\/pevny-noz-muela-urial-19co\/"},"modified":"2025-05-07T11:21:29","modified_gmt":"2025-05-07T10:21:29","slug":"pevny-noz-muela-urial-19co","status":"publish","type":"product","link":"https:\/\/www.moskito.cz\/sk\/produkt\/pevny-noz-muela-urial-19co\/","title":{"rendered":"Pevn\u00fd N\u00f4\u017e Muela URIAL-19CO"},"content":{"rendered":"<p>Pevn\u00fd N\u00f4\u017e <strong>Muela<\/strong> URIAL-19CO<\/p>\n<p>N\u00f4\u017e Urial je od renomovanej Muela, zna\u010dky zn\u00e1mej po celom svete ako jedna z najlep\u0161\u00edch zna\u010diek no\u017eov. \u010ci u\u017e do zbierky alebo na ka\u017edodenn\u00e9 pou\u017eitie, n\u00f4\u017e Urial sp\u013a\u0148a v\u0161etky po\u017eiadavky na kvalitu a odolnos\u0165.<\/p>\n<p>Muela je \u0161panielska zna\u010dka zn\u00e1ma po celom svete ako jeden z najlep\u0161\u00edch dod\u00e1vate\u013eov jemn\u00fdch pr\u00edborov\u00fdch no\u017eov na svete! Vyr\u00e1ba viac ako 350 000 kusov ro\u010dne, z ktor\u00fdch 70 % je exportovan\u00fdch do viac ako 50 kraj\u00edn na piatich kontinentoch.<\/p>\n<p>Medzi produkty Muela patria remeseln\u00e9 no\u017ee, luxusn\u00e9 no\u017ee, loveck\u00e9 no\u017ee, \u0161portov\u00e9 no\u017ee a taktick\u00e9 no\u017ee.<\/p>\n<p>S \u010depe\u013eou vyrobenou z molybd\u00e9n-van\u00e1diovej ocele, jedn\u00e9ho z najlep\u0161\u00edch materi\u00e1lov pou\u017e\u00edvan\u00fdch v pr\u00edboroch, je molybd\u00e9n-van\u00e1diov\u00e1 oce\u013e jedn\u00fdm z naj\u017eiadanej\u0161\u00edch materi\u00e1lov v\u00fdrobcov pr\u00edborov a zberate\u013eov, preto\u017ee sa \u013eah\u0161ie o\u0161etruje, kuje, temperuje a star\u00e1, \u010do umo\u017e\u0148uje pre r\u00f4zne povrchov\u00e9 \u00fapravy, zanech\u00e1vaj\u00face \u010depeli vysoko kvalitn\u00fd le\u0161ten\u00fd vzh\u013ead.<\/p>\n<p>\u010co je molybd\u00e9n-van\u00e1diov\u00e1 oce\u013e? Jedn\u00e1 sa o vysoko kvalitn\u00fa stredne legovan\u00fa oce\u013e, jej chemick\u00e9 zlo\u017eenie pon\u00faka dobr\u00fa kombin\u00e1ciu tvrdosti a odolnosti proti opotrebovaniu. Je \u0161iroko pou\u017e\u00edvan\u00fd pre rezn\u00e9 n\u00e1stroje, ako s\u00fa no\u017ee a vreckov\u00e9 no\u017ee.<\/p>\n<p>Jeho \u010depe\u013e m\u00e1 navy\u0161e le\u0161ten\u00fd povrch, inovat\u00edvny v rustik\u00e1lnom a modernom dizajne.<\/p>\n<p>Jeho hladk\u00e1 \u010depe\u013e m\u00e1 tuhos\u0165 vo svojej \u0161trukt\u00fare, \u010do umo\u017e\u0148uje jemnej\u0161ie rezy a\u017e hrub\u0161ie rezy a efekt\u00edvne uspokojuje v\u0161etky potreby.<\/p>\n<p>Tento model no\u017ea je exkluz\u00edvny pre Muela a bol vyroben\u00fd v \u0160panielsku.<\/p>\n<p>Tento model m\u00e1 tie\u017e dreven\u00fa rukov\u00e4\u0165 s vysoko kvalitnou povrchovou \u00fapravou s hladk\u00fdm povrchom vysokej jemnosti.<\/p>\n<p>M\u00e1 tie\u017e povlaky na b\u00e1ze PTFE, tento povlak neumo\u017e\u0148uje pri\u013enutie a impregn\u00e1ciu zvy\u0161kov, \u010do poskytuje v\u00e4\u010d\u0161iu odolnos\u0165 v\u00e1\u0161ho no\u017ea.<\/p>\n<p>Jeho \u010dierna rukov\u00e4\u0165 umo\u017e\u0148uje pohodln\u00fa manipul\u00e1ciu s no\u017eom a preto\u017ee je ergonomick\u00e1, nedovol\u00ed, aby n\u00f4\u017e pri pou\u017e\u00edvan\u00ed sk\u013azol v ruke.<\/p>\n<p>Maj\u00fa tie\u017e hned\u00e9 puzdro vyroben\u00e9 z vysoko kvalitnej ko\u017ee, s p\u00e1skov\u00fdm uz\u00e1verom, najv\u00e4\u010d\u0161ou prednos\u0165ou tohto puzdra je jeho praktickos\u0165 a kvalita, umo\u017e\u0148uj\u00faca bezpe\u010dn\u00fa manipul\u00e1ciu a prepravu v\u00e1\u0161ho no\u017ea Urial.<\/p>\n<p>Ke\u010f\u017ee sa jedn\u00e1 o \u0161portov\u00fd a po\u013eovn\u00fd model, je pripraven\u00fd \u010deli\u0165 v\u00fdzvam s vysok\u00fdm v\u00fdkonom. Podporuje jemnej\u0161ie rezy, dokonca aj rezy ako lan\u00e1, ko\u017ea a vetvy, ide\u00e1lne pre v\u00e1s na chodn\u00edk alebo kempovanie.<\/p>\n<p>Ostrenie: Pre lep\u0161iu konzerv\u00e1ciu ostria V\u00e1\u0161ho no\u017ea Urial odpor\u00fa\u010dame pou\u017ei\u0165 hladk\u00fa oce\u013e, zachovanie vyrovnania a pred\u013a\u017eenie reznej sily, v pr\u00edpade potreby je mo\u017en\u00e9 pou\u017ei\u0165 kamenn\u00fd alebo vodn\u00fd br\u00fasny papier s ve\u013emi jemnou zrnitos\u0165ou.<\/p>\n<p>Zna\u010dka: Muela<br \/>\nModel: N\u00f4\u017e Urial-19CO<br \/>\nFarba rukov\u00e4te: Drevo<br \/>\nFarba \u010depele: Strieborn\u00e1<br \/>\nMateri\u00e1l \u010depele: molybd\u00e9n-van\u00e1diov\u00e1 oce\u013e<br \/>\nMateri\u00e1l rukov\u00e4te: Drevo<br \/>\nOblie\u010dka: PTFE<br \/>\nFarba pl\u00e1\u0161\u0165a: Hned\u00e1<br \/>\nMateri\u00e1l puzdra: Ko\u017ea<br \/>\nFunkcia: \u0160portov\u00fd\/Loveck\u00fd n\u00f4\u017e<br \/>\nD\u013a\u017eka \u010depele: 19 cm<br \/>\n\u0160\u00edrka \u010depele: 3,5 cm<br \/>\nHr\u00fabka \u010depele: 4 mm<br \/>\nCelkov\u00e1 d\u013a\u017eka no\u017ea: 31 cm<br \/>\nRozmery puzdra: 29 cm x 5 cm x 2 cm<br \/>\nRozmery no\u017ea s puzdrom: 33 cm x 5 cm x 3,5 cm<br \/>\nHmotnos\u0165: 278g<br \/>\nHmotnos\u0165 no\u017ea s puzdrom: 354 g<br \/>\nHmotnos\u0165 balenia: 500 g<br \/>\nRozmery balenia: 35 cm x 9 cm x 5,3 cm<\/p>\n<p>&nbsp;<\/p>\n<p>&nbsp;<\/p>\n","protected":false},"excerpt":{"rendered":"<p><strong>N\u00f4\u017e Urial je od renomovanej Muela, zna\u010dky zn\u00e1mej po celom svete ako jedna z najlep\u0161\u00edch zna\u010diek no\u017eov. \u010ci u\u017e do zbierky alebo na ka\u017edodenn\u00e9 pou\u017eitie, n\u00f4\u017e Urial sp\u013a\u0148a v\u0161etky po\u017eiadavky na kvalitu a odolnos\u0165.<\/strong><\/p>\n","protected":false},"featured_media":254101,"comment_status":"open","ping_status":"closed","template":"","meta":[],"pwb-brand":[3910],"product_brand":[],"product_cat":[3187,3186],"product_tag":[3668],"class_list":{"0":"post-352527","1":"product","2":"type-product","3":"status-publish","4":"has-post-thumbnail","6":"pwb-brand-muela-sk","7":"product_cat-pevne-noze-sk","8":"product_cat-noze-sk","9":"product_tag-b2b-sk","11":"first","12":"instock","13":"taxable","14":"shipping-taxable","15":"purchasable","16":"product-type-simple"},"brands":[{"id":3910,"name":"Muela","slug":"muela-sk"}],"_links":{"self":[{"href":"https:\/\/www.moskito.cz\/sk\/wp-json\/wp\/v2\/product\/352527","targetHints":{"allow":["GET"]}}],"collection":[{"href":"https:\/\/www.moskito.cz\/sk\/wp-json\/wp\/v2\/product"}],"about":[{"href":"https:\/\/www.moskito.cz\/sk\/wp-json\/wp\/v2\/types\/product"}],"replies":[{"embeddable":true,"href":"https:\/\/www.moskito.cz\/sk\/wp-json\/wp\/v2\/comments?post=352527"}],"wp:featuredmedia":[{"embeddable":true,"href":"https:\/\/www.moskito.cz\/sk\/wp-json\/wp\/v2\/media\/254101"}],"wp:attachment":[{"href":"https:\/\/www.moskito.cz\/sk\/wp-json\/wp\/v2\/media?parent=352527"}],"wp:term":[{"taxonomy":"pwb-brand","embeddable":true,"href":"https:\/\/www.moskito.cz\/sk\/wp-json\/wp\/v2\/pwb-brand?post=352527"},{"taxonomy":"product_brand","embeddable":true,"href":"https:\/\/www.moskito.cz\/sk\/wp-json\/wp\/v2\/product_brand?post=352527"},{"taxonomy":"product_cat","embeddable":true,"href":"https:\/\/www.moskito.cz\/sk\/wp-json\/wp\/v2\/product_cat?post=352527"},{"taxonomy":"product_tag","embeddable":true,"href":"https:\/\/www.moskito.cz\/sk\/wp-json\/wp\/v2\/product_tag?post=352527"}],"curies":[{"name":"wp","href":"https:\/\/api.w.org\/{rel}","templated":true}]}}