{"id":352560,"date":"2024-07-15T12:53:02","date_gmt":"2024-07-15T11:55:47","guid":{"rendered":"https:\/\/www.moskito.cz\/produkt\/pevny-noz-muela-gaucho-20m\/"},"modified":"2025-05-07T11:21:30","modified_gmt":"2025-05-07T10:21:30","slug":"pevny-noz-muela-gaucho-20m","status":"publish","type":"product","link":"https:\/\/www.moskito.cz\/sk\/produkt\/pevny-noz-muela-gaucho-20m\/","title":{"rendered":"Pevn\u00fd N\u00f4\u017e Muela GAUCHO-20M"},"content":{"rendered":"<p>Pevn\u00fd N\u00f4\u017e <strong>Muela<\/strong> GAUCHO-20M<\/p>\n<p>No\u017ee <strong>Muela<\/strong> s\u00fa jednou z referen\u010dn\u00fdch zna\u010diek vo svete \u0161portov\u00fdch pr\u00edborov. Ich v\u00fdrobky s\u00fa ru\u010dne vyr\u00e1ban\u00e9 z vybran\u00fdch materi\u00e1lov, v\u017edy s maxim\u00e1lnym d\u00f4razom na detail sk\u00fasen\u00fdmi remeseln\u00edkmi a no\u017eiarmi.<\/p>\n<p>Dlh\u00fd loveck\u00fd n\u00f4\u017e <strong>Muela<\/strong> <strong>Gaucho 20M<\/strong> , ergonomicky tvarovan\u00e1 rukov\u00e4\u0165 z tmavej mikarty, kovov\u00e1 p\u00e4tka rukov\u00e4te, dod\u00e1van\u00fd s puzdrom. \u0160t\u00edhly loveck\u00fd n\u00f4\u017e Loveck\u00fd n\u00f4\u017e od \u0161panielskej firmy Muela s priamo\u010diarym jednoduch\u00fdm dizajnom. Jeho dlh\u00fa \u0161t\u00edhlu \u010depe\u013e oce\u013en\u00fa pri svojej \u010dinnosti v\u0161etci lovci a po\u013eovn\u00edci. Technick\u00e9 \u00fadaje Na v\u00fdrobu \u010depele bola pou\u017eit\u00e1 kvalitn\u00e1 nerezov\u00e1 molibden van\u00e1diov\u00e1 oce\u013e s tvrdos\u0165ou cca 60 HRC. V\u00fdbeh ostrie sl\u00fa\u017ei ako z\u00e1\u0161tita pre bezpe\u010dnos\u0165 pri pr\u00e1ci. Kovanie a p\u00e4tka rukov\u00e4te s\u00fa kovov\u00e9 v striebornej farbe. Rukov\u00e4\u0165 je vyroben\u00e1 z tmavej mikarty, je anatomicky tvarovan\u00e1 a pohodlne sa dr\u017e\u00ed. N\u00f4\u017e je dod\u00e1van\u00fd s \u010diernym ko\u017een\u00fdm puzdrom.<\/p>\n<p>No\u017ee Muela s\u00fa jednou z referen\u010dn\u00fdch zna\u010diek vo svete \u0161portov\u00fdch pr\u00edborov. Ich v\u00fdrobky s\u00fa ru\u010dne vyr\u00e1ban\u00e9 z vybran\u00fdch materi\u00e1lov, v\u017edy s maxim\u00e1lnym d\u00f4razom na detail sk\u00fasen\u00fdmi remeseln\u00edkmi a no\u017eiarmi.<\/p>\n<p>Technick\u00e9 \u0161pecifik\u00e1cie:<\/p>\n<p>Oce\u013e: X50CrMoV15 (MOVA)<br \/>\nTvrdos\u0165 ocele: 57-58 HRC<br \/>\nTvar \u010depele: Klasick\u00fd<br \/>\nRukov\u00e4\u0165: \u010dierna micarta<br \/>\nPo\u0161va: Vr\u00e1tane \u010dierneho ko\u017een\u00e9ho puzdra<br \/>\nKon\u0161trukcia no\u017ea: Cel\u00e1<br \/>\nD\u013a\u017eka \u010depele: 200 mm<br \/>\nD\u013a\u017eka rukov\u00e4te: 125 mm<br \/>\nCelkov\u00e1 d\u013a\u017eka: 325 mm<br \/>\nHmotnos\u0165: 250g<\/p>\n<p>&nbsp;<\/p>\n","protected":false},"excerpt":{"rendered":"<p><strong>No\u017ee Muela s\u00fa jednou z referen\u010dn\u00fdch zna\u010diek vo svete \u0161portov\u00fdch pr\u00edborov. Ich v\u00fdrobky s\u00fa ru\u010dne vyr\u00e1ban\u00e9 z vybran\u00fdch materi\u00e1lov, v\u017edy s maxim\u00e1lnym d\u00f4razom na detail sk\u00fasen\u00fdmi remeseln\u00edkmi a no\u017eiarmi.<\/strong><\/p>\n","protected":false},"featured_media":352548,"comment_status":"open","ping_status":"closed","template":"","meta":[],"pwb-brand":[3910],"product_brand":[],"product_cat":[3186,3187],"product_tag":[3668],"class_list":{"0":"post-352560","1":"product","2":"type-product","3":"status-publish","4":"has-post-thumbnail","6":"pwb-brand-muela-sk","7":"product_cat-noze-sk","8":"product_cat-pevne-noze-sk","9":"product_tag-b2b-sk","11":"first","12":"instock","13":"taxable","14":"shipping-taxable","15":"purchasable","16":"product-type-simple"},"brands":[{"id":3910,"name":"Muela","slug":"muela-sk"}],"_links":{"self":[{"href":"https:\/\/www.moskito.cz\/sk\/wp-json\/wp\/v2\/product\/352560","targetHints":{"allow":["GET"]}}],"collection":[{"href":"https:\/\/www.moskito.cz\/sk\/wp-json\/wp\/v2\/product"}],"about":[{"href":"https:\/\/www.moskito.cz\/sk\/wp-json\/wp\/v2\/types\/product"}],"replies":[{"embeddable":true,"href":"https:\/\/www.moskito.cz\/sk\/wp-json\/wp\/v2\/comments?post=352560"}],"wp:featuredmedia":[{"embeddable":true,"href":"https:\/\/www.moskito.cz\/sk\/wp-json\/wp\/v2\/media\/352548"}],"wp:attachment":[{"href":"https:\/\/www.moskito.cz\/sk\/wp-json\/wp\/v2\/media?parent=352560"}],"wp:term":[{"taxonomy":"pwb-brand","embeddable":true,"href":"https:\/\/www.moskito.cz\/sk\/wp-json\/wp\/v2\/pwb-brand?post=352560"},{"taxonomy":"product_brand","embeddable":true,"href":"https:\/\/www.moskito.cz\/sk\/wp-json\/wp\/v2\/product_brand?post=352560"},{"taxonomy":"product_cat","embeddable":true,"href":"https:\/\/www.moskito.cz\/sk\/wp-json\/wp\/v2\/product_cat?post=352560"},{"taxonomy":"product_tag","embeddable":true,"href":"https:\/\/www.moskito.cz\/sk\/wp-json\/wp\/v2\/product_tag?post=352560"}],"curies":[{"name":"wp","href":"https:\/\/api.w.org\/{rel}","templated":true}]}}