{"id":352643,"date":"2024-07-15T13:20:39","date_gmt":"2024-07-15T12:27:07","guid":{"rendered":"https:\/\/www.moskito.cz\/produkt\/pevny-noz-muela-bear-24r\/"},"modified":"2025-05-07T11:21:32","modified_gmt":"2025-05-07T10:21:32","slug":"pevny-noz-muela-bear-24r","status":"publish","type":"product","link":"https:\/\/www.moskito.cz\/sk\/produkt\/pevny-noz-muela-bear-24r\/","title":{"rendered":"Pevn\u00fd N\u00f4\u017e Muela BEAR-24R"},"content":{"rendered":"<p>Pevn\u00fd N\u00f4\u017e <strong>Muela<\/strong> BEAR-24R.<\/p>\n<p>Spolo\u010dnos\u0165 <strong>MUELA<\/strong> je celosvetovo uzn\u00e1van\u00e1 za v\u00fdrobu exkluz\u00edvnych no\u017eov, vreckov\u00fdch no\u017eov a \u017eiletiek od roku 1950 v \u0160panielsku a je referenciou v oblasti no\u017eov, preto\u017ee jej produkty s\u00fa starostlivo vyroben\u00e9 zo \u0161peci\u00e1lne vybran\u00fdch materi\u00e1lov.<\/p>\n<p>Ka\u017ed\u00fd kus je dokon\u010den\u00fd sk\u00fasen\u00fdmi no\u017eiarmi, ktor\u00ed vykon\u00e1vaj\u00fa kone\u010dn\u00fa \u00fapravu remeseln\u00fdm a starostliv\u00fdm sp\u00f4sobom, vr\u00e1tane ostrenia, le\u0161tenia a pr\u00edsnej kontroly kvality.<\/p>\n<p>\u0160portov\u00fd n\u00f4\u017e Muela BEAR-24R m\u00e1 \u010depe\u013e z NEREZOVEJ OCELE vo form\u00e1te Spearhead, Dagger s tvrdos\u0165ou 57-58 HRC.<\/p>\n<p>Rukov\u00e4\u0165 je vyroben\u00e1 z pr\u00edrodn\u00e9ho koralov\u00e9ho DREVA, navy\u0161e je dod\u00e1van\u00e1 s ko\u017een\u00fdm puzdrom so zap\u00ednan\u00edm podobn\u00fdm opasku, s prackou.<\/p>\n<p>Je pova\u017eovan\u00fd za ve\u013emi kvalitn\u00fd a EXTR\u00c9MNE OSTR\u00dd n\u00f4\u017e a zaru\u010duje skvel\u00fd z\u00e1\u017eitok pre u\u017e\u00edvate\u013eov, ktor\u00ed h\u013eadaj\u00fa pr\u00edbory profesion\u00e1lnej \u00farovne.<\/p>\n<p>Tieto a \u010fal\u0161ie modely Muela Knives za najlep\u0161\u00ed pomer ceny a kvality na trhu n\u00e1jdete tu, na AR15 SPORT!<\/p>\n<p>TECHNICK\u00c9 \u0160PECIFIK\u00c1CIE:<\/p>\n<p>Zna\u010dka: Muela<br \/>\nModel: Bear-24R<br \/>\nMateri\u00e1l \u010depele: Nerezov\u00e1 oce\u013e<br \/>\nMateri\u00e1l rukov\u00e4te: Pr\u00edrodn\u00e9 koralov\u00e9 drevo<br \/>\nTvrdos\u0165 \u010depele: 57-58 HRC<br \/>\nTvar \u010depele: hrot kopije, d\u00fdka<br \/>\nKo\u017een\u00e9 puzdro so zap\u00ednan\u00edm na pracku<br \/>\nExtr\u00e9mne ostr\u00fd \u0161portov\u00fd n\u00f4\u017e<br \/>\nD\u013a\u017eka \u010depele: 24,2 cm<br \/>\nCelkov\u00e1 d\u013a\u017eka: 38 cm<br \/>\nCelkov\u00e1 hmotnos\u0165: 347 gramov<\/p>\n<p>&nbsp;<\/p>\n","protected":false},"excerpt":{"rendered":"<p><strong>Spolo\u010dnos\u0165 MUELA je celosvetovo uzn\u00e1van\u00e1 za v\u00fdrobu exkluz\u00edvnych no\u017eov, vreckov\u00fdch no\u017eov a \u017eiletiek od roku 1950 v \u0160panielsku a je referenciou v oblasti no\u017eov, preto\u017ee jej produkty s\u00fa starostlivo vyroben\u00e9 zo \u0161peci\u00e1lne vybran\u00fdch materi\u00e1lov.<\/strong><\/p>\n","protected":false},"featured_media":352614,"comment_status":"open","ping_status":"closed","template":"","meta":[],"pwb-brand":[3910],"product_brand":[],"product_cat":[3187,3186],"product_tag":[],"class_list":{"0":"post-352643","1":"product","2":"type-product","3":"status-publish","4":"has-post-thumbnail","6":"pwb-brand-muela-sk","7":"product_cat-pevne-noze-sk","8":"product_cat-noze-sk","10":"first","11":"instock","12":"taxable","13":"shipping-taxable","14":"purchasable","15":"product-type-simple"},"brands":[{"id":3910,"name":"Muela","slug":"muela-sk"}],"_links":{"self":[{"href":"https:\/\/www.moskito.cz\/sk\/wp-json\/wp\/v2\/product\/352643","targetHints":{"allow":["GET"]}}],"collection":[{"href":"https:\/\/www.moskito.cz\/sk\/wp-json\/wp\/v2\/product"}],"about":[{"href":"https:\/\/www.moskito.cz\/sk\/wp-json\/wp\/v2\/types\/product"}],"replies":[{"embeddable":true,"href":"https:\/\/www.moskito.cz\/sk\/wp-json\/wp\/v2\/comments?post=352643"}],"wp:featuredmedia":[{"embeddable":true,"href":"https:\/\/www.moskito.cz\/sk\/wp-json\/wp\/v2\/media\/352614"}],"wp:attachment":[{"href":"https:\/\/www.moskito.cz\/sk\/wp-json\/wp\/v2\/media?parent=352643"}],"wp:term":[{"taxonomy":"pwb-brand","embeddable":true,"href":"https:\/\/www.moskito.cz\/sk\/wp-json\/wp\/v2\/pwb-brand?post=352643"},{"taxonomy":"product_brand","embeddable":true,"href":"https:\/\/www.moskito.cz\/sk\/wp-json\/wp\/v2\/product_brand?post=352643"},{"taxonomy":"product_cat","embeddable":true,"href":"https:\/\/www.moskito.cz\/sk\/wp-json\/wp\/v2\/product_cat?post=352643"},{"taxonomy":"product_tag","embeddable":true,"href":"https:\/\/www.moskito.cz\/sk\/wp-json\/wp\/v2\/product_tag?post=352643"}],"curies":[{"name":"wp","href":"https:\/\/api.w.org\/{rel}","templated":true}]}}