{"id":352734,"date":"2024-07-16T09:48:57","date_gmt":"2024-07-16T08:50:42","guid":{"rendered":"https:\/\/www.moskito.cz\/produkt\/pevny-noz-muela-scorpion-26w\/"},"modified":"2025-05-07T11:21:35","modified_gmt":"2025-05-07T10:21:35","slug":"pevny-noz-muela-scorpion-26w","status":"publish","type":"product","link":"https:\/\/www.moskito.cz\/sk\/produkt\/pevny-noz-muela-scorpion-26w\/","title":{"rendered":"Pevn\u00fd N\u00f4\u017e Muela SCORPION-26W"},"content":{"rendered":"<p>Pevn\u00fd N\u00f4\u017e <strong>Muela<\/strong> SCORPION-26W.<\/p>\n<p><strong>\u0160portov\u00fd n\u00f4\u017e Muela Scorpion-26W<\/strong><\/p>\n<p>\u0160portov\u00fd n\u00f4\u017e Muela Scorpion-26W odpor\u00fa\u010dame pre v\u00e1s, ktor\u00ed h\u013ead\u00e1te dobr\u00fd n\u00f4\u017e pre svoje loveck\u00e9 aktivity, s dvojit\u00fdm tvrd\u00fdm v\u00fdbrusom. So 115 mm (4 1\/2&#8243;) rukov\u00e4\u0165ou z vysokohustotnej gumy, s 260 mm (10 1\/4&#8243;) \u010depe\u013eou z ocele 420H s vysok\u00fdm obsahom uhl\u00edka, dobrou odolnos\u0165ou proti opotrebovaniu a \u013eahko sa br\u00fasi.<\/p>\n<p>\u0160portov\u00fd n\u00f4\u017e Muela Scorpion-26W je n\u00f4\u017e z radu Daggers and Daggers, navrhnut\u00fd a vyroben\u00fd \u0161peci\u00e1lne pre milovn\u00edkov pr\u00edborov s vynikaj\u00facimi materi\u00e1lmi, ako je guma s vysokou hustotou, pou\u017eit\u00e1 v rukov\u00e4ti.<\/p>\n<p>Jeho \u010depe\u013e je vyroben\u00e1 z ocele 420H, 420 Steel s vysok\u00fdm obsahom uhl\u00edka, dobrou odolnos\u0165ou proti opotrebeniu a \u013eahk\u00fdm zaostrovan\u00edm, dobr\u00e1 vo\u013eba pre r\u00f4zne pou\u017eitie.<\/p>\n<p>Muela vyr\u00e1ba exkluz\u00edvne no\u017ee, vreckov\u00e9 no\u017ee a britvy od roku 1950 v \u0160panielsku a je referenciou v pr\u00edboroch na celom svete. V\u010faka \u0161peci\u00e1lne vybran\u00fdm materi\u00e1lom, ako je martenzitick\u00e1 oce\u013e pou\u017eit\u00e1 v \u010depeliach a jelen\u00ed paro\u017e\u00ed, pou\u017e\u00edvan\u00e9 pri niektor\u00fdch modeloch, s\u00fa tvarovan\u00e9 a upravovan\u00e9 v\u010faka vynikaj\u00facej pr\u00e1ci, ktor\u00e1 kombinuje modern\u00e9 strojn\u00e9 zariadenia s remeselnou met\u00f3dou. V\u0161etky v\u00fdrobky prech\u00e1dzaj\u00fa sk\u00fasen\u00fdmi no\u017eiarmi, ktor\u00ed ka\u017ed\u00fd kus remeselne a prec\u00edzne upravia, ostrie, vyle\u0161tia a skontroluj\u00fa s n\u00e1ro\u010dnou kontrolou kvality.<\/p>\n<p>Technick\u00e9 vlastnosti:<\/p>\n<p>K\u00f3d: SCORPION-26W<br \/>\nZna\u010dka: Muela<br \/>\nModel: D\u00fdky a d\u00fdky &#8211; Scorpion-26w<br \/>\nMateri\u00e1l k\u00e1bla: Guma<br \/>\nMateri\u00e1l \u010depele: 420 H<br \/>\nD\u013a\u017eka \u010depele: 26 cm (10 1\/4&#8243;)<br \/>\nD\u013a\u017eka k\u00e1bla: 11.5 cm (4 1\/2&#8243;)<br \/>\nTvrdos\u0165 ocele: 56 &#8211; 58 HRC<br \/>\nHmotnos\u0165: 400 g<\/p>\n<p>&nbsp;<\/p>\n","protected":false},"excerpt":{"rendered":"<p><strong>\u0160portov\u00fd n\u00f4\u017e Muela Scorpion-26W odpor\u00fa\u010dame pre v\u00e1s, ktor\u00ed h\u013ead\u00e1te dobr\u00fd n\u00f4\u017e pre svoje loveck\u00e9 aktivity, s dvojit\u00fdm tvrd\u00fdm v\u00fdbrusom.<\/strong><\/p>\n","protected":false},"featured_media":352713,"comment_status":"open","ping_status":"closed","template":"","meta":[],"pwb-brand":[3910],"product_brand":[],"product_cat":[3186,3187],"product_tag":[3668],"class_list":{"0":"post-352734","1":"product","2":"type-product","3":"status-publish","4":"has-post-thumbnail","6":"pwb-brand-muela-sk","7":"product_cat-noze-sk","8":"product_cat-pevne-noze-sk","9":"product_tag-b2b-sk","11":"first","12":"outofstock","13":"taxable","14":"shipping-taxable","15":"purchasable","16":"product-type-simple"},"brands":[{"id":3910,"name":"Muela","slug":"muela-sk"}],"_links":{"self":[{"href":"https:\/\/www.moskito.cz\/sk\/wp-json\/wp\/v2\/product\/352734","targetHints":{"allow":["GET"]}}],"collection":[{"href":"https:\/\/www.moskito.cz\/sk\/wp-json\/wp\/v2\/product"}],"about":[{"href":"https:\/\/www.moskito.cz\/sk\/wp-json\/wp\/v2\/types\/product"}],"replies":[{"embeddable":true,"href":"https:\/\/www.moskito.cz\/sk\/wp-json\/wp\/v2\/comments?post=352734"}],"wp:featuredmedia":[{"embeddable":true,"href":"https:\/\/www.moskito.cz\/sk\/wp-json\/wp\/v2\/media\/352713"}],"wp:attachment":[{"href":"https:\/\/www.moskito.cz\/sk\/wp-json\/wp\/v2\/media?parent=352734"}],"wp:term":[{"taxonomy":"pwb-brand","embeddable":true,"href":"https:\/\/www.moskito.cz\/sk\/wp-json\/wp\/v2\/pwb-brand?post=352734"},{"taxonomy":"product_brand","embeddable":true,"href":"https:\/\/www.moskito.cz\/sk\/wp-json\/wp\/v2\/product_brand?post=352734"},{"taxonomy":"product_cat","embeddable":true,"href":"https:\/\/www.moskito.cz\/sk\/wp-json\/wp\/v2\/product_cat?post=352734"},{"taxonomy":"product_tag","embeddable":true,"href":"https:\/\/www.moskito.cz\/sk\/wp-json\/wp\/v2\/product_tag?post=352734"}],"curies":[{"name":"wp","href":"https:\/\/api.w.org\/{rel}","templated":true}]}}