{"id":352793,"date":"2024-07-16T11:41:02","date_gmt":"2024-07-16T10:41:59","guid":{"rendered":"https:\/\/www.moskito.cz\/produkt\/pevny-noz-muela-bison-9nl\/"},"modified":"2025-05-07T11:21:38","modified_gmt":"2025-05-07T10:21:38","slug":"pevny-noz-muela-bison-9nl","status":"publish","type":"product","link":"https:\/\/www.moskito.cz\/sk\/produkt\/pevny-noz-muela-bison-9nl\/","title":{"rendered":"Pevn\u00fd N\u00f4\u017e Muela BISON-9NL"},"content":{"rendered":"<p>Pevn\u00fd N\u00f4\u017e <strong>Muela<\/strong> BISON-9NL.<\/p>\n<p><strong>BISON-9NL<\/strong> je kompaktn\u00fd, umne spracovan\u00fd po\u013eovn\u00fd n\u00f4\u017e na h\u00e1dzanie s pevnou \u010depe\u013eou a full-tang designom. Perfektne vyv\u00e1\u017een\u00fd, ur\u010den\u00fd pre po\u013eovn\u00edkov, funguje ako univerz\u00e1lny n\u00f4\u017e. Vyroben\u00e9 z molybd\u00e9n-van\u00e1diovej ocele MoVa.<\/p>\n<p>1.4116 (X50CrMoV15) &#8211; molybd\u00e9n-van\u00e1diov\u00e1 oce\u013e pou\u017e\u00edvan\u00e1 na \u0161pi\u010dkov\u00e9 no\u017ee, pr\u00edbory a chirurgick\u00e9 n\u00e1stroje. Vyzna\u010duje sa pomerne vysokou tvrdos\u0165ou ako pri nerezov\u00fdch oceliach. Odoln\u00fd vo\u010di kor\u00f3zii v kuchynsk\u00fdch podmienkach. Je to odpor\u00fa\u010dan\u00e1 alternat\u00edva k materi\u00e1lu 1.4034\/X46Cr13\/4H13. Chemick\u00e9 zlo\u017eenie je obohaten\u00e9 o obsah chr\u00f3mu, molybd\u00e9n a pr\u00eddavok van\u00e1du.<\/p>\n<p>\u010cepe\u013e &#8211; typu Clip Point, hr\u00fabka 3,6 mm s dobr\u00fdmi mechanick\u00fdmi vlastnos\u0165ami a dlhotrvaj\u00facou ostros\u0165ou. Hladk\u00e1 \u010depe\u013e Plain bola vyroben\u00e1 s konk\u00e1vnym v\u00fdbrusom (dut\u00fd br\u00fas). Povrchov\u00e1 \u00faprava Satin Finish (polomatn\u00e1) eliminuje odlesky. Vr\u00fabkovan\u00e1 rampa pre palec (na chrbte \u010depele) a prstov\u00fd s\u00fdti\u010d, profilovan\u00e9 podrezanie k ukazov\u00e1ku medzi rukov\u00e4\u0165ou a ostr\u00edm zvy\u0161uj\u00fa ovl\u00e1date\u013enos\u0165 no\u017ea.<\/p>\n<p>Rukov\u00e4\u0165 &#8211; ergonomick\u00e1, profilovan\u00e1 pod dla\u0148ou poskytuje perfektn\u00fd \u00fachop pri pr\u00e1ci. Pod\u0161\u00edvky v hnedej farbe s\u00fa vyroben\u00e9 z exotick\u00e9ho tvrd\u00e9ho palisandra. Nity na upevnenie krytu s\u00fa oce\u013eov\u00e9. V zadnej \u010dasti rukov\u00e4te bol umiestnen\u00fd medzerov\u00fd prepleten\u00fd ko\u017een\u00fd remienok.<\/p>\n<p>Puzdro &#8211; pred\u013a\u017een\u00e9, chr\u00e1ni hlavu s \u010das\u0165ou rukov\u00e4te. Vyroben\u00e9 z hnedej ko\u017ee s vyrazen\u00fdm logom spolo\u010dnosti, zap\u00ednanie na patentku. Po\u0161va bola na okrajoch pre\u0161it\u00e1 ozdobnou ni\u0165ou. Upevnenie na opasok alebo ozuben\u00e9 koleso umo\u017e\u0148uje nosi\u0165 n\u00f4\u017e vo zvislej polohe.<\/p>\n<p>Technick\u00e9 \u0161pecifik\u00e1cie:<br \/>\n\u010c\u00edslo produktu: BISON-9NL<\/p>\n<p>D\u013a\u017eka \u010depele: 9 cm \/ 3,54&#8243;<br \/>\nHr\u00fabka \u010depele: 0.36 cm \/ 0,14&#8243;<br \/>\nCelkov\u00e1 d\u013a\u017eka: 18 cm \/ 7,08&#8243;<br \/>\nHmotnos\u0165: 108 g \/ 3,81 oz<\/p>\n<p>Materi\u00e1l \u010depele: X50CrMoV15<br \/>\nTvrdos\u0165 \u010depele: 56-58 HRc<br \/>\nBr\u00fasenie \u010depele: Dut\u00e9<br \/>\nPovrchov\u00e1 \u00faprava \u010depele: sat\u00e9n<\/p>\n<p>Materi\u00e1l rukov\u00e4te: Palisandrov\u00e9 drevo (Kingwood)<br \/>\nFarba povrchovej \u00fapravy rukov\u00e4te: hned\u00e1<\/p>\n<p>Po\u0161va (p\u00fazdro): Ko\u017ea<br \/>\n\u010eal\u0161ie pr\u00edslu\u0161enstvo: \u017diadne<\/p>\n<p>Dizajn\u00e9r: Muela<br \/>\nN\u00e1zov zna\u010dky: Muela<br \/>\nV\u00fdrobca: Manufacturas Muela, SA<br \/>\nKrajina p\u00f4vodu: \u0160panielsko<\/p>\n<p>&nbsp;<\/p>\n<p>&nbsp;<\/p>\n","protected":false},"excerpt":{"rendered":"<p><strong>BISON-9NL je kompaktn\u00fd, umne spracovan\u00fd po\u013eovn\u00fd n\u00f4\u017e na h\u00e1dzanie s pevnou \u010depe\u013eou a full-tang designom. Perfektne vyv\u00e1\u017een\u00fd, ur\u010den\u00fd pre po\u013eovn\u00edkov, funguje ako univerz\u00e1lny n\u00f4\u017e.<\/strong><\/p>\n","protected":false},"featured_media":352777,"comment_status":"open","ping_status":"closed","template":"","meta":[],"pwb-brand":[3910],"product_brand":[],"product_cat":[3186,3187],"product_tag":[3668],"class_list":{"0":"post-352793","1":"product","2":"type-product","3":"status-publish","4":"has-post-thumbnail","6":"pwb-brand-muela-sk","7":"product_cat-noze-sk","8":"product_cat-pevne-noze-sk","9":"product_tag-b2b-sk","11":"first","12":"instock","13":"taxable","14":"shipping-taxable","15":"purchasable","16":"product-type-simple"},"brands":[{"id":3910,"name":"Muela","slug":"muela-sk"}],"_links":{"self":[{"href":"https:\/\/www.moskito.cz\/sk\/wp-json\/wp\/v2\/product\/352793","targetHints":{"allow":["GET"]}}],"collection":[{"href":"https:\/\/www.moskito.cz\/sk\/wp-json\/wp\/v2\/product"}],"about":[{"href":"https:\/\/www.moskito.cz\/sk\/wp-json\/wp\/v2\/types\/product"}],"replies":[{"embeddable":true,"href":"https:\/\/www.moskito.cz\/sk\/wp-json\/wp\/v2\/comments?post=352793"}],"wp:featuredmedia":[{"embeddable":true,"href":"https:\/\/www.moskito.cz\/sk\/wp-json\/wp\/v2\/media\/352777"}],"wp:attachment":[{"href":"https:\/\/www.moskito.cz\/sk\/wp-json\/wp\/v2\/media?parent=352793"}],"wp:term":[{"taxonomy":"pwb-brand","embeddable":true,"href":"https:\/\/www.moskito.cz\/sk\/wp-json\/wp\/v2\/pwb-brand?post=352793"},{"taxonomy":"product_brand","embeddable":true,"href":"https:\/\/www.moskito.cz\/sk\/wp-json\/wp\/v2\/product_brand?post=352793"},{"taxonomy":"product_cat","embeddable":true,"href":"https:\/\/www.moskito.cz\/sk\/wp-json\/wp\/v2\/product_cat?post=352793"},{"taxonomy":"product_tag","embeddable":true,"href":"https:\/\/www.moskito.cz\/sk\/wp-json\/wp\/v2\/product_tag?post=352793"}],"curies":[{"name":"wp","href":"https:\/\/api.w.org\/{rel}","templated":true}]}}