{"id":352846,"date":"2024-07-16T12:27:27","date_gmt":"2024-07-16T11:32:20","guid":{"rendered":"https:\/\/www.moskito.cz\/produkt\/pevny-noz-muela-bwe-8-o\/"},"modified":"2025-05-07T11:21:39","modified_gmt":"2025-05-07T10:21:39","slug":"pevny-noz-muela-bwe-8-o","status":"publish","type":"product","link":"https:\/\/www.moskito.cz\/sk\/produkt\/pevny-noz-muela-bwe-8-o\/","title":{"rendered":"Pevn\u00fd N\u00f4\u017e Muela BWE-8.O"},"content":{"rendered":"<p>Pevn\u00fd N\u00f4\u017e <strong>Muela<\/strong> BWE-8.O<\/p>\n<p><strong>Muela BWE-8.O<\/strong> Orange Micarta, Satin, rovn\u00fd, kompaktn\u00fd n\u00f4\u017e typu pomocn\u00edka. \u010cepe\u013e z nerezovej ocele X50CrMoV15 so sat\u00e9novou povrchovou \u00fapravou. Pohodln\u00e1 rukov\u00e4\u0165 z jutovej micarty. Vynikaj\u00faci pomocn\u00edk pre lov, outdoorov\u00e9 aktivity alebo survival.<\/p>\n<p>1.4116 (X50CrMoV15) &#8211; molybd\u00e9n-van\u00e1diov\u00e1 vysoko uhl\u00edkov\u00e1 martenzitick\u00e1 nerezov\u00e1 oce\u013e, vysoko odoln\u00e1 vo\u010di kor\u00f3zii a opotrebovaniu. Pou\u017e\u00edva sa pri v\u00fdrobe no\u017eov, \u0161pi\u010dkov\u00fdch pr\u00edborov a chirurgick\u00fdch n\u00e1strojov. Vyzna\u010duje sa pomerne vysokou tvrdos\u0165ou pri nerezov\u00fdch oceliach 57-58 HRC. Chemick\u00e9 zlo\u017eenie ocele je obohaten\u00e9 o pr\u00edmes 15,0% chr\u00f3mu, 0,80% molybd\u00e9nu, 0,20% van\u00e1du.<\/p>\n<p>\u010cepe\u013e &#8211; typ Clip Point s jasne vyzna\u010den\u00fdm bru\u0161kom \u010depele. Oby\u010dajn\u00e1 \u010depe\u013e bola odvoden\u00e1 z ploch\u00e9ho brusu, ktor\u00fd poskytuje vynikaj\u00face rezn\u00e9 vlastnosti v kombin\u00e1cii s vynikaj\u00facou trvanlivos\u0165ou.<\/p>\n<p>Rukov\u00e4\u0165 &#8211; profilovan\u00e1, pokryt\u00e1 le\u0161ten\u00fdmi vodeodoln\u00fdmi micarta gripmi. Poskytuje pohodln\u00e9 a bezpe\u010dn\u00e9 uchopenie. Nity pripev\u0148uj\u00face kryty rukov\u00e4t\u00ed s\u00fa vyroben\u00e9 z vysoko niklovej mosadze. V zadnej \u010dasti rukov\u00e4te ju zais\u0165uje otvor pre lano.<\/p>\n<p>Po\u0161va z dobre vy\u010dinenej pr\u00edrodnej hov\u00e4dzej ko\u017ee v \u010diernej farbe. Na povrchu vyrazen\u00e9 logo v\u00fdrobcu. Po\u0161va je na okrajoch pre\u0161it\u00e1 ozdobnou ni\u0165ou. Mont\u00e1\u017e na opasok alebo na vybavenie v\u00e1\u0161ho vybavenia v\u00e1m umo\u017en\u00ed nosi\u0165 n\u00f4\u017e vo vzpriamenej polohe.<\/p>\n<p>Technick\u00e9 d\u00e1ta:<br \/>\n\u010c\u00edslo produktu: BWE-8.O<br \/>\nN\u00e1zov produktu: Muela BWE-8.O Orange Micarta, Satin<\/p>\n<p>Celkov\u00e1 d\u013a\u017eka: 16.3 cm \/ 6,42&#8243;<br \/>\nD\u013a\u017eka \u010depele: 8 cm \/ 3,15&#8243;<br \/>\nHr\u00fabka \u010depele: nd<br \/>\nHmotnos\u0165: 74,0 g \/ 2,61 oz<\/p>\n<p>Materi\u00e1l \u010depele: X50CrMoV15<br \/>\nTvrdos\u0165 \u010depele: nd<br \/>\nBr\u00fasenie \u010depele: Ploch\u00e9<br \/>\nPovrchov\u00e1 \u00faprava \u010depele: sat\u00e9n<\/p>\n<p>Materi\u00e1l rukov\u00e4te: Micarta<br \/>\nFarba povrchovej \u00fapravy rukov\u00e4te: oran\u017eov\u00e1<\/p>\n<p>Po\u0161va (p\u00fazdro): Ko\u017ea<br \/>\n\u010eal\u0161ie pr\u00edslu\u0161enstvo: \u017diadne<\/p>\n<p>Dizajn\u00e9r: Muela<br \/>\nN\u00e1zov zna\u010dky: Muela<br \/>\nV\u00fdrobca: Manufacturas Muela, SA<br \/>\nKrajina p\u00f4vodu: \u0160panielsko<\/p>\n<p>&nbsp;<\/p>\n","protected":false},"excerpt":{"rendered":"<p><strong>Muela BWE-8.O Orange Micarta, Satin, rovn\u00fd, kompaktn\u00fd n\u00f4\u017e typu pomocn\u00edka. \u010cepe\u013e z nerezovej ocele X50CrMoV15 so sat\u00e9novou povrchovou \u00fapravou. Pohodln\u00e1 rukov\u00e4\u0165 z jutovej micarty. Vynikaj\u00faci pomocn\u00edk pre lov, outdoorov\u00e9 aktivity alebo survival.<\/strong><\/p>\n","protected":false},"featured_media":352802,"comment_status":"open","ping_status":"closed","template":"","meta":[],"pwb-brand":[3910],"product_brand":[],"product_cat":[3186,3187],"product_tag":[3668],"class_list":{"0":"post-352846","1":"product","2":"type-product","3":"status-publish","4":"has-post-thumbnail","6":"pwb-brand-muela-sk","7":"product_cat-noze-sk","8":"product_cat-pevne-noze-sk","9":"product_tag-b2b-sk","11":"first","12":"instock","13":"taxable","14":"shipping-taxable","15":"purchasable","16":"product-type-simple"},"brands":[{"id":3910,"name":"Muela","slug":"muela-sk"}],"_links":{"self":[{"href":"https:\/\/www.moskito.cz\/sk\/wp-json\/wp\/v2\/product\/352846","targetHints":{"allow":["GET"]}}],"collection":[{"href":"https:\/\/www.moskito.cz\/sk\/wp-json\/wp\/v2\/product"}],"about":[{"href":"https:\/\/www.moskito.cz\/sk\/wp-json\/wp\/v2\/types\/product"}],"replies":[{"embeddable":true,"href":"https:\/\/www.moskito.cz\/sk\/wp-json\/wp\/v2\/comments?post=352846"}],"wp:featuredmedia":[{"embeddable":true,"href":"https:\/\/www.moskito.cz\/sk\/wp-json\/wp\/v2\/media\/352802"}],"wp:attachment":[{"href":"https:\/\/www.moskito.cz\/sk\/wp-json\/wp\/v2\/media?parent=352846"}],"wp:term":[{"taxonomy":"pwb-brand","embeddable":true,"href":"https:\/\/www.moskito.cz\/sk\/wp-json\/wp\/v2\/pwb-brand?post=352846"},{"taxonomy":"product_brand","embeddable":true,"href":"https:\/\/www.moskito.cz\/sk\/wp-json\/wp\/v2\/product_brand?post=352846"},{"taxonomy":"product_cat","embeddable":true,"href":"https:\/\/www.moskito.cz\/sk\/wp-json\/wp\/v2\/product_cat?post=352846"},{"taxonomy":"product_tag","embeddable":true,"href":"https:\/\/www.moskito.cz\/sk\/wp-json\/wp\/v2\/product_tag?post=352846"}],"curies":[{"name":"wp","href":"https:\/\/api.w.org\/{rel}","templated":true}]}}