{"id":352888,"date":"2024-07-16T14:25:55","date_gmt":"2024-07-16T13:27:07","guid":{"rendered":"https:\/\/www.moskito.cz\/produkt\/pevny-noz-muela-ibex-8-ol\/"},"modified":"2025-05-07T11:21:41","modified_gmt":"2025-05-07T10:21:41","slug":"pevny-noz-muela-ibex-8-ol","status":"publish","type":"product","link":"https:\/\/www.moskito.cz\/sk\/produkt\/pevny-noz-muela-ibex-8-ol\/","title":{"rendered":"Pevn\u00fd N\u00f4\u017e Muela IBEX-8.OL"},"content":{"rendered":"<p>Pevn\u00fd N\u00f4\u017e <strong>Muela<\/strong> IBEX-8.OL<\/p>\n<p><strong>IBEX-8.OL<\/strong> ru\u010dne vyroben\u00fd, kompaktn\u00fd n\u00f4\u017e zo \u0161panielskej manufakt\u00fary Muela. Cie\u013eom bolo vytvori\u0165 \u0161ikovn\u00fd, ale spo\u013eahliv\u00fd n\u00f4\u017e s n\u00edzkou hmotnos\u0165ou na ak\u00e9ko\u013evek vonkaj\u0161ie pou\u017eitie. V\u0161estrann\u00fd, dokonale vyv\u00e1\u017een\u00fd s celoplo\u0161n\u00fdm dizajnom s \u010depe\u013eou vyrobenou z ocele X50CrMoV15, poskytuje ohromn\u00fd rezn\u00fd v\u00fdkon. Zameran\u00e9 na nad\u0161encov bushcraftu, pre\u017eitia a lovu.<\/p>\n<p>X50CrMoV15 (1.4116) &#8211; molybd\u00e9n-van\u00e1diov\u00e1 vysoko uhl\u00edkov\u00e1 martenzitick\u00e1 nerezov\u00e1 oce\u013e, vysoko odoln\u00e1 vo\u010di kor\u00f3zii a opotrebovaniu. Pou\u017e\u00edva sa pri v\u00fdrobe no\u017eov, \u0161pi\u010dkov\u00fdch pr\u00edborov a chirurgick\u00fdch n\u00e1strojov. Vyzna\u010duje sa pomerne vysokou tvrdos\u0165ou pri nerezov\u00fdch oceliach 56-58 HRC. Chemick\u00e9 zlo\u017eenie ocele bolo obohaten\u00e9 dopovan\u00edm 15,0 % chr\u00f3mu, 0,80 % molybd\u00e9nu, 0,20 % van\u00e1du.<\/p>\n<p>\u010cepe\u013e &#8211; typ Drop Point, hr\u00fabka 3,6 mm s dobr\u00fdmi mechanick\u00fdmi vlastnos\u0165ami a dlhotrvaj\u00facou ostros\u0165ou. Hladk\u00e1 \u010depe\u013e (typ Plain) bola vyroben\u00e1 s konk\u00e1vnym v\u00fdbrusom (Hollow Grind). Sat\u00e9nov\u00fd povrch (polomatn\u00fd), ktor\u00fd eliminuje odlesky. Vr\u00fabkovan\u00fd profilovan\u00fd podrez\u00e1vac\u00ed prst Finger Choil medzi rukov\u00e4\u0165ou a ostr\u00edm u\u013eah\u010duje ovl\u00e1danie no\u017ea.<\/p>\n<p>Rukov\u00e4\u0165 &#8211; pokryt\u00e1 olivov\u00fdm dreven\u00fdm obkladom s jedine\u010dn\u00fdm dizajnom. Profilovan\u00fd pod rukou poskytuje perfektn\u00fd \u00fachop pri pr\u00e1ci. Chrbticov\u00fd p\u00e1s zvy\u0161uje pohodlie a pri\u013enavos\u0165.<\/p>\n<p>Po\u0161va &#8211; ru\u010dne \u0161it\u00e1, z kvalitnej hnedej hov\u00e4dzej ko\u017ee s vyrazen\u00fdm logom v\u00fdrobcu. Okraje puzdra s\u00fa pre\u0161it\u00e9 ozdobnou ni\u0165ou. Zap\u00ednanie na patentku typu Prym. Uchytenie na opasok umo\u017e\u0148uje nosenie no\u017ea vo vzpriamenej polohe.<\/p>\n<p>Technick\u00e9 \u0161pecifik\u00e1cie:<br \/>\n\u010c\u00edslo produktu: IBEX-8OL<\/p>\n<p>Celkov\u00e1 d\u013a\u017eka: 16.5 cm \/ 6,5&#8243;<br \/>\nD\u013a\u017eka \u010depele: 7.5 cm \/ 2,95&#8243;<br \/>\nHr\u00fabka \u010depele: 0.36 cm \/ 0,14&#8243;<br \/>\nHmotnos\u0165: 129,0 g \/ 4,55 oz<\/p>\n<p>Materi\u00e1l \u010depele: X50CrMoV15<br \/>\nTvrdos\u0165 \u010depele: 56-58 HRc<br \/>\nBr\u00fasenie \u010depele: Dut\u00e9<br \/>\nPovrchov\u00e1 \u00faprava \u010depele: sat\u00e9n<\/p>\n<p>Materi\u00e1l rukov\u00e4te: Olivov\u00e9 drevo<br \/>\nFarba povrchovej \u00fapravy rukov\u00e4te: B\u00e9\u017eov\u00e1<\/p>\n<p>Po\u0161va (p\u00fazdro): Ko\u017ea<br \/>\n\u010eal\u0161ie pr\u00edslu\u0161enstvo: \u017diadne<\/p>\n<p>Dizajn\u00e9r: Muela<br \/>\nN\u00e1zov zna\u010dky: Muela<br \/>\nV\u00fdrobca: Manufacturas Muela, SA<br \/>\nKrajina p\u00f4vodu: \u0160panielsko<\/p>\n<p>&nbsp;<\/p>\n","protected":false},"excerpt":{"rendered":"<p><strong>IBEX-8.OL ru\u010dne vyroben\u00fd, kompaktn\u00fd n\u00f4\u017e zo \u0161panielskej manufakt\u00fary Muela. Cie\u013eom bolo vytvori\u0165 \u0161ikovn\u00fd, ale spo\u013eahliv\u00fd n\u00f4\u017e s n\u00edzkou hmotnos\u0165ou na ak\u00e9ko\u013evek vonkaj\u0161ie pou\u017eitie. V\u0161estrann\u00fd, dokonale vyv\u00e1\u017een\u00fd s celoplo\u0161n\u00fdm dizajnom s \u010depe\u013eou vyrobenou z ocele X50CrMoV15, poskytuje ohromn\u00fd rezn\u00fd v\u00fdkon. Zameran\u00e9 na nad\u0161encov bushcraftu, pre\u017eitia a lovu.<\/strong><\/p>\n","protected":false},"featured_media":352859,"comment_status":"open","ping_status":"closed","template":"","meta":[],"pwb-brand":[3910],"product_brand":[],"product_cat":[3186,3187],"product_tag":[3668],"class_list":{"0":"post-352888","1":"product","2":"type-product","3":"status-publish","4":"has-post-thumbnail","6":"pwb-brand-muela-sk","7":"product_cat-noze-sk","8":"product_cat-pevne-noze-sk","9":"product_tag-b2b-sk","11":"first","12":"instock","13":"taxable","14":"shipping-taxable","15":"purchasable","16":"product-type-simple"},"brands":[{"id":3910,"name":"Muela","slug":"muela-sk"}],"_links":{"self":[{"href":"https:\/\/www.moskito.cz\/sk\/wp-json\/wp\/v2\/product\/352888","targetHints":{"allow":["GET"]}}],"collection":[{"href":"https:\/\/www.moskito.cz\/sk\/wp-json\/wp\/v2\/product"}],"about":[{"href":"https:\/\/www.moskito.cz\/sk\/wp-json\/wp\/v2\/types\/product"}],"replies":[{"embeddable":true,"href":"https:\/\/www.moskito.cz\/sk\/wp-json\/wp\/v2\/comments?post=352888"}],"wp:featuredmedia":[{"embeddable":true,"href":"https:\/\/www.moskito.cz\/sk\/wp-json\/wp\/v2\/media\/352859"}],"wp:attachment":[{"href":"https:\/\/www.moskito.cz\/sk\/wp-json\/wp\/v2\/media?parent=352888"}],"wp:term":[{"taxonomy":"pwb-brand","embeddable":true,"href":"https:\/\/www.moskito.cz\/sk\/wp-json\/wp\/v2\/pwb-brand?post=352888"},{"taxonomy":"product_brand","embeddable":true,"href":"https:\/\/www.moskito.cz\/sk\/wp-json\/wp\/v2\/product_brand?post=352888"},{"taxonomy":"product_cat","embeddable":true,"href":"https:\/\/www.moskito.cz\/sk\/wp-json\/wp\/v2\/product_cat?post=352888"},{"taxonomy":"product_tag","embeddable":true,"href":"https:\/\/www.moskito.cz\/sk\/wp-json\/wp\/v2\/product_tag?post=352888"}],"curies":[{"name":"wp","href":"https:\/\/api.w.org\/{rel}","templated":true}]}}