{"id":353289,"date":"2024-07-18T08:08:48","date_gmt":"2024-07-18T07:09:49","guid":{"rendered":"https:\/\/www.moskito.cz\/produkt\/pevny-noz-muela-duque-25e\/"},"modified":"2025-05-07T11:21:51","modified_gmt":"2025-05-07T10:21:51","slug":"pevny-noz-muela-duque-25e","status":"publish","type":"product","link":"https:\/\/www.moskito.cz\/sk\/produkt\/pevny-noz-muela-duque-25e\/","title":{"rendered":"Pevn\u00fd N\u00f4\u017e Muela DUQUE-25E"},"content":{"rendered":"<p>Pevn\u00fd N\u00f4\u017e <strong>Muela<\/strong> DUQUE-25E<\/p>\n<p>DUQUE-25E je dokon\u010dovac\u00ed n\u00f4\u017e; V\u00fdrobca remeseln\u00fdch no\u017eov a zatv\u00e1rac\u00edch no\u017eov Manufacturas Muela predstavuje v r\u00e1mci rodiny LOVECK\u00c9 A \u0160PORTOV\u00c9 NO\u017dE dokon\u010dovac\u00ed n\u00f4\u017e DUQUE-25E<\/p>\n<p>Mohutn\u00fd n\u00f4\u017e Muela DUQUE-25E je po\u013eovn\u00fd n\u00f4\u017e alebo tzv. pasovac\u00ed tes\u00e1k.<\/p>\n<p>So \u0161irokou obojstranne br\u00fasenou \u010depe\u013eou tvaru d\u00fdky z molybd\u00e9n van\u00e1diovej ocele, s obojstrannou mosadznou z\u00e1\u0161titou na ochranu ruky.<\/p>\n<p>Rukov\u00e4\u0165 je z jedn\u00e9ho kusu jelenia parohu, zakon\u010den\u00e1 mosadznou p\u00e4tkou.<\/p>\n<p>S\u00fa\u010das\u0165ou je ko\u017een\u00e9 p\u00fazdro.<\/p>\n<p>&nbsp;<\/p>\n<p>Vyroben\u00e9 v: Ciudad Real (\u0160panielsko)<br \/>\nV\u00fdrobca: Muela<br \/>\nKatal\u00f3gov\u00e9 ozna\u010denie: DUQUE-25E<br \/>\nTyp \u010depele: Enteriza<br \/>\nD\u013a\u017eka \u010depele: 25 cm<br \/>\nD\u013a\u017eka rukov\u00e4te: 13 cm<br \/>\nCelkov\u00e1 d\u013a\u017eka: 38 cm<br \/>\nMaxim\u00e1lna \u0161\u00edrka \u010depele: cm<br \/>\nHr\u00fabka \u010depele: 5 mm<br \/>\nMateri\u00e1l \u010depele: molybd\u00e9n-van\u00e1diov\u00e1 nerezov\u00e1 oce\u013e<br \/>\nTvrdos\u0165: 56\/58 HRc<br \/>\nMateri\u00e1l rukov\u00e4te: jelenie roh<br \/>\nMateri\u00e1l krytu: mosadz<br \/>\nMateri\u00e1l gomb\u00edka: mosadz<br \/>\nMateri\u00e1l po\u0161vy: Pr\u00e9miov\u00e1 hned\u00e1 ko\u017ea<br \/>\nExtra: Dr\u00e1\u017eka na \u010depeli.<\/p>\n<p>Puzdro je pripraven\u00e9 na nosenie na opasku so zap\u00ednan\u00edm na pracku.<\/p>\n<p>&nbsp;<\/p>\n","protected":false},"excerpt":{"rendered":"<p><strong>DUQUE-25E je dokon\u010dovac\u00ed n\u00f4\u017e; V\u00fdrobca remeseln\u00fdch no\u017eov a zatv\u00e1rac\u00edch no\u017eov Manufacturas Muela predstavuje v r\u00e1mci rodiny LOVECK\u00c9 A \u0160PORTOV\u00c9 NO\u017dE dokon\u010dovac\u00ed n\u00f4\u017e DUQUE-25E.<\/strong><\/p>\n<p><strong>Doprava zadarmo.<\/strong><\/p>\n","protected":false},"featured_media":353275,"comment_status":"open","ping_status":"closed","template":"","meta":[],"pwb-brand":[3910],"product_brand":[],"product_cat":[3186,3187],"product_tag":[3668],"class_list":{"0":"post-353289","1":"product","2":"type-product","3":"status-publish","4":"has-post-thumbnail","6":"pwb-brand-muela-sk","7":"product_cat-noze-sk","8":"product_cat-pevne-noze-sk","9":"product_tag-b2b-sk","11":"first","12":"instock","13":"taxable","14":"shipping-taxable","15":"purchasable","16":"product-type-simple"},"brands":[{"id":3910,"name":"Muela","slug":"muela-sk"}],"_links":{"self":[{"href":"https:\/\/www.moskito.cz\/sk\/wp-json\/wp\/v2\/product\/353289","targetHints":{"allow":["GET"]}}],"collection":[{"href":"https:\/\/www.moskito.cz\/sk\/wp-json\/wp\/v2\/product"}],"about":[{"href":"https:\/\/www.moskito.cz\/sk\/wp-json\/wp\/v2\/types\/product"}],"replies":[{"embeddable":true,"href":"https:\/\/www.moskito.cz\/sk\/wp-json\/wp\/v2\/comments?post=353289"}],"wp:featuredmedia":[{"embeddable":true,"href":"https:\/\/www.moskito.cz\/sk\/wp-json\/wp\/v2\/media\/353275"}],"wp:attachment":[{"href":"https:\/\/www.moskito.cz\/sk\/wp-json\/wp\/v2\/media?parent=353289"}],"wp:term":[{"taxonomy":"pwb-brand","embeddable":true,"href":"https:\/\/www.moskito.cz\/sk\/wp-json\/wp\/v2\/pwb-brand?post=353289"},{"taxonomy":"product_brand","embeddable":true,"href":"https:\/\/www.moskito.cz\/sk\/wp-json\/wp\/v2\/product_brand?post=353289"},{"taxonomy":"product_cat","embeddable":true,"href":"https:\/\/www.moskito.cz\/sk\/wp-json\/wp\/v2\/product_cat?post=353289"},{"taxonomy":"product_tag","embeddable":true,"href":"https:\/\/www.moskito.cz\/sk\/wp-json\/wp\/v2\/product_tag?post=353289"}],"curies":[{"name":"wp","href":"https:\/\/api.w.org\/{rel}","templated":true}]}}