{"id":353331,"date":"2024-07-18T08:42:19","date_gmt":"2024-07-18T07:42:19","guid":{"rendered":"https:\/\/www.moskito.cz\/produkt\/pevny-noz-muela-lenador-25r\/"},"modified":"2025-05-07T11:21:53","modified_gmt":"2025-05-07T10:21:53","slug":"pevny-noz-muela-lenador-25r","status":"publish","type":"product","link":"https:\/\/www.moskito.cz\/sk\/produkt\/pevny-noz-muela-lenador-25r\/","title":{"rendered":"Pevn\u00fd N\u00f4\u017e Muela LE\u00d1ADOR-25R"},"content":{"rendered":"<p>Pevn\u00fd N\u00f4\u017e <strong>Muela<\/strong> LE\u00d1ADOR-25R.<\/p>\n<p>N\u00f4\u017e ve\u013ek\u00fdch rozmerov od \u0161panielskej firmy Muela, ktor\u00fd rob\u00ed \u010des\u0165 svojmu menu, Lenador v preklade toti\u017e znamen\u00e1 drevoruba\u010d, a niet poch\u00fdb, \u017ee s t\u00fdmto no\u017ea nie je probl\u00e9m sk\u00e1ka\u0165 kadejak\u00fd strom. Vyu\u017eitie n\u00e1jde najlep\u0161ie pri trampovan\u00ed a pobyte v pr\u00edrode, kde bude nielen nekompromisn\u00fdm pracovn\u00fdm n\u00e1strojom, ale aj \u0161t\u00fdlov\u00fdm doplnkom. Je to tie\u017e n\u00e1dhern\u00fd k\u00fasok pre zberate\u013eov no\u017eov.<\/p>\n<p>Nov\u00fd loveck\u00fd n\u00f4\u017e alebo ma\u010deta Muela, oce\u013eov\u00fd Mova 1.4116 zrkadlovo le\u0161ten\u00fd chrb\u00e1t \u010depele opracovan\u00fd, v\u0161etko z jedn\u00e9ho kusu, mosadzn\u00e1 obj\u00edmka s rukov\u00e4\u0165ou zo sekvoje, nitovan\u00e1 mosadzn\u00fdmi nitmi, s vysoko kvalitn\u00fdm ko\u017een\u00fdm puzdrom a prezenta\u010dn\u00fdm boxom.<\/p>\n<p>N\u00f4\u017e Muela s celoplo\u0161nou \u010depe\u013eou vyroben\u00fd z molybd\u00e9n-van\u00e1diovej nerezovej ocele so zrkadlovo le\u0161ten\u00fdm povrchom.<\/p>\n<p>Rukov\u00e4\u0165 s mosadzn\u00fdm krytom.<\/p>\n<p>Palorrojo dreven\u00e1 rukov\u00e4\u0165 s mosadzn\u00fdmi nitmi.<\/p>\n<p>Otvor pre bezpe\u010dnostn\u00e9 lano.<\/p>\n<p>Vr\u00e1tane pr\u00e9miov\u00e9ho hned\u00e9ho ko\u017een\u00e9ho puzdra + box<\/p>\n<p>D\u013a\u017eka \u010depele: 25 cm<\/p>\n<p>Celkov\u00e1 d\u013a\u017eka: 38,5 cm<\/p>\n<p>&nbsp;<\/p>\n<p>&nbsp;<\/p>\n<p>&nbsp;<\/p>\n","protected":false},"excerpt":{"rendered":"<p><strong>Nov\u00fd loveck\u00fd n\u00f4\u017e alebo ma\u010deta Muela, oce\u013eov\u00fd Mova 1.4116 zrkadlovo le\u0161ten\u00fd chrb\u00e1t \u010depele opracovan\u00fd, v\u0161etko z jedn\u00e9ho kusu, mosadzn\u00e1 obj\u00edmka s rukov\u00e4\u0165ou zo sekvoje, nitovan\u00e1 mosadzn\u00fdmi nitmi, s vysoko kvalitn\u00fdm ko\u017een\u00fdm puzdrom a prezenta\u010dn\u00fdm boxom.<\/strong><\/p>\n<p><strong>Doprava zadarmo.<\/strong><\/p>\n","protected":false},"featured_media":353307,"comment_status":"open","ping_status":"closed","template":"","meta":[],"pwb-brand":[3910],"product_brand":[],"product_cat":[3187,3186],"product_tag":[3668],"class_list":{"0":"post-353331","1":"product","2":"type-product","3":"status-publish","4":"has-post-thumbnail","6":"pwb-brand-muela-sk","7":"product_cat-pevne-noze-sk","8":"product_cat-noze-sk","9":"product_tag-b2b-sk","11":"first","12":"instock","13":"taxable","14":"shipping-taxable","15":"purchasable","16":"product-type-simple"},"brands":[{"id":3910,"name":"Muela","slug":"muela-sk"}],"_links":{"self":[{"href":"https:\/\/www.moskito.cz\/sk\/wp-json\/wp\/v2\/product\/353331","targetHints":{"allow":["GET"]}}],"collection":[{"href":"https:\/\/www.moskito.cz\/sk\/wp-json\/wp\/v2\/product"}],"about":[{"href":"https:\/\/www.moskito.cz\/sk\/wp-json\/wp\/v2\/types\/product"}],"replies":[{"embeddable":true,"href":"https:\/\/www.moskito.cz\/sk\/wp-json\/wp\/v2\/comments?post=353331"}],"wp:featuredmedia":[{"embeddable":true,"href":"https:\/\/www.moskito.cz\/sk\/wp-json\/wp\/v2\/media\/353307"}],"wp:attachment":[{"href":"https:\/\/www.moskito.cz\/sk\/wp-json\/wp\/v2\/media?parent=353331"}],"wp:term":[{"taxonomy":"pwb-brand","embeddable":true,"href":"https:\/\/www.moskito.cz\/sk\/wp-json\/wp\/v2\/pwb-brand?post=353331"},{"taxonomy":"product_brand","embeddable":true,"href":"https:\/\/www.moskito.cz\/sk\/wp-json\/wp\/v2\/product_brand?post=353331"},{"taxonomy":"product_cat","embeddable":true,"href":"https:\/\/www.moskito.cz\/sk\/wp-json\/wp\/v2\/product_cat?post=353331"},{"taxonomy":"product_tag","embeddable":true,"href":"https:\/\/www.moskito.cz\/sk\/wp-json\/wp\/v2\/product_tag?post=353331"}],"curies":[{"name":"wp","href":"https:\/\/api.w.org\/{rel}","templated":true}]}}