{"id":353387,"date":"2024-07-18T09:06:45","date_gmt":"2024-07-18T08:07:58","guid":{"rendered":"https:\/\/www.moskito.cz\/produkt\/pevny-noz-muela-criollo-20r\/"},"modified":"2025-05-07T11:21:54","modified_gmt":"2025-05-07T10:21:54","slug":"pevny-noz-muela-criollo-20r","status":"publish","type":"product","link":"https:\/\/www.moskito.cz\/sk\/produkt\/pevny-noz-muela-criollo-20r\/","title":{"rendered":"Pevn\u00fd N\u00f4\u017e Muela CRIOLLO-20R"},"content":{"rendered":"<p>Pevn\u00fd N\u00f4\u017e <strong>Muela<\/strong> CRIOLLO-20R.<\/p>\n<p>\u0160portov\u00fd n\u00f4\u017e Muela model CRIOLLO vo vidieckom \u0161t\u00fdle s \u010depe\u013eou Molybden Vanadium, jednodielna rukov\u00e4\u0165 z dreva Rosewood. Dod\u00e1va sa s hned\u00fdm ko\u017een\u00fdm puzdrom so \u0161irok\u00fdm p\u00fatkom na opasok.<\/p>\n<p>Farba \u010depele: strieborn\u00e1<br \/>\nTyp ostria \u010depele: Hladk\u00fd<br \/>\nMateri\u00e1l rukov\u00e4te: Lisovan\u00e9 koralov\u00e9 drevo<br \/>\nMateri\u00e1l \u010depele: Molybd\u00e9n Vanadium Oce\u013e<br \/>\nD\u013a\u017eka \u010depele: 20,5 cm<br \/>\nCelkov\u00e1 d\u013a\u017eka: 32,5 cm<\/p>\n<p>&nbsp;<\/p>\n<p>&nbsp;<\/p>\n","protected":false},"excerpt":{"rendered":"<p><strong>\u0160portov\u00fd n\u00f4\u017e Muela model CRIOLLO vo vidieckom \u0161t\u00fdle s \u010depe\u013eou Molybden Vanadium, jednodielna rukov\u00e4\u0165 z dreva Rosewood. Dod\u00e1va sa s hned\u00fdm ko\u017een\u00fdm puzdrom so \u0161irok\u00fdm p\u00fatkom na opasok.<\/strong><\/p>\n","protected":false},"featured_media":353395,"comment_status":"open","ping_status":"closed","template":"","meta":[],"pwb-brand":[3910],"product_brand":[],"product_cat":[3186,3187],"product_tag":[3668],"class_list":{"0":"post-353387","1":"product","2":"type-product","3":"status-publish","4":"has-post-thumbnail","6":"pwb-brand-muela-sk","7":"product_cat-noze-sk","8":"product_cat-pevne-noze-sk","9":"product_tag-b2b-sk","11":"first","12":"instock","13":"taxable","14":"shipping-taxable","15":"purchasable","16":"product-type-simple"},"brands":[{"id":3910,"name":"Muela","slug":"muela-sk"}],"_links":{"self":[{"href":"https:\/\/www.moskito.cz\/sk\/wp-json\/wp\/v2\/product\/353387","targetHints":{"allow":["GET"]}}],"collection":[{"href":"https:\/\/www.moskito.cz\/sk\/wp-json\/wp\/v2\/product"}],"about":[{"href":"https:\/\/www.moskito.cz\/sk\/wp-json\/wp\/v2\/types\/product"}],"replies":[{"embeddable":true,"href":"https:\/\/www.moskito.cz\/sk\/wp-json\/wp\/v2\/comments?post=353387"}],"wp:featuredmedia":[{"embeddable":true,"href":"https:\/\/www.moskito.cz\/sk\/wp-json\/wp\/v2\/media\/353395"}],"wp:attachment":[{"href":"https:\/\/www.moskito.cz\/sk\/wp-json\/wp\/v2\/media?parent=353387"}],"wp:term":[{"taxonomy":"pwb-brand","embeddable":true,"href":"https:\/\/www.moskito.cz\/sk\/wp-json\/wp\/v2\/pwb-brand?post=353387"},{"taxonomy":"product_brand","embeddable":true,"href":"https:\/\/www.moskito.cz\/sk\/wp-json\/wp\/v2\/product_brand?post=353387"},{"taxonomy":"product_cat","embeddable":true,"href":"https:\/\/www.moskito.cz\/sk\/wp-json\/wp\/v2\/product_cat?post=353387"},{"taxonomy":"product_tag","embeddable":true,"href":"https:\/\/www.moskito.cz\/sk\/wp-json\/wp\/v2\/product_tag?post=353387"}],"curies":[{"name":"wp","href":"https:\/\/api.w.org\/{rel}","templated":true}]}}