{"id":353597,"date":"2024-07-18T13:53:13","date_gmt":"2024-07-18T12:56:28","guid":{"rendered":"https:\/\/www.moskito.cz\/produkt\/pevny-noz-muela-jabali-17g\/"},"modified":"2025-05-07T11:21:59","modified_gmt":"2025-05-07T10:21:59","slug":"pevny-noz-muela-jabali-17g","status":"publish","type":"product","link":"https:\/\/www.moskito.cz\/sk\/produkt\/pevny-noz-muela-jabali-17g\/","title":{"rendered":"Pevn\u00fd N\u00f4\u017e Muela JABALI-17G"},"content":{"rendered":"<p>Pevn\u00fd N\u00f4\u017e <strong>Muela<\/strong> JABALI-17G<\/p>\n<p>Jabali Brown Micarta, sat\u00e9nov\u00fd po\u013eovn\u00fd n\u00f4\u017e s pevnou \u010depe\u013eou od Muela s profilom Drop Point. Vysok\u00e1 kvalita, starostliv\u00e9 detaily, n\u00f4\u017e pre zberate\u013eov, loveck\u00e9 nad\u0161encov. Rukov\u00e4\u0165 z Micarty, proti\u0161mykov\u00e1. Ko\u017een\u00e9 puzdro.<\/p>\n<p>1.4116, X50CrMoV15 &#8211; molybd\u00e9n-van\u00e1diov\u00e1 oce\u013e pou\u017e\u00edvan\u00e1 na \u0161pi\u010dkov\u00e9 no\u017ee, pr\u00edbory a chirurgick\u00e9 n\u00e1stroje. Vyzna\u010duje sa pomerne vysokou tvrdos\u0165ou ako pri nerezov\u00fdch oceliach. Odoln\u00fd vo\u010di kor\u00f3zii v kuchynsk\u00fdch podmienkach. Je to odpor\u00fa\u010dan\u00e1 alternat\u00edva k materi\u00e1lu 1.4034\/X46Cr13\/4H13. Chemick\u00e9 zlo\u017eenie je obohaten\u00e9 o obsah chr\u00f3mu, molybd\u00e9n a pr\u00eddavok van\u00e1du.<\/p>\n<p>\u010cepe\u013e &#8211; extr\u00e9mne ostr\u00e1 s tvarom \u0161pi\u010dky, ide\u00e1lna na pre\u017eitie a lov. Hladk\u00e1 \u010depe\u013e Plain bola odvoden\u00e1 z konk\u00e1vneho br\u00fasenia (Hollow Grind), ktor\u00e9 poskytuje vynikaj\u00facu geometriu britu a extr\u00e9mny rezn\u00fd v\u00fdkon. Falo\u0161n\u00e1 \u010depe\u013e na zadnej strane \u010depele zvy\u0161uje prierazn\u00e9 schopnosti no\u017ea. Cel\u00e1 \u010depe\u013e je zakon\u010den\u00e1 elegantn\u00fdm sat\u00e9nov\u00fdm povrchom. Ve\u013ek\u00e9 spodn\u00e9 ricasso chr\u00e1ni ruku pred sk\u013aznut\u00edm po \u010depeli. Ricasso po celej d\u013a\u017eke umo\u017e\u0148uje oprie\u0165 prst pred rukov\u00e4\u0165ou, \u010do sa premieta do ove\u013ea presnej\u0161ieho vedenia \u010depele,<\/p>\n<p>Rukov\u00e4\u0165 &#8211; vyroben\u00e1 z Micarty, tlakovo lisovan\u00e9ho pl\u00e1tna so syntetickou \u017eivicou. Text\u00farovan\u00fd povrch oblo\u017eenia pre pohodln\u00e9 uchopenie. Rukov\u00e4\u0165 bola priskrutkovan\u00e1 priamo k strme\u0148u, v\u010faka \u010domu bola cel\u00e1 kon\u0161trukcia ve\u013emi tuh\u00e1 a odoln\u00e1.<\/p>\n<p>Po\u0161va &#8211; ru\u010dne \u0161it\u00e1, z pr\u00edrodnej hnedej ko\u017ee s vyrazen\u00fdm logom v\u00fdrobcu. Uchytenie na opasok alebo na brnenie umo\u017e\u0148uje nosi\u0165 n\u00f4\u017e vo vzpriamenej polohe.<\/p>\n<p>Skupina Muela je v s\u00fa\u010dasnosti jednou z popredn\u00fdch spolo\u010dnost\u00ed v oblasti ru\u010dnej v\u00fdroby loveck\u00fdch no\u017eov ako v \u0160panielsku, tak po celom svete a jej no\u017ee a vreckov\u00e9 no\u017ee s\u00fa vysoko cenen\u00e9 pre svoju \u0161pi\u010dkov\u00fa kvalitu spracovania.<\/p>\n<p>Technick\u00e9 d\u00e1ta:<\/p>\n<p>\u010c\u00edslo produktu: JABALI-17G<br \/>\nN\u00e1zov produktu: Jabali Brown Micarta, Satin<\/p>\n<p>Celkov\u00e1 d\u013a\u017eka: 30 cm \/ 11,8&#8243;<br \/>\nD\u013a\u017eka \u010depele: 17 cm \/ 6,69&#8243;<br \/>\nD\u013a\u017eka rukov\u00e4te: 13 cm \/ 5,12&#8243;<br \/>\nHr\u00fabka \u010depele: 0.45 cm \/ 0,18&#8243;<br \/>\nHr\u00fabka rukov\u00e4te: nd<br \/>\nHmotnos\u0165: 371,0 g \/ 13,1 oz<\/p>\n<p>Materi\u00e1l \u010depele: X50CrMoV15<br \/>\nTvrdos\u0165 \u010depele: nd<br \/>\nBr\u00fasenie \u010depele: Dut\u00e9<br \/>\nPovrchov\u00e1 \u00faprava \u010depele: sat\u00e9n<\/p>\n<p>Materi\u00e1l rukov\u00e4te: Micarta<br \/>\nFarba povrchovej \u00fapravy rukov\u00e4te: Hned\u00e1<\/p>\n<p>Po\u0161va (p\u00fazdro): Ko\u017ea<br \/>\n\u010eal\u0161ie pr\u00edslu\u0161enstvo: \u017diadne<\/p>\n<p>Dizajn\u00e9r: Muela<br \/>\nN\u00e1zov zna\u010dky: Muela<br \/>\nV\u00fdrobca: Manufacturas Muela, SA, \u0160panielsko<br \/>\nKrajina p\u00f4vodu: \u0160panielsko<\/p>\n<p>&nbsp;<\/p>\n","protected":false},"excerpt":{"rendered":"<p><strong>Jabali Brown Micarta, sat\u00e9nov\u00fd po\u013eovn\u00fd n\u00f4\u017e s pevnou \u010depe\u013eou od Muela s profilom Drop Point. Vysok\u00e1 kvalita, starostliv\u00e9 detaily, n\u00f4\u017e pre zberate\u013eov, loveck\u00e9 nad\u0161encov.<\/strong><\/p>\n","protected":false},"featured_media":353568,"comment_status":"open","ping_status":"closed","template":"","meta":[],"pwb-brand":[3910],"product_brand":[],"product_cat":[3186,3187],"product_tag":[3668],"class_list":{"0":"post-353597","1":"product","2":"type-product","3":"status-publish","4":"has-post-thumbnail","6":"pwb-brand-muela-sk","7":"product_cat-noze-sk","8":"product_cat-pevne-noze-sk","9":"product_tag-b2b-sk","11":"first","12":"instock","13":"taxable","14":"shipping-taxable","15":"purchasable","16":"product-type-simple"},"brands":[{"id":3910,"name":"Muela","slug":"muela-sk"}],"_links":{"self":[{"href":"https:\/\/www.moskito.cz\/sk\/wp-json\/wp\/v2\/product\/353597","targetHints":{"allow":["GET"]}}],"collection":[{"href":"https:\/\/www.moskito.cz\/sk\/wp-json\/wp\/v2\/product"}],"about":[{"href":"https:\/\/www.moskito.cz\/sk\/wp-json\/wp\/v2\/types\/product"}],"replies":[{"embeddable":true,"href":"https:\/\/www.moskito.cz\/sk\/wp-json\/wp\/v2\/comments?post=353597"}],"wp:featuredmedia":[{"embeddable":true,"href":"https:\/\/www.moskito.cz\/sk\/wp-json\/wp\/v2\/media\/353568"}],"wp:attachment":[{"href":"https:\/\/www.moskito.cz\/sk\/wp-json\/wp\/v2\/media?parent=353597"}],"wp:term":[{"taxonomy":"pwb-brand","embeddable":true,"href":"https:\/\/www.moskito.cz\/sk\/wp-json\/wp\/v2\/pwb-brand?post=353597"},{"taxonomy":"product_brand","embeddable":true,"href":"https:\/\/www.moskito.cz\/sk\/wp-json\/wp\/v2\/product_brand?post=353597"},{"taxonomy":"product_cat","embeddable":true,"href":"https:\/\/www.moskito.cz\/sk\/wp-json\/wp\/v2\/product_cat?post=353597"},{"taxonomy":"product_tag","embeddable":true,"href":"https:\/\/www.moskito.cz\/sk\/wp-json\/wp\/v2\/product_tag?post=353597"}],"curies":[{"name":"wp","href":"https:\/\/api.w.org\/{rel}","templated":true}]}}