{"id":353648,"date":"2023-07-17T13:53:31","date_gmt":"2024-07-19T08:36:26","guid":{"rendered":"https:\/\/www.moskito.cz\/produkt\/pevny-noz-muela-mirage-18\/"},"modified":"2025-05-07T11:22:02","modified_gmt":"2025-05-07T10:22:02","slug":"pevny-noz-muela-mirage-18","status":"publish","type":"product","link":"https:\/\/www.moskito.cz\/sk\/produkt\/pevny-noz-muela-mirage-18\/","title":{"rendered":"Pevn\u00fd N\u00f4\u017e Muela MIRAGE-18"},"content":{"rendered":"<p>Pevn\u00fd N\u00f4\u017e <strong>Muela<\/strong> MIRAGE-18<\/p>\n<p>Univerz\u00e1lny n\u00f4\u017e <strong>MIRAGE-18<\/strong> s pevnou \u010depe\u013eou, ktor\u00fd si ob\u013e\u00fabite od prv\u00e9ho poh\u013eadu. Rad MIRAGE je jedn\u00fdm z najzn\u00e1mej\u0161\u00edch no\u017eov \u0161panielskej spolo\u010dnosti Muela. Extr\u00e9mne univerz\u00e1lny s mas\u00edvnou \u010depe\u013eou, bez predsudkov vydr\u017e\u00ed ak\u00fako\u013evek pr\u00e1cu za v\u0161etk\u00fdch podmienok. Vynikaj\u00faci n\u00f4\u017e na pre\u017eitie, bude fungova\u0165 ako taktick\u00fd a po\u013eovn\u00fd n\u00f4\u017e na kempovanie.<\/p>\n<p>\u010cepe\u013e &#8211; s profilom Clip Point, hr\u00fabka 4,6 mm. Vyroben\u00e9 z nehrdzavej\u00facej, trvanlivej nerezovej ocele 420H so zv\u00fd\u0161en\u00fdm obsahom uhl\u00edka a vysokou r\u00e1zovou h\u00fa\u017eevnatos\u0165ou, kalen\u00e9 v rozmedz\u00ed 54-58 HRC. \u010cepe\u013e je pokryt\u00e1 antireflexnou vrstvou Satin Finish (polomatn\u00e1), ktor\u00e1 eliminuje odlesky. Hladk\u00e1 \u010depe\u013e typu Plain, vyroben\u00e1 s konk\u00e1vnym v\u00fdbrusom (Hollow grind), zais\u0165uje dobr\u00e9 rezn\u00e9 vlastnosti. Obojstrann\u00fd kr\u00ed\u017eov\u00fd chr\u00e1ni\u010d na z\u00e1kladni \u010depele zabra\u0148uje sk\u013aznutiu ruky na \u010depe\u013e.<\/p>\n<p>&nbsp;<\/p>\n<p>Rukov\u00e4\u0165 &#8211; pokryt\u00e1 pru\u017en\u00fdm vr\u00fabkovan\u00fdm elastom\u00e9rov\u00fdm pl\u00e1\u0161\u0165om v \u010diernej farbe. M\u00e4kk\u00e1 gumov\u00e1 rukov\u00e4\u0165 zaru\u010duje ve\u013emi dobr\u00fd \u00fachop, n\u00f4\u017e sa ne\u0161m\u00fdka z ruky a pevn\u00fd a pevn\u00fd \u00fachop umo\u017e\u0148uje presn\u00e9 pohyby s no\u017eom. V zadnej \u010dasti rukov\u00e4te je zv\u00e4\u010d\u0161en\u00fd otvor pre lano.<\/p>\n<p>&nbsp;<\/p>\n<p>Puzdro &#8211; \u010dierne. Vyroben\u00e9 z pr\u00edrodnej ko\u017ee, upevnen\u00e9 na z\u00e1padku na bezpe\u010dn\u00e9 pren\u00e1\u0161anie no\u017ea. Okraje po\u0161vy boli ob\u0161it\u00e9 ozdobnou ni\u0165ou. Na prednej strane je vyrazen\u00e9 logo v\u00fdrobcu. Po\u0161va je pripevnen\u00e1 k opasku alebo pr\u00edslu\u0161enstvu, ktor\u00e9 umo\u017e\u0148uje nosenie no\u017ea vo zvislej polohe.<\/p>\n<p>Technick\u00e9 d\u00e1ta:<br \/>\n\u010c\u00edslo produktu: MIRAGE-18<br \/>\nTyp ocele: 420H<br \/>\nD\u013a\u017eka \u010depele: 18 cm<br \/>\nHr\u00fabka \u010depele: 0.46 cm<br \/>\nCelkov\u00e1 d\u013a\u017eka: 30.3 cm<br \/>\nHmotnos\u0165: 353 g \/ 12,45 oz<br \/>\n\u010cepe\u013e: Oby\u010dajn\u00e1<br \/>\nTyp \u010depele: Clip Point<br \/>\nTyp rezu: Konk\u00e1vne<br \/>\nTyp rukov\u00e4te: Thermorun<br \/>\nPo\u0161va: Ko\u017ea<br \/>\nV\u00fdrobca: Muela, \u0160panielsko<\/p>\n<p>&nbsp;<\/p>\n","protected":false},"excerpt":{"rendered":"<p><strong>Univerz\u00e1lny n\u00f4\u017e MIRAGE-18 s pevnou \u010depe\u013eou, ktor\u00fd si ob\u013e\u00fabite od prv\u00e9ho poh\u013eadu. Rad MIRAGE je jedn\u00fdm z najzn\u00e1mej\u0161\u00edch no\u017eov \u0161panielskej spolo\u010dnosti Muela.<\/strong><\/p>\n","protected":false},"featured_media":254170,"comment_status":"open","ping_status":"closed","template":"","meta":[],"pwb-brand":[3910],"product_brand":[],"product_cat":[3187,3186],"product_tag":[3668],"class_list":{"0":"post-353648","1":"product","2":"type-product","3":"status-publish","4":"has-post-thumbnail","6":"pwb-brand-muela-sk","7":"product_cat-pevne-noze-sk","8":"product_cat-noze-sk","9":"product_tag-b2b-sk","11":"first","12":"outofstock","13":"taxable","14":"shipping-taxable","15":"purchasable","16":"product-type-simple"},"brands":[{"id":3910,"name":"Muela","slug":"muela-sk"}],"_links":{"self":[{"href":"https:\/\/www.moskito.cz\/sk\/wp-json\/wp\/v2\/product\/353648","targetHints":{"allow":["GET"]}}],"collection":[{"href":"https:\/\/www.moskito.cz\/sk\/wp-json\/wp\/v2\/product"}],"about":[{"href":"https:\/\/www.moskito.cz\/sk\/wp-json\/wp\/v2\/types\/product"}],"replies":[{"embeddable":true,"href":"https:\/\/www.moskito.cz\/sk\/wp-json\/wp\/v2\/comments?post=353648"}],"wp:featuredmedia":[{"embeddable":true,"href":"https:\/\/www.moskito.cz\/sk\/wp-json\/wp\/v2\/media\/254170"}],"wp:attachment":[{"href":"https:\/\/www.moskito.cz\/sk\/wp-json\/wp\/v2\/media?parent=353648"}],"wp:term":[{"taxonomy":"pwb-brand","embeddable":true,"href":"https:\/\/www.moskito.cz\/sk\/wp-json\/wp\/v2\/pwb-brand?post=353648"},{"taxonomy":"product_brand","embeddable":true,"href":"https:\/\/www.moskito.cz\/sk\/wp-json\/wp\/v2\/product_brand?post=353648"},{"taxonomy":"product_cat","embeddable":true,"href":"https:\/\/www.moskito.cz\/sk\/wp-json\/wp\/v2\/product_cat?post=353648"},{"taxonomy":"product_tag","embeddable":true,"href":"https:\/\/www.moskito.cz\/sk\/wp-json\/wp\/v2\/product_tag?post=353648"}],"curies":[{"name":"wp","href":"https:\/\/api.w.org\/{rel}","templated":true}]}}