{"id":353738,"date":"2024-07-19T12:12:03","date_gmt":"2024-07-19T11:13:13","guid":{"rendered":"https:\/\/www.moskito.cz\/produkt\/pevny-noz-muela-caribu\/"},"modified":"2025-05-07T11:22:05","modified_gmt":"2025-05-07T10:22:05","slug":"pevny-noz-muela-caribu","status":"publish","type":"product","link":"https:\/\/www.moskito.cz\/sk\/produkt\/pevny-noz-muela-caribu\/","title":{"rendered":"Pevn\u00fd N\u00f4\u017e Muela CARIBU"},"content":{"rendered":"<p>Pevn\u00fd N\u00f4\u017e <strong>Muela<\/strong> CARIBU.<\/p>\n<p>No\u017ee <strong>Muela<\/strong> s\u00fa produkciou \u0161panielskej firmy, ktor\u00e1 vyr\u00e1ba cenovo prijate\u013en\u00e9 a kvalitn\u00e9 loveck\u00e9 no\u017ee, zatv\u00e1racie no\u017ee, luxusn\u00e9 no\u017ee a mnoh\u00e9 \u010fal\u0161ie.<\/p>\n<p>Tento n\u00f4\u017e m\u00e1 \u010depe\u013e v tradi\u010dnom tvare \u010depele \u0161panielskej po\u013eovn\u00edckej d\u00fdky s ploch\u00fdm povrchom uprostred a miernym dut\u00fdm br\u00fasen\u00edm na oboch stran\u00e1ch. \u010cepe\u013e z nerezovej molybd\u00e9n-van\u00e1diovej ocele prech\u00e1dza ako okr\u00fahly hrot rukov\u00e4t\u00ed a je tam priskrutkovan\u00e1. Rukov\u00e4\u0165 v\u00e1hy s\u00fa vyroben\u00e9 z dreva pakka. Koncov\u00e1 hlavica a z\u00e1\u0161tita s\u00fa vyroben\u00e9 z mosadze. Dod\u00e1va sa s vysoko kvalitn\u00fdm ko\u017een\u00fdm puzdrom.<\/p>\n<p>Materi\u00e1l \u010depele: X50CrMoV15 (nerez molybd\u00e9n-van\u00e1diov\u00e1 oce\u013e)<br \/>\nMateri\u00e1l rukov\u00e4te: Pakka Wood<br \/>\nPo\u0161va: Ko\u017ea<br \/>\nD\u013a\u017eka \u010depele: 21 cm<br \/>\nCelkov\u00e1 d\u013a\u017eka: 33 cm<br \/>\nHmotnos\u0165: 340g<\/p>\n<p>&nbsp;<\/p>\n","protected":false},"excerpt":{"rendered":"<p><strong>Tento n\u00f4\u017e m\u00e1 \u010depe\u013e v tradi\u010dnom tvare \u010depele \u0161panielskej po\u013eovn\u00edckej d\u00fdky s ploch\u00fdm povrchom uprostred a miernym dut\u00fdm br\u00fasen\u00edm na oboch stran\u00e1ch.<\/strong><\/p>\n","protected":false},"featured_media":353717,"comment_status":"open","ping_status":"closed","template":"","meta":[],"pwb-brand":[3910],"product_brand":[],"product_cat":[3186,3187],"product_tag":[],"class_list":{"0":"post-353738","1":"product","2":"type-product","3":"status-publish","4":"has-post-thumbnail","6":"pwb-brand-muela-sk","7":"product_cat-noze-sk","8":"product_cat-pevne-noze-sk","10":"first","11":"instock","12":"taxable","13":"shipping-taxable","14":"purchasable","15":"product-type-simple"},"brands":[{"id":3910,"name":"Muela","slug":"muela-sk"}],"_links":{"self":[{"href":"https:\/\/www.moskito.cz\/sk\/wp-json\/wp\/v2\/product\/353738","targetHints":{"allow":["GET"]}}],"collection":[{"href":"https:\/\/www.moskito.cz\/sk\/wp-json\/wp\/v2\/product"}],"about":[{"href":"https:\/\/www.moskito.cz\/sk\/wp-json\/wp\/v2\/types\/product"}],"replies":[{"embeddable":true,"href":"https:\/\/www.moskito.cz\/sk\/wp-json\/wp\/v2\/comments?post=353738"}],"wp:featuredmedia":[{"embeddable":true,"href":"https:\/\/www.moskito.cz\/sk\/wp-json\/wp\/v2\/media\/353717"}],"wp:attachment":[{"href":"https:\/\/www.moskito.cz\/sk\/wp-json\/wp\/v2\/media?parent=353738"}],"wp:term":[{"taxonomy":"pwb-brand","embeddable":true,"href":"https:\/\/www.moskito.cz\/sk\/wp-json\/wp\/v2\/pwb-brand?post=353738"},{"taxonomy":"product_brand","embeddable":true,"href":"https:\/\/www.moskito.cz\/sk\/wp-json\/wp\/v2\/product_brand?post=353738"},{"taxonomy":"product_cat","embeddable":true,"href":"https:\/\/www.moskito.cz\/sk\/wp-json\/wp\/v2\/product_cat?post=353738"},{"taxonomy":"product_tag","embeddable":true,"href":"https:\/\/www.moskito.cz\/sk\/wp-json\/wp\/v2\/product_tag?post=353738"}],"curies":[{"name":"wp","href":"https:\/\/api.w.org\/{rel}","templated":true}]}}