{"id":353991,"date":"2024-08-05T21:44:28","date_gmt":"2024-08-05T20:45:23","guid":{"rendered":"https:\/\/www.moskito.cz\/produkt\/vystrelovaci-noz-microtech-ludt-gen-iii-stonewashed-1136-10bl\/"},"modified":"2025-05-07T11:22:08","modified_gmt":"2025-05-07T10:22:08","slug":"vystrelovaci-noz-microtech-ludt-gen-iii-stonewashed-1136-10bl","status":"publish","type":"product","link":"https:\/\/www.moskito.cz\/sk\/produkt\/vystrelovaci-noz-microtech-ludt-gen-iii-stonewashed-1136-10bl\/","title":{"rendered":"Vystre\u013eovac\u00ed N\u00f4\u017e Microtech LUDT Gen III Stonewashed 1136-10BL"},"content":{"rendered":"<p>Vystre\u013eovac\u00ed N\u00f4\u017e <strong>Microtech<\/strong> LUDT Gen III Stonewashed 1136-10BL. Vylep\u0161en\u00fd <strong>LUDT<\/strong> si zachov\u00e1va ikonick\u00fa estetiku svojho predchodcu a z\u00e1rove\u0148 prin\u00e1\u0161a nieko\u013eko pozoruhodn\u00fdch vylep\u0161en\u00ed. Prepracovan\u00e9 telo je vybaven\u00e9 vlo\u017eenou trak\u010dnou p\u00e1skou 3M a funguje na lo\u017eisk\u00e1ch, \u010do zais\u0165uje e\u0161te hlad\u0161\u00ed chod. Je pozoruhodn\u00e9, \u017ee nov\u00e1 kon\u0161trukcia eliminuje propriet\u00e1rny hardv\u00e9r, \u010do pou\u017e\u00edvate\u013eom umo\u017e\u0148uje jednoduch\u00fa \u00fadr\u017ebu pomocou be\u017en\u00fdch k\u013e\u00fa\u010dov Torx. \u010cepe\u013e si zachov\u00e1va svoju d\u013a\u017eku 3,5&#8243;, \u010do zais\u0165uje, \u017ee zostane rovnako pohodlne prenosn\u00e1 ako jej predchodca. Celkov\u00e1 d\u013a\u017eka: 20.3 cm D\u013a\u017eka v zatvorenom stave: 11.4 cm D\u013a\u017eka \u010depele: 8.9 cm Povrchov\u00e1 \u00faprava \u010depele: Stonewashed \u0160t\u00fdl \u010depele: Tanto \u0160t\u00fdl okraja: Oby\u010dajn\u00fd Materi\u00e1l rukov\u00e4te: Modr\u00fd hlin\u00edk Vreckov\u00fd klip V\u00fdrobca Ref. #: 1136-10BL Krajina p\u00f4vodu: USA https:\/\/youtu.be\/xE9TeOFYEjg  &nbsp;<\/p>\n","protected":false},"excerpt":{"rendered":"<p><strong>V priebehu rokov Microtech\u00ae Knives naplnil v\u00e1\u0161\u0148ou a zru\u010dnos\u0165ou v\u00fdrobu no\u017eov, a\u017e z nich vytvoril takmer umeleck\u00e9 diela, ktor\u00e9 s\u00fa vrcholom funk\u010dnosti. V\u0161etky diely s\u00fa vyroben\u00e9 v USA.<\/strong><br \/>\n<strong>Na v\u0161etky no\u017ee Microtech je do\u017eivotn\u00e1 z\u00e1ruka.<\/strong><\/p>\n<p><strong>Doprava zadarmo.<\/strong><\/p>\n","protected":false},"featured_media":353952,"comment_status":"open","ping_status":"closed","template":"","meta":[],"pwb-brand":[3200],"product_brand":[],"product_cat":[3186,3197],"product_tag":[3668],"class_list":{"0":"post-353991","1":"product","2":"type-product","3":"status-publish","4":"has-post-thumbnail","6":"pwb-brand-microtech-sk","7":"product_cat-noze-sk","8":"product_cat-vystrelovacie-noze-sk","9":"product_tag-b2b-sk","11":"first","12":"outofstock","13":"taxable","14":"shipping-taxable","15":"purchasable","16":"product-type-simple"},"brands":[{"id":3200,"name":"Microtech","slug":"microtech-sk"}],"_links":{"self":[{"href":"https:\/\/www.moskito.cz\/sk\/wp-json\/wp\/v2\/product\/353991","targetHints":{"allow":["GET"]}}],"collection":[{"href":"https:\/\/www.moskito.cz\/sk\/wp-json\/wp\/v2\/product"}],"about":[{"href":"https:\/\/www.moskito.cz\/sk\/wp-json\/wp\/v2\/types\/product"}],"replies":[{"embeddable":true,"href":"https:\/\/www.moskito.cz\/sk\/wp-json\/wp\/v2\/comments?post=353991"}],"wp:featuredmedia":[{"embeddable":true,"href":"https:\/\/www.moskito.cz\/sk\/wp-json\/wp\/v2\/media\/353952"}],"wp:attachment":[{"href":"https:\/\/www.moskito.cz\/sk\/wp-json\/wp\/v2\/media?parent=353991"}],"wp:term":[{"taxonomy":"pwb-brand","embeddable":true,"href":"https:\/\/www.moskito.cz\/sk\/wp-json\/wp\/v2\/pwb-brand?post=353991"},{"taxonomy":"product_brand","embeddable":true,"href":"https:\/\/www.moskito.cz\/sk\/wp-json\/wp\/v2\/product_brand?post=353991"},{"taxonomy":"product_cat","embeddable":true,"href":"https:\/\/www.moskito.cz\/sk\/wp-json\/wp\/v2\/product_cat?post=353991"},{"taxonomy":"product_tag","embeddable":true,"href":"https:\/\/www.moskito.cz\/sk\/wp-json\/wp\/v2\/product_tag?post=353991"}],"curies":[{"name":"wp","href":"https:\/\/api.w.org\/{rel}","templated":true}]}}