{"id":354338,"date":"2024-08-06T20:13:27","date_gmt":"2024-08-06T19:14:26","guid":{"rendered":"https:\/\/www.moskito.cz\/produkt\/zatvaraci-noz-microtech-stitch-169rl-1flta\/"},"modified":"2025-05-07T11:22:15","modified_gmt":"2025-05-07T10:22:15","slug":"zatvaraci-noz-microtech-stitch-169rl-1flta","status":"publish","type":"product","link":"https:\/\/www.moskito.cz\/sk\/produkt\/zatvaraci-noz-microtech-stitch-169rl-1flta\/","title":{"rendered":"Zatv\u00e1rac\u00ed N\u00f4\u017e Microtech Stitch 169RL-1FLTA"},"content":{"rendered":"<p>Zatv\u00e1rac\u00ed N\u00f4\u017e <strong>Microtech<\/strong> Stitch 169RL-1FLTA. <strong>Stitch<\/strong> RAM-LOK, ktor\u00fd bol vydan\u00fd v roku 2023, debutoval s MSI ( <strong>Microtech Standard issue)<\/strong> ako prv\u00fd blade <strong>Microtech<\/strong> s fantastickou technol\u00f3giou RAM-LOK. Tento tvrd\u00fd poh\u013ead na z\u00e1mok prie\u010dnika obsahuje charakteristick\u00fd krokov\u00fd vzor Microtech, ktor\u00fd sa presl\u00e1vil ovl\u00e1dac\u00edmi sp\u00edna\u010dmi radu Ultratech. Ve\u013ek\u00fd v\u00fdrez \u010depele poskytuje dostatok priestoru na sp\u00e4tn\u00e9 \u0161vihnutie prostredn\u00edkom a tie\u017e \u0161tandardn\u00e9 pomal\u00e9 otv\u00e1ranie palcom s rukavicami alebo bez nich. Pokia\u013e v\u00e1m nevyhovuje ani jedno z toho, jednoducho zatiahnite za RAM-LOK a \u010depe\u013e sa otvor\u00ed jednoduch\u00fdm pohybom z\u00e1p\u00e4stia. Hlin\u00edkov\u00e9 rukov\u00e4te s\u00fa hladk\u00e9 a mierne text\u00farovan\u00e9, \u010do poskytuje ve\u013ek\u00fd potenci\u00e1l uchopenia ako v \u0161tandardn\u00fdch, tak aj obr\u00e1ten\u00fdch rukov\u00e4tiach. Robustn\u00fd, odoln\u00fd a vyroben\u00fd v USA; vieme, \u017ee MSI sa r\u00fdchlo stane ob\u013e\u00faben\u00fdm fan\u00fa\u0161ikom medzi v\u0161etk\u00fdmi \u010dlenmi komunity no\u017eov. <strong>Microtech Stitch<\/strong> je kr\u00e1sna taktick\u00e1 spolupr\u00e1ca medzi Tonym Marfione a Sebastijanom Berenjim, zn\u00e1mym aj ako Borka. Vyu\u017e\u00edva \u00fa\u017easn\u00fd Sebastijanov dizajn Stitch a sp\u00e1ja ho s \u00fa\u017easn\u00fdmi otv\u00e1rac\u00edmi mechanizmami Tonyho, aby vytvoril jednu z naj\u00fa\u017easnej\u0161\u00edch produk\u010dn\u00fdch spolupr\u00e1c v\u0161etk\u00fdch \u010dias. 3,625&#8243; \u010depe\u013e s hrotom o\u0161tepu sa vyzna\u010duje ploch\u00fdm br\u00fasen\u00edm a dr\u00e1\u017ekovan\u00edm na n\u00e1jazde prsta a palca pre vynikaj\u00faci n\u00e1kup pri jemnej\u0161\u00edch rezn\u00fdch \u00faloh\u00e1ch. \u0160pecifik\u00e1cia: D\u013a\u017eka \u010depele: 9 cm D\u013a\u017eka v zatvorenom stave: 12.5 cm Celkov\u00e1 d\u013a\u017eka: 21 cm Oce\u013e \u010depele: Nerezov\u00e1 oce\u013e Bohler M390MK \u0160t\u00fdl \u010depele: Spear Point Br\u00fasenie \u010depele: Ploch\u00e9 Povrchov\u00e1 \u00faprava \u010depele: \u010dierna Materi\u00e1l rukov\u00e4te: hned\u00fd oce\u013e Uzamykac\u00ed mechanizmus: RAM-LOK Vreckov\u00e1 spona: Nerezov\u00e1 oce\u013e (vykl\u00e1pacie, prav\u00e9 nosenie) Hmotnos\u0165: 5,50 oz. Dizajn\u00e9r: Sebastijan Berenji a Tony Marfione Vyroben\u00e9 v USA https:\/\/youtu.be\/xE9TeOFYEjg  &nbsp;<\/p>\n","protected":false},"excerpt":{"rendered":"<p><strong>V priebehu rokov Microtech\u00ae Knives naplnil v\u00e1\u0161\u0148ou a zru\u010dnos\u0165ou v\u00fdrobu no\u017eov, a\u017e z nich vytvoril takmer umeleck\u00e9 diela, ktor\u00e9 s\u00fa vrcholom funk\u010dnosti. V\u0161etky diely s\u00fa vyroben\u00e9 v USA.<\/strong><br \/>\n<strong>Na v\u0161etky no\u017ee Microtech je do\u017eivotn\u00e1 z\u00e1ruka.<\/strong><\/p>\n<p><strong>Doprava zadarmo.<\/strong><\/p>\n","protected":false},"featured_media":354292,"comment_status":"open","ping_status":"closed","template":"","meta":[],"pwb-brand":[3200],"product_brand":[],"product_cat":[3186,3233],"product_tag":[3668],"class_list":{"0":"post-354338","1":"product","2":"type-product","3":"status-publish","4":"has-post-thumbnail","6":"pwb-brand-microtech-sk","7":"product_cat-noze-sk","8":"product_cat-zatvaracie-noze","9":"product_tag-b2b-sk","11":"first","12":"instock","13":"taxable","14":"shipping-taxable","15":"purchasable","16":"product-type-simple"},"brands":[{"id":3200,"name":"Microtech","slug":"microtech-sk"}],"_links":{"self":[{"href":"https:\/\/www.moskito.cz\/sk\/wp-json\/wp\/v2\/product\/354338","targetHints":{"allow":["GET"]}}],"collection":[{"href":"https:\/\/www.moskito.cz\/sk\/wp-json\/wp\/v2\/product"}],"about":[{"href":"https:\/\/www.moskito.cz\/sk\/wp-json\/wp\/v2\/types\/product"}],"replies":[{"embeddable":true,"href":"https:\/\/www.moskito.cz\/sk\/wp-json\/wp\/v2\/comments?post=354338"}],"wp:featuredmedia":[{"embeddable":true,"href":"https:\/\/www.moskito.cz\/sk\/wp-json\/wp\/v2\/media\/354292"}],"wp:attachment":[{"href":"https:\/\/www.moskito.cz\/sk\/wp-json\/wp\/v2\/media?parent=354338"}],"wp:term":[{"taxonomy":"pwb-brand","embeddable":true,"href":"https:\/\/www.moskito.cz\/sk\/wp-json\/wp\/v2\/pwb-brand?post=354338"},{"taxonomy":"product_brand","embeddable":true,"href":"https:\/\/www.moskito.cz\/sk\/wp-json\/wp\/v2\/product_brand?post=354338"},{"taxonomy":"product_cat","embeddable":true,"href":"https:\/\/www.moskito.cz\/sk\/wp-json\/wp\/v2\/product_cat?post=354338"},{"taxonomy":"product_tag","embeddable":true,"href":"https:\/\/www.moskito.cz\/sk\/wp-json\/wp\/v2\/product_tag?post=354338"}],"curies":[{"name":"wp","href":"https:\/\/api.w.org\/{rel}","templated":true}]}}