{"id":354494,"date":"2024-08-07T04:37:13","date_gmt":"2024-08-07T03:38:01","guid":{"rendered":"https:\/\/www.moskito.cz\/produkt\/vystrelovaci-noz-microtech-borka-stitch-apocalyptic-169-11ap\/"},"modified":"2025-05-07T11:22:21","modified_gmt":"2025-05-07T10:22:21","slug":"vystrelovaci-noz-microtech-borka-stitch-apocalyptic-169-11ap","status":"publish","type":"product","link":"https:\/\/www.moskito.cz\/sk\/produkt\/vystrelovaci-noz-microtech-borka-stitch-apocalyptic-169-11ap\/","title":{"rendered":"Vystre\u013eovac\u00ed N\u00f4\u017e Microtech\/Borka Stitch Apocalyptic 169-11AP"},"content":{"rendered":"<p>Vystre\u013eovac\u00ed N\u00f4\u017e <strong>Microtech<\/strong> \/Borka Stitch Apocalyptic 169-11AP. Automatick\u00fd <strong>Stitch<\/strong> je kr\u00e1sna taktick\u00e1 spolupr\u00e1ca medzi Tonym Marfione a Sebastijanom Berenjim, AKA Borka. Vyu\u017e\u00edva \u00fa\u017easn\u00fd Sebastijanov dizajn Stitch a sp\u00e1ja ho s \u00fa\u017easn\u00fdm Tonyho automatick\u00fdm otv\u00e1rac\u00edm mechanizmom, aby vytvoril jednu z naj\u00fa\u017easnej\u0161\u00edch produk\u010dn\u00fdch kooper\u00e1ci\u00ed roku 2017. \u010cepe\u013e s hrotom kopije m\u00e1 ploch\u00fd br\u00fasen\u00fd, tmav\u00fd kamenn\u00fd apokalyptick\u00fd povrch a p\u00e1skovanie na prstoch a palcoch rampa pre vynikaj\u00faci n\u00e1kup pri jemnej\u0161\u00edch rezn\u00fdch \u00fakonoch. Rukov\u00e4\u0165 je silne fr\u00e9zovan\u00fd hlin\u00edk s \u010diernym eloxovan\u00fdm povrchom Mil-Spec Hardcoat a \u010do vystre\u013euje ako raketa k tomu, \u017ee sa jedn\u00e1 o AUTO p\u00f4sobiv\u00fd po\u010din Toto je dlho o\u010dak\u00e1van\u00fd produk\u010dn\u00fd model sl\u00e1vneho customu, v\u010faka ktor\u00e9mu m\u00e1te \u0161ancu ma\u0165 n\u00f4\u017e Borka za zlomok ceny. \u0160pecifik\u00e1cia: D\u013a\u017eka \u010depele: 8,5 cm D\u013a\u017eka rukov\u00e4te: 12.5 cm Celkov\u00e1 d\u013a\u017eka: 21 cm Oce\u013e: M390 \u0160t\u00fdl \u010depele: Spear Point Br\u00fasenie \u010depele: Ploch\u00e9 Povrchov\u00e1 \u00faprava \u010depele: Apokalyptick\u00e1 Materi\u00e1l rukov\u00e4te: Fr\u00e9zovan\u00fd hlin\u00edk, elox : Tla\u010didlo Vreckov\u00fd klip: Nerezov\u00e1 oce\u013e (vykl\u00e1pacie, prav\u00e9 nosenie) Hmotnos\u0165: 6,3 oz. Dizajn\u00e9ri: Sebastijan Berenji a Tony Marfione Vyroben\u00e9 v USA https:\/\/youtu.be\/xE9TeOFYEjg  &nbsp;<\/p>\n","protected":false},"excerpt":{"rendered":"<p><strong>V priebehu rokov Microtech\u00ae Knives naplnil v\u00e1\u0161\u0148ou a zru\u010dnos\u0165ou v\u00fdrobu no\u017eov, a\u017e z nich vytvoril takmer umeleck\u00e9 diela, ktor\u00e9 s\u00fa vrcholom funk\u010dnosti. V\u0161etky diely s\u00fa vyroben\u00e9 v USA.<\/strong><br \/>\n<strong>Na v\u0161etky no\u017ee Microtech je do\u017eivotn\u00e1 z\u00e1ruka.<\/strong><\/p>\n<p><strong>Doprava zadarmo.<\/strong><\/p>\n","protected":false},"featured_media":354451,"comment_status":"open","ping_status":"closed","template":"","meta":[],"pwb-brand":[3200],"product_brand":[],"product_cat":[3186,3197],"product_tag":[3668],"class_list":{"0":"post-354494","1":"product","2":"type-product","3":"status-publish","4":"has-post-thumbnail","6":"pwb-brand-microtech-sk","7":"product_cat-noze-sk","8":"product_cat-vystrelovacie-noze-sk","9":"product_tag-b2b-sk","11":"first","12":"instock","13":"taxable","14":"shipping-taxable","15":"purchasable","16":"product-type-simple"},"brands":[{"id":3200,"name":"Microtech","slug":"microtech-sk"}],"_links":{"self":[{"href":"https:\/\/www.moskito.cz\/sk\/wp-json\/wp\/v2\/product\/354494","targetHints":{"allow":["GET"]}}],"collection":[{"href":"https:\/\/www.moskito.cz\/sk\/wp-json\/wp\/v2\/product"}],"about":[{"href":"https:\/\/www.moskito.cz\/sk\/wp-json\/wp\/v2\/types\/product"}],"replies":[{"embeddable":true,"href":"https:\/\/www.moskito.cz\/sk\/wp-json\/wp\/v2\/comments?post=354494"}],"wp:featuredmedia":[{"embeddable":true,"href":"https:\/\/www.moskito.cz\/sk\/wp-json\/wp\/v2\/media\/354451"}],"wp:attachment":[{"href":"https:\/\/www.moskito.cz\/sk\/wp-json\/wp\/v2\/media?parent=354494"}],"wp:term":[{"taxonomy":"pwb-brand","embeddable":true,"href":"https:\/\/www.moskito.cz\/sk\/wp-json\/wp\/v2\/pwb-brand?post=354494"},{"taxonomy":"product_brand","embeddable":true,"href":"https:\/\/www.moskito.cz\/sk\/wp-json\/wp\/v2\/product_brand?post=354494"},{"taxonomy":"product_cat","embeddable":true,"href":"https:\/\/www.moskito.cz\/sk\/wp-json\/wp\/v2\/product_cat?post=354494"},{"taxonomy":"product_tag","embeddable":true,"href":"https:\/\/www.moskito.cz\/sk\/wp-json\/wp\/v2\/product_tag?post=354494"}],"curies":[{"name":"wp","href":"https:\/\/api.w.org\/{rel}","templated":true}]}}